{"id":1216553,"date":"2021-06-08T13:16:58","date_gmt":"2021-06-08T11:16:58","guid":{"rendered":"https:\/\/robin.jobs\/hr\/?page_id=1216553"},"modified":"2026-01-06T00:37:22","modified_gmt":"2026-01-05T23:37:22","slug":"privacy-policy-for-persons-submitting-inquiries-requests-complaints","status":"publish","type":"page","link":"https:\/\/robin.jobs\/hr\/privacy-policy-for-persons-submitting-inquiries-requests-complaints","title":{"rendered":"UAB ROBIN JOBS POLICA PRIVATNOSTI ZA OSOBE KOJE PODNOSE UPITE, ZAHTJEVE, PRITU\u017dBE"},"content":{"rendered":"<p><strong>Posljednji put a\u017eurirano: <\/strong>2021.06.01<\/p>\n<p>UAB Robin Jobs brine o za\u0161titi va\u0161ih podataka. U skladu smo s Op\u0107om Uredbom o Za\u0161titi Podataka Europske Unije (OUZP) i drugim zakonima o za\u0161titi va\u0161ih podataka koje prikupljamo, koristimo i pohranjujemo u na\u0161oj Tvrtki.<\/p>\n<h3>1. Kako trebam pro\u010ditati ovu Policu Privatnosti?<\/h3>\n<p>Ova Polica Privatnosti \u0107e odgovoriti na klju\u010dna pitanja kako prikupljamo, koristimo i pohranjujemo podatke o vama. U slu\u010daju da imate bilo kakva pitanja ili je bilo koji dio ove Obavijesti nejasan, spremni smo vam pomo\u0107i kako je opisano u Odjeljku 10 ove Police Privatnosti. Molimo, imajte na umu da svako upu\u0107ivanje na rije\u010d \u2018\u2019mi\u2019\u2019 u ovoj Polici o Za\u0161titi Podataka predstavlja na\u0161u Tvrtku kako je navedeno u Odjeljku 10 Police Privatnosti.<\/p>\n<h3>2. Tko je odgovoran za za\u0161titu mojih podataka?<\/h3>\n<p>Mi smo \u2013 UAB Robin Jobs;<br \/>\nIdentifikacijska oznaka na\u0161eg pravnog subjekta: 300659719;<br \/>\nNa\u0161a adresa: Naru\u010dio g. 3, Vilnius;<br \/>\nE-po\u0161ta: finance@robin.jobs\/hr.<\/p>\n<h3>3. Za\u0161to prikupljate podatke o meni?<\/h3>\n<p>Prikupljamo, koristimo i pohranjujemo va\u0161e podatke iz sljede\u0107ih razloga:<\/p>\n<ul>\n<li>kako bismo bili u mogu\u0107nosti upravljati dolaznim upitima, zahtjevima i pritu\u017ebama i odgovarati na njih na odgovaraju\u0107i na\u010din;<\/li>\n<li>imamo zakonsku obvezu voditi evidenciju o djelatnostima Tvrtke;<\/li>\n<li>za obranu na\u0161ih legitimnih interesa &#8211; ukoliko je potrebno, mogli bismo koristiti va\u0161e osobne podatke za obranu na\u0161ih legitimnih interesa, uklju\u010duju\u0107i ugled, na sudovima, institucijama za rje\u0161avanje sporova pred sudom i drugim nadle\u017enim tijelima.<\/li>\n<\/ul>\n<h3>4. Koje podatke vam trebam dati i za\u0161to?<\/h3>\n<p>Prilikom podno\u0161enja upita putem kontakt adresa e-po\u0161te navedene na web-stranici, po\u0161tom ili drugim na\u010dinom komunikacije, trebate navesti svoje ime, prezime, e-po\u0161tu ili druge kontakt detalje, predmet upita, kao i informacije relevantne za upit. Nakon podno\u0161enja va\u0161eg upita, od vas \u0107e se mo\u017eda tra\u017eiti da date dodatne podatke o sebi kako bismo mogli odgovoriti na va\u0161 upit na odgovaraju\u0107i na\u010din.<\/p>\n<h3>5. Koja je zakonska osnova za prikupljanje podataka o meni?<\/h3>\n<p>Prikupljamo i pohranjujemo podatke o vama zakonito iz sljede\u0107ih razloga:<\/p>\n<ul>\n<li>ako nam postavite upit, zahtjev ili pritu\u017ebu u vezi ugovora sklopljenog me\u0111u nama ili tra\u017eenja ugovora, ti se podaci sakupljaju radi izvr\u0161enja ili sklapanja ugovora (\u010clanak 6, Stavak 1, To\u010dka b OUZP-a);<\/li>\n<li>ako nam postavite upit, zahtjev ili pritu\u017ebu iz bilo kojeg drugog razloga osim sklapanja ili izvr\u0161enja ugovora, imamo legitimni interes upravljati zaprimljenim upitima (\u010clanak 6, Stavak1, To\u010dka f OUZP-a);<\/li>\n<li>imamo zakonsku obvezu pohranjivanja zaprimljenih upita, zahtjeva i pritu\u017ebi (\u010clanak 6, Stavak 1, To\u010dka c OUZP-a);<\/li>\n<li>imamo legitimni interes za\u0161tititi na\u0161a prava pred sudovima i drugim tijelima (\u010clanak 6, Stavak 1, To\u010dka f OUZP-a).<\/li>\n<\/ul>\n<h3>6. Prikupljate li bilo kakve osjetljive podatke o meni?<\/h3>\n<p>Osjetljivi podaci o vama se ne prikupljaju i, ukoliko nije relevantno za pritu\u017ebu, zahtjev ili upit koje ste napravili ili planirate napraviti, molimo, ne uklju\u010dujte takve informacije. Ukoliko se me\u0111utim pru\u017ee takvi podaci, smatrat \u0107emo da ste dali svoj pristanak na obradu takvih podataka (GDPR \u010clanak 9(2)(a)).<\/p>\n<h3>7. Dijelite li moje podatke s drugim subjektima?<\/h3>\n<p>Podaci o vama mogu se prenijeti:<\/p>\n<ul>\n<li>tvrtkama koje nude legalne usluge i\/ili odvjetni\u010dkim dru\u0161tvima u mjeri potrebnoj za obranu na\u0161ih legitimnih interesa;<\/li>\n<li>sudskim ovr\u0161iteljima u mjeri u kojoj je to potrebno za povrat dodijeljenih iznosa;<\/li>\n<li>pru\u017eateljima na\u0161ih usluga &#8211; pru\u017eateljima komunikacije (e-po\u0161ta) i uslugama skladi\u0161tenja podataka.<\/li>\n<\/ul>\n<h3>8. Koliko dugo pohranjujete moje podatke?<\/h3>\n<p>Va\u0161i podaci \u0107e biti pohranjeni:<\/p>\n<ul>\n<li>ukoliko se va\u0161 upit odnosi na ugovor kojeg smo sklopili ili planiramo zaklju\u010diti, va\u0161i podaci \u0107e biti pohranjeni 10 godina nakon zavr\u0161etka ugovora;<\/li>\n<li>ukoliko ste dostavili pritu\u017ebu, zahtjev ili bilo kakav drugi upit za nas, koji nije vezan uz zaklju\u010denje ugovora ili izvedbu, zadr\u017eat \u0107emo ih 1 godinu nakon odluke koja je donesena u na\u0161oj tvrtki;<\/li>\n<li>dokumenti dostavljeni sudovima ili drugim institucijama za rje\u0161avanje sporova ili institucijama za provedbu zakona \u010duvaju se 1 godinu nakon zavr\u0161ne odluke;<\/li>\n<li>nalozi za izvr\u0161enje sudskih i ovr\u0161nih aran\u017emana \u010duvaju se 10 godina nakon zavr\u0161etka pla\u0107anja.<\/li>\n<\/ul>\n<h3>9. Koje mjere mogu poduzeti glede mojih podataka u va\u0161oj tvrtki?<\/h3>\n<p>Kako biste poduzeli bilo kakve mjere navedene u nastavku, molimo da nas kontaktirate kako je navedeno u Odjeljku 10. Molimo imajte na umu da ova prava mogu biti predmet zakonskim iznimkama i ograni\u010denjima.<\/p>\n<ul>\n<li>Pravo zahtijevati pristup informacijama koje imamo o vama, ukoliko obra\u0111ujemo va\u0161e osobne podatke koje omogu\u0107avaju va\u0161u identifikaciju;<\/li>\n<li>Pravo zahtijevati ispravak ili dopunu va\u0161ih podataka;<\/li>\n<li>Pravo zahtijevati brisanje va\u0161ih podataka gdje:\n<ul>\n<li>va\u0161i podaci se obra\u0111uju na temelju va\u0161eg pristanka;<\/li>\n<li>va\u0161i podaci su obra\u0111eni nezakonski;<\/li>\n<li>va\u0161i podaci se obra\u0111uju na temelju na\u0161eg legitimnog interesa kojeg opovrgavate;<\/li>\n<li>va\u0161i podaci vi\u0161e nisu potrebni glede svrhe u koju su sakupljani;<\/li>\n<li>imamo zakonsku obvezu obrisati va\u0161e podatke;<\/li>\n<\/ul>\n<\/li>\n<li>Pravo zahtijevati ograni\u010davanje obrade va\u0161ih podataka kad osporavate to\u010dnost podataka ili kad se predmet u obradi podataka ne podudara s brisanjem nezakonito obra\u0111enih podataka o vama ili kad su vam potrebni podaci za uspostavu, vje\u017ebu ili obranu pravnih zahtjeva;<\/li>\n<li>Pravo na osporavanje prikupljanja, kori\u0161tenja i pohranjivanja va\u0161ih podataka u na\u0161oj tvrtki gdje obra\u0111ujemo va\u0161e podatke na temelju legitimnog interesa;<\/li>\n<li>Pravo da zatra\u017eite izvoz vlastitih podataka gdje ste nam pru\u017eili podatke u strukturiranom, uobi\u010dajeno kori\u0161tenom formatu i dali pristanak na obradu takvih podataka ili gdje mi moramo obraditi takve podatke zbog izvr\u0161avanja ugovora s vama;<\/li>\n<li>Pravo da povu\u010dete svoj pristanak na kori\u0161tenje osobnih podataka u bilo koje vrijeme;<\/li>\n<li>Pravo da podnesete pritu\u017ebu Dr\u017eavnoj Inspekciji za Za\u0161titu Podataka (za vi\u0161e podataka, pogledajte vdai.lrv.lt).<\/li>\n<\/ul>\n<h3>10. Kako mi mo\u017eete pomo\u0107i?<\/h3>\n<p>Ukoliko imate bilo kakva pitanja, osvrte ili pritu\u017ebe vezano uz kako prikupljamo, koristimo i pohranjujemo podatke o vama, spremni smo vam pomo\u0107i. Ukoliko vam treba bilo kakva pomo\u0107, kontaktirajte nas putem e-po\u0161te finance@robin.jobs\/hr.<\/p>\n","protected":false},"excerpt":{"rendered":"<p>Posljednji put a\u017eurirano: 2021.06.01 UAB Robin Jobs brine o za\u0161titi va\u0161ih podataka. U skladu smo s Op\u0107om Uredbom o Za\u0161titi Podataka Europske Unije (OUZP) i drugim zakonima o za\u0161titi va\u0161ih podataka koje prikupljamo, koristimo i pohranjujemo u na\u0161oj Tvrtki. 1. Kako trebam pro\u010ditati ovu Policu Privatnosti? Ova Polica Privatnosti \u0107e odgovoriti na klju\u010dna pitanja kako&#8230;<\/p>\n","protected":false},"author":1,"featured_media":0,"parent":0,"menu_order":0,"comment_status":"closed","ping_status":"closed","template":"page-templates\/privacy-policy.php","meta":{"_acf_changed":false,"inline_featured_image":false,"footnotes":""},"class_list":["post-1216553","page","type-page","status-publish","hentry"],"acf":[],"_links":{"self":[{"href":"https:\/\/robin.jobs\/hr\/wp-json\/wp\/v2\/pages\/1216553","targetHints":{"allow":["GET"]}}],"collection":[{"href":"https:\/\/robin.jobs\/hr\/wp-json\/wp\/v2\/pages"}],"about":[{"href":"https:\/\/robin.jobs\/hr\/wp-json\/wp\/v2\/types\/page"}],"author":[{"embeddable":true,"href":"https:\/\/robin.jobs\/hr\/wp-json\/wp\/v2\/users\/1"}],"replies":[{"embeddable":true,"href":"https:\/\/robin.jobs\/hr\/wp-json\/wp\/v2\/comments?post=1216553"}],"version-history":[{"count":4,"href":"https:\/\/robin.jobs\/hr\/wp-json\/wp\/v2\/pages\/1216553\/revisions"}],"predecessor-version":[{"id":1258866,"href":"https:\/\/robin.jobs\/hr\/wp-json\/wp\/v2\/pages\/1216553\/revisions\/1258866"}],"wp:attachment":[{"href":"https:\/\/robin.jobs\/hr\/wp-json\/wp\/v2\/media?parent=1216553"}],"curies":[{"name":"wp","href":"https:\/\/api.w.org\/{rel}","templated":true}]}}