{"id":1216544,"date":"2021-06-08T12:07:26","date_gmt":"2021-06-08T10:07:26","guid":{"rendered":"https:\/\/robin.jobs\/hr\/?page_id=1216544"},"modified":"2025-11-01T04:01:17","modified_gmt":"2025-11-01T03:01:17","slug":"cookie-policy","status":"publish","type":"page","link":"https:\/\/robin.jobs\/hr\/cookie-policy","title":{"rendered":"UAB ROBIN JOBS POLICA KOLA\u010cI\u0106A"},"content":{"rendered":"<p>Posljednji put a\u017eurirano: 2021.06.01<\/p>\n<h3>1. \u0160to su kola\u010di\u0107i?<\/h3>\n<p>Kola\u010di\u0107i su male tekstualne datoteke pohranjene u pretra\u017eiva\u010du va\u0161eg ure\u0111aja (naprimjer kompjutera, mobilnog ure\u0111aja, tableta) kad pregledavate web-stranice. Druge tehnologije, uklju\u010duju\u0107i podatke pohranjene u va\u0161em pretra\u017eiva\u010du ili ure\u0111aju, identifikatore koji se odnose na va\u0161 ure\u0111aj i druge softvere, se koriste u sli\u010dne svrhe. Kola\u010di\u0107i se koriste na \u0161iroko kako bi omogu\u0107ili izvedbu web-stranice ili u\u010dinili njenu izvedbu boljom i u\u010dinkovitijom. Sve gore navedene tehnologije se upu\u0107uju na \u2018\u2019kola\u010di\u0107e\u2019\u2019 u ovoj Polici.<\/p>\n<h3>2. Za\u0161to koristite kola\u010di\u0107e?<\/h3>\n<p>Koristimo kola\u010di\u0107e:<\/p>\n<ul>\n<li>kako bi nastavili pobolj\u0161ati web-stranicu kako bi vam bila privla\u010dnija;<\/li>\n<li>kako bi pratili i analizirali trendove posjeta na na\u0161oj web-stranici;<\/li>\n<li>kako bi analizirali kako potro\u0161a\u010di koriste na\u0161u web-stranicu;<\/li>\n<li>kako bi osigurali pravilan rad web-stranice i njenih funkcija;<\/li>\n<li>kako bi u\u010dinili marketing u\u010dinkovitijim;<\/li>\n<li>kako bi prikazali YouTube videa na na\u0161oj web-stranici;<\/li>\n<li>kako bi zapamtili va\u0161 izbor jezika za web-stranicu;<\/li>\n<li>kako bi obavijestili o kola\u010di\u0107ima na na\u0161oj web-stranici na odgovaraju\u0107i na\u010din.<\/li>\n<\/ul>\n<h3>3. Koje vrste kola\u010di\u0107a postoje?<\/h3>\n<h4>(a) Strogo potrebni kola\u010di\u0107i<\/h4>\n<p>Ovakvi kola\u010di\u0107i su potrebni na web-stranici kako bi korisnik mogao pretra\u017eivati i koristiti funkcije web-stranice, naprimjer pamtiti podatke unesene u obrasce kad korisnik prelazi s jedne stranice na drugu tijekom sesije pregledavanja. Bez strogo potrebnih kola\u010di\u0107a, odre\u0111ene usluge web-stranice bi bile nemogu\u0107e i web-stranica ne bi funkcionirala tako glatko kako bi trebala. Takvi kola\u010di\u0107i ne sakupljaju bilo kakve podatke u marketin\u0161ke svrhe i ne snimaju va\u0161e posjete na mre\u017ei.<\/p>\n<h4>(b) Analiti\u010dki kola\u010di\u0107i<\/h4>\n<p>Analiti\u010dki kola\u010di\u0107i prikupljaju podatke o kori\u0161tenju web-stranice i poma\u017eu pobolj\u0161ati njeno funkcioniranje. Naprimjer, analiti\u010dki kola\u010di\u0107i mogu pokazati koje se stranice naj\u010de\u0161\u0107e posje\u0107uju, pomo\u0107i registrirati gre\u0161ke na web-stranici ili pokazati korisnost ogla\u0161avanja prikazanog na web-stranici. Analiti\u010dki kola\u010di\u0107i ne prikupljaju osobne podatke o posjetiteljima i sve informacije koje kola\u010di\u0107i sakupe su zbrojeni i anonimni.<\/p>\n<h4>(c) Funkcionalni kola\u010di\u0107i<\/h4>\n<p>Funkcionalni kola\u010di\u0107i dopu\u0161taju web-stranici da zapamti va\u0161e izbore i ponudi pobolj\u0161ane funkcije koje su prilago\u0111enije va\u0161im potrebama. Funkcionalni kola\u010di\u0107i tako\u0111er pamte promjene koje radite, naprimjer, individualne postavke na odre\u0111enoj web-stranici, kao i u drugim slu\u010dajevima, naprimjer kad gledate video i ostavite komentar na na\u0161oj web-stranici. Funkcionalni kola\u010di\u0107i ne prate va\u0161e postupke na drugim web-stranicama.<\/p>\n<h4>(d)Ogla\u0161iva\u010dki kola\u010di\u0107i<\/h4>\n<p>Ogla\u0161iva\u010dki kola\u010di\u0107i omogu\u0107uju prikazivanje zanimljivijih oglasa kako bi bolje zadovoljili va\u0161e interese ili ograni\u010denje oglasa u istoj vrsti oglasa na web-stranici koju posje\u0107ujete. Ovakva vrsta kola\u010di\u0107a se tako\u0111er koristi za procjenu u\u010dinkovitosti kampanje. Takvi se kola\u010di\u0107i mogu koristiti za pam\u0107enje onog \u0161to ste radili na web-stranici.<\/p>\n<h3>4. Koje kola\u010di\u0107e koristimo?<\/h3>\n<p>Koristimo sljede\u0107e kola\u010di\u0107e na na\u0161oj web-stranici:<\/p>\n<table id=\"customers\">\n<tbody>\n<tr>\n<th>KATEGORIJA KOLA\u010cI\u0106A<\/th>\n<th>NAZIV KOLA\u010cI\u0106A<\/th>\n<th>VRIJEME VALJANOSTI KOLA\u010cI\u0106A<\/th>\n<th>SVRHA KOLA\u010cI\u0106A<\/th>\n<\/tr>\n<tr>\n<td rowspan=\"2\">Analiti\u010dki kola\u010di\u0107i<\/td>\n<td>_ga<\/td>\n<td>2 godine<\/td>\n<td rowspan=\"2\">Google kola\u010di\u0107i prve strane koji se koriste za prikupljanje informacija o posjetima web-stranici i kako na\u0161i posjetitelji koriste web-stranicu. Kola\u010di\u0107i prikupljaju podatke, poput broja posjetitelja na web-stranici, podatke o web-stranici odakle posjetitelji dolaze, stranicama posje\u0107enim na web-stranici, pretra\u017eiva\u010du kori\u0161tenom za pretra\u017eivanje, operacijskom sustavu, itd.<\/td>\n<\/tr>\n<tr>\n<td>_ga_xxxxxxxxxx<\/td>\n<td>2 godine<\/td>\n<\/tr>\n<tr>\n<td rowspan=\"2\">Funkcionalni kola\u010di\u0107i<\/td>\n<td>cookieBannerDisplayed<\/td>\n<td>Until the end of the browsing session<\/td>\n<td>Za obavijesti o kori\u0161tenju kola\u010di\u0107a<\/td>\n<\/tr>\n<tr>\n<td>public_lang<\/td>\n<td>181\u00a0days<\/td>\n<td>Za pam\u0107enje kori\u0161tenog jezika na web-stranici.<\/td>\n<\/tr>\n<tr>\n<td rowspan=\"15\">Advertising cookies<\/td>\n<td>dpr<\/td>\n<td>7 days<\/td>\n<td>Facebook kola\u010di\u0107 tre\u0107e strane za prezentaciju oglasa, mjerenje konverzije ogla\u0161avanja i pobolj\u0161anje relevantnosti oglasa.<\/td>\n<\/tr>\n<tr>\n<td>fr<\/td>\n<td>90 days<\/td>\n<td>DoubleClick kola\u010di\u0107 tre\u0107e strane za identificiranje podr\u017eava li kola\u010di\u0107e pretra\u017eiva\u010d kojeg posjetitelj koristi.<\/td>\n<\/tr>\n<tr>\n<td>IDE<\/td>\n<td>390 days<\/td>\n<td>Ovi kola\u010di\u0107i se spremaju putem prenesenih YouTube videa. Oni registriraju anonimne statisti\u010dke podatke, naprimjer, koliko je puta video pu\u0161ten i koje se postavke koriste za reprodukciju. Ne sakupljaju se nikakvi osjetljivi podaci i, ukoliko niste ulogirani na Google ra\u010dun, va\u0161e akcije su povezane s va\u0161im Google ra\u010dunom, naprimjer, ukoliko kliknete \u2018\u2019svi\u0111a mi se\u2019\u2019 na videu.<\/td>\n<\/tr>\n<tr>\n<td>test_cookie<\/td>\n<td>Several seconds<\/td>\n<td>Kako biste dobili vi\u0161e informacija, pro\u010ditajte Google-ovu Politiku Privatnosti.<\/td>\n<\/tr>\n<tr>\n<td>1P_JAR<\/td>\n<td>30 <span style=\"font-weight: 400;\">dana<\/span><\/td>\n<td rowspan=\"10\">Ovi kola\u010di\u0107i se spremaju putem prenesenih YouTube videa. Oni registriraju anonimne statisti\u010dke podatke, naprimjer, koliko je puta video pu\u0161ten i koje se postavke koriste za reprodukciju. Ne sakupljaju se nikakvi osjetljivi podaci i, ukoliko niste ulogirani na Google ra\u010dun, va\u0161e akcije su povezane s va\u0161im Google ra\u010dunom, naprimjer, ukoliko kliknete \u2018\u2019svi\u0111a mi se\u2019\u2019 na videu.<\/p>\n<p>Kako biste dobili vi\u0161e informacija, pro\u010ditajte Google-ovu Politiku Privatnosti.<span style=\"font-family: inherit; font-size: inherit;\">\u00a0<\/span><a style=\"font-family: inherit; font-size: inherit;\" href=\"https:\/\/policies.google.com\/privacy?hl=en-US\" target=\"_blank\" rel=\"noopener\">Google Privacy Policy<\/a><span style=\"font-family: inherit; font-size: inherit;\">.<\/span><\/td>\n<\/tr>\n<tr>\n<td>NID<\/td>\n<td>6 <span style=\"font-weight: 400;\">mjeseci<\/span><\/td>\n<\/tr>\n<tr>\n<td>__Secure-3PSIDCC<\/td>\n<td>2 <span style=\"font-weight: 400;\">\u00a0godine<\/span><\/td>\n<\/tr>\n<tr>\n<td>__Secure-3PAPISID<\/td>\n<td>2 <span style=\"font-weight: 400;\">\u00a0godine<\/span><\/td>\n<\/tr>\n<tr>\n<td>__Secure-3PSID<\/td>\n<td>2 <span style=\"font-weight: 400;\">\u00a0godine<\/span><\/td>\n<\/tr>\n<tr>\n<td>CONSENT<\/td>\n<td>200 <span style=\"font-weight: 400;\">mjeseci<\/span><\/td>\n<\/tr>\n<tr>\n<td>GPS<\/td>\n<td>30 <span style=\"font-weight: 400;\">minuta<\/span><\/td>\n<\/tr>\n<tr>\n<td>PREF<\/td>\n<td>2 <span style=\"font-weight: 400;\">godine<\/span><\/td>\n<\/tr>\n<tr>\n<td>VISITOR_INFO1_LIVE<\/td>\n<td>6 <span style=\"font-weight: 400;\">mjeseci<\/span><\/td>\n<\/tr>\n<tr>\n<td>YSC<\/td>\n<td><span style=\"font-weight: 400;\">Do kraja sesije pretra\u017eivanja<\/span><\/td>\n<\/tr>\n<tr>\n<td>_fbp<\/td>\n<td>6 <span style=\"font-weight: 400;\">mjeseci<\/span><\/td>\n<td>Facebook kola\u010di\u0107 prve strane kori\u0161ten za prezentaciju na\u0161ih oglasa na Facebooku.<\/td>\n<\/tr>\n<\/tbody>\n<\/table>\n<h3>5. Kako mogu kontrolirati kola\u010di\u0107e?<\/h3>\n<p>Mo\u017eete kontrolirati kori\u0161tenje kola\u010di\u0107a tako \u0161to \u0107ete promijeniti postavke va\u0161eg pretra\u017eiva\u010da. Vi\u0161e informacija je dostupno na web-stranici pru\u017eatelja pretra\u017eiva\u010da kojeg koristite.<\/p>\n<p>Molimo imajte na umu da brisanje kola\u010di\u0107a ili onemogu\u0107avanje kola\u010di\u0107a za budu\u0107u upotrebu mo\u017ee u\u010diniti odre\u0111ene dijelove ili funkcije na\u0161e web-stranice nedostupnima. Ukoliko promijenite postavke kola\u010di\u0107a, to \u0107e tako\u0111er imati utjecaj na druge web-stranice koje posjetite.<\/p>\n","protected":false},"excerpt":{"rendered":"<p>Posljednji put a\u017eurirano: 2021.06.01 1. \u0160to su kola\u010di\u0107i? Kola\u010di\u0107i su male tekstualne datoteke pohranjene u pretra\u017eiva\u010du va\u0161eg ure\u0111aja (naprimjer kompjutera, mobilnog ure\u0111aja, tableta) kad pregledavate web-stranice. Druge tehnologije, uklju\u010duju\u0107i podatke pohranjene u va\u0161em pretra\u017eiva\u010du ili ure\u0111aju, identifikatore koji se odnose na va\u0161 ure\u0111aj i druge softvere, se koriste u sli\u010dne svrhe. Kola\u010di\u0107i se koriste na&#8230;<\/p>\n","protected":false},"author":1,"featured_media":0,"parent":0,"menu_order":0,"comment_status":"closed","ping_status":"closed","template":"page-templates\/privacy-policy.php","meta":{"_acf_changed":false,"inline_featured_image":false,"footnotes":""},"class_list":["post-1216544","page","type-page","status-publish","hentry"],"acf":[],"_links":{"self":[{"href":"https:\/\/robin.jobs\/hr\/wp-json\/wp\/v2\/pages\/1216544","targetHints":{"allow":["GET"]}}],"collection":[{"href":"https:\/\/robin.jobs\/hr\/wp-json\/wp\/v2\/pages"}],"about":[{"href":"https:\/\/robin.jobs\/hr\/wp-json\/wp\/v2\/types\/page"}],"author":[{"embeddable":true,"href":"https:\/\/robin.jobs\/hr\/wp-json\/wp\/v2\/users\/1"}],"replies":[{"embeddable":true,"href":"https:\/\/robin.jobs\/hr\/wp-json\/wp\/v2\/comments?post=1216544"}],"version-history":[{"count":6,"href":"https:\/\/robin.jobs\/hr\/wp-json\/wp\/v2\/pages\/1216544\/revisions"}],"predecessor-version":[{"id":1255379,"href":"https:\/\/robin.jobs\/hr\/wp-json\/wp\/v2\/pages\/1216544\/revisions\/1255379"}],"wp:attachment":[{"href":"https:\/\/robin.jobs\/hr\/wp-json\/wp\/v2\/media?parent=1216544"}],"curies":[{"name":"wp","href":"https:\/\/api.w.org\/{rel}","templated":true}]}}