{"id":1216540,"date":"2021-06-08T12:01:33","date_gmt":"2021-06-08T10:01:33","guid":{"rendered":"https:\/\/robin.jobs\/hr\/?page_id=1216540"},"modified":"2026-01-06T00:37:26","modified_gmt":"2026-01-05T23:37:26","slug":"privacy-policy-for-website-visitors","status":"publish","type":"page","link":"https:\/\/robin.jobs\/hr\/privacy-policy-for-website-visitors","title":{"rendered":"POLICA PRIVATNOSTI WEB-STRANICE"},"content":{"rendered":"<h2 style=\"text-align: center;\">UAB ROBIN JOBS POLICA PRIVATNOSTI ZA POSJETITELJE WEB-STRANICE<\/h2>\n<p>UAB Robin Jobs brine o za\u0161titi va\u0161ih podataka. U skladu smo s Op\u0107om Uredbom o Za\u0161titi Podataka Europske Unije (OUZP) i drugim zakonima o za\u0161titi va\u0161ih podataka koje prikupljamo, koristimo i pohranjujemo u na\u0161oj Tvrtki.<\/p>\n<p>&nbsp;<\/p>\n<ul>\n<li aria-level=\"1\"><strong>Kako trebam pro\u010ditati ovu Policu Privatnosti?<\/strong><\/li>\n<\/ul>\n<p>&nbsp;<\/p>\n<p>Ova Polica Privatnosti \u0107e odgovoriti na klju\u010dna pitanja kako prikupljamo, koristimo i pohranjujemo podatke o vama. U slu\u010daju da imate bilo kakva pitanja ili je bilo koji dio ove Obavijesti nejasan, spremni smo vam pomo\u0107i kako je opisano u Odjeljku 2 ove Police Privatnosti. Napominjemo da svako upu\u0107ivanje na rije\u010d \u2018\u2019mi\u2019\u2019 u ovoj Polici o Za\u0161titi Podataka predstavlja na\u0161u Tvrtku kako je navedeno u Odjeljku 2 Police Privatnosti.<\/p>\n<p>&nbsp;<\/p>\n<ul>\n<li aria-level=\"1\"><strong>Tko je odgovoran za za\u0161titu mojih podataka?<\/strong><\/li>\n<\/ul>\n<p>&nbsp;<\/p>\n<p>Mi smo \u2013 UAB Robin Jobs;<\/p>\n<p>Identifikacijska oznaka na\u0161eg pravnog subjekta: 300659719;<\/p>\n<p>Na\u0161a adresa: Naru\u010dio g. 3, Vilnius;<\/p>\n<p>E-po\u0161ta: <span style=\"font-weight: 400;\"> finance@robin.jobs\/hr<\/span><\/p>\n<p>&nbsp;<\/p>\n<ul>\n<li aria-level=\"1\"><strong>Za\u0161to prikupljate podatke o meni?<\/strong><\/li>\n<\/ul>\n<p>&nbsp;<\/p>\n<p>Pru\u017eamo javni pristup web-stranici robin.jobs, podr\u017eavamo je i pobolj\u0161avamo, kao i osiguravamo pravilan rad njenih funkcija. Iz ovih razloga, koriste se kola\u010di\u0107i. Vi\u0161e informacija o kola\u010di\u0107ima koji se koriste na na\u0161oj web-stranici i njihovoj namjeni dostupno je Politici Kola\u010di\u0107a<\/p>\n<ul>\n<li><strong>Koje podatke o meni prikupljate, koristite i pohranjujete?<\/strong><\/li>\n<\/ul>\n<p>Kad pregledavate na\u0161u web-stranicu, ukoliko ste dali va\u0161 pristanak na kori\u0161tenje analiti\u010dkih kola\u010di\u0107a, prikupljamo anonimne podatke od takvih kola\u010di\u0107a o trendovima va\u0161eg pregledavanja na na\u0161oj web-stranici, va\u0161im demografskim podacima, pretra\u017eiva\u010du kori\u0161tenom za pretra\u017eivanje i operativnom sustavu.<\/p>\n<p>Nismo u mogu\u0107nosti koristiti kola\u010di\u0107e na na\u0161em Facebook ra\u010dunu, me\u0111utim, Facebook ih sam koristi. Vi\u0161e informacija o tom kako Facebook prikuplja, koristi i pohranjuje va\u0161e podatke je dostupno <a href=\"https:\/\/www.facebook.com\/policy.php\" target=\"_blank\" rel=\"noopener\">Facebook-ovoj Polici Privatnosti.<\/a><\/p>\n<ul>\n<li><strong>Koristite li kola\u010di\u0107e?<\/strong><\/li>\n<\/ul>\n<p>Da. Koristimo kola\u010di\u0107e kao \u0161to je navedeno u Politici Kola\u010di\u0107a.<\/p>\n<ul>\n<li><strong>Koja je pravna osnova za prikupljanje podataka o meni?<\/strong><\/li>\n<\/ul>\n<p>Prikupljamo podatke o vama zakonito iz sljede\u0107ih razloga:<\/p>\n<ul>\n<li>na temelju na\u0161eg legitimnog interesa za kori\u0161tenje kola\u010di\u0107a koji su obavezni za pravilan rad web-stranice i njenih funkcija (\u010clanak 6, Stavak 1., To\u010dka (f) OUZP-a);<\/li>\n<li>na temelju va\u0161eg pristanka na kori\u0161tenje analiti\u010dkih i ogla\u0161iva\u010dkih kola\u010di\u0107a (\u010clanak 6, Stavak 1., To\u010dka (a) OUZP-a).<\/li>\n<\/ul>\n<p>&nbsp;<\/p>\n<ul>\n<li aria-level=\"1\"><strong>Dijelite li moje podatke s drugim subjektima?<\/strong><\/li>\n<\/ul>\n<p>&nbsp;<\/p>\n<p>Mo\u017eemo podijeliti podatke s pru\u017eateljima usluge koji nam pru\u017eaju IT usluge, usluge odr\u017eavanja web-stranice i usluge podr\u0161ke, pru\u017eateljima usluga kola\u010di\u0107a.<\/p>\n<ul>\n<li><strong>Koliko dugo pohranjujete podatke o meni?<\/strong><\/li>\n<\/ul>\n<p>Podaci vezani za kola\u010di\u0107e su pohranjeni kao \u0161to je navedeno u Politici Kola\u010di\u0107a.<\/p>\n<ul>\n<li><strong>Koje mjere mogu poduzeti u vezi s mojim podacima u va\u0161oj tvrtki? <\/strong><\/li>\n<\/ul>\n<p>Kako bi poduzeli bilo koju od mjera navedenih u nastavku, molimo da nas kontaktirate kako je navedeno u Odjeljku 10. Napominjemo da ova prava podlije\u017eu zakonskim uvjetima i iznimkama.<\/p>\n<ul>\n<li style=\"font-weight: 400;\" aria-level=\"1\"><strong>Pravo pristupa podacima koje imamo o vama, ukoliko obra\u0111ujemo va\u0161e osobne podatke koji omogu\u0107uju va\u0161u identifikaciju; <\/strong><\/li>\n<li style=\"font-weight: 400;\" aria-level=\"1\"><strong>Pravo zahtijevati ispravljanje ili dopunu podataka o vama; <\/strong><\/li>\n<li style=\"font-weight: 400;\" aria-level=\"1\"><strong>Pravo zahtijevati brisanje podataka o vama gdje:<\/strong><\/li>\n<\/ul>\n<ol>\n<li>se va\u0161i podaci obra\u0111uju na temelju va\u0161eg ispravka;<\/li>\n<li>se va\u0161i podaci obra\u0111uju nezakonito;<\/li>\n<li>se va\u0161i podaci obra\u0111uju na temelju na\u0161eg legitimnog interesa kojeg opovrgavate;<\/li>\n<li>va\u0161i podaci vi\u0161e nisu potrebni vezano uz svrhu za koju su sakupljani;<\/li>\n<li>imamo zakonsku obvezu izbrisati podatke o vama;<\/li>\n<\/ol>\n<ul>\n<li aria-level=\"1\"><b>Pravo zahtijevati od nas da ograni\u010dimo obradu podataka kad osporite to\u010dnost podataka ili predmet obrade podataka, kad se ne sla\u017eete s brisanjem nezakonito obra\u0111enih podataka o vama ili kad trebate podatke za utvr\u0111ivanje, izvr\u0161avanje ili obranu pravnih zahtjeva;<\/b><\/li>\n<li aria-level=\"1\"><b>Pravo na osporavanje prikupljanja, kori\u0161tenja i pohranjivanja va\u0161ih podataka u na\u0161oj tvrtki gdje obra\u0111ujemo va\u0161e podatke na temelju legitimnog interesa;<\/b><\/li>\n<li aria-level=\"1\"><b>Pravo zahtijevati izvoz va\u0161ih podataka gdje ste nam pru\u017eili podatke u strukturiranom, \u010desto kori\u0161tenom formatu i dali suglasnost za obradu takvih podataka ili gdje smo morali obraditi takve podatke radi izvr\u0161enja ugovora s vama;<\/b><\/li>\n<li aria-level=\"1\"><b>Pravo na povla\u010denje privole koju ste dali za obradu va\u0161ih osobnih podataka u bilo kojem trenutku (to mo\u017eete u\u010diniti promjenom postavki va\u0161eg preglednika); <\/b><\/li>\n<li aria-level=\"1\"><b>Pravo na podno\u0161enje pritu\u017ebe Dr\u017eavnoj Inspektoratu za Za\u0161titu Podataka (za vi\u0161e informacija, pogledajte\u00a0 <\/b><b>vdai.lrv.lt<\/b><b>).<\/b><\/li>\n<\/ul>\n<p>&nbsp;<\/p>\n<ul>\n<li><strong>Kako mi mo\u017eete pomo\u0107i?<\/strong><\/li>\n<\/ul>\n<p>Ukoliko imate bilo kakva pitanja, komentare ili pritu\u017ebe vezano za to kako prikupljamo, koristimo i pohranjujemo podatke o vama, spremni smo vam pomo\u0107i. Ukoliko trebate bilo kakvu pomo\u0107, kontaktirajte nas putem e-po\u0161te e-mail finance@robin.jobs\/hr.<\/p>\n","protected":false},"excerpt":{"rendered":"<p>UAB ROBIN JOBS POLICA PRIVATNOSTI ZA POSJETITELJE WEB-STRANICE UAB Robin Jobs brine o za\u0161titi va\u0161ih podataka. U skladu smo s Op\u0107om Uredbom o Za\u0161titi Podataka Europske Unije (OUZP) i drugim zakonima o za\u0161titi va\u0161ih podataka koje prikupljamo, koristimo i pohranjujemo u na\u0161oj Tvrtki. &nbsp; Kako trebam pro\u010ditati ovu Policu Privatnosti? &nbsp; Ova Polica Privatnosti \u0107e&#8230;<\/p>\n","protected":false},"author":1,"featured_media":0,"parent":0,"menu_order":0,"comment_status":"closed","ping_status":"closed","template":"page-templates\/privacy-policy.php","meta":{"_acf_changed":false,"inline_featured_image":false,"footnotes":""},"class_list":["post-1216540","page","type-page","status-publish","hentry"],"acf":[],"_links":{"self":[{"href":"https:\/\/robin.jobs\/hr\/wp-json\/wp\/v2\/pages\/1216540","targetHints":{"allow":["GET"]}}],"collection":[{"href":"https:\/\/robin.jobs\/hr\/wp-json\/wp\/v2\/pages"}],"about":[{"href":"https:\/\/robin.jobs\/hr\/wp-json\/wp\/v2\/types\/page"}],"author":[{"embeddable":true,"href":"https:\/\/robin.jobs\/hr\/wp-json\/wp\/v2\/users\/1"}],"replies":[{"embeddable":true,"href":"https:\/\/robin.jobs\/hr\/wp-json\/wp\/v2\/comments?post=1216540"}],"version-history":[{"count":4,"href":"https:\/\/robin.jobs\/hr\/wp-json\/wp\/v2\/pages\/1216540\/revisions"}],"predecessor-version":[{"id":1258867,"href":"https:\/\/robin.jobs\/hr\/wp-json\/wp\/v2\/pages\/1216540\/revisions\/1258867"}],"wp:attachment":[{"href":"https:\/\/robin.jobs\/hr\/wp-json\/wp\/v2\/media?parent=1216540"}],"curies":[{"name":"wp","href":"https:\/\/api.w.org\/{rel}","templated":true}]}}