{"id":1197859,"date":"2019-07-01T12:31:17","date_gmt":"2019-07-01T09:31:17","guid":{"rendered":"https:\/\/robin.jobs\/hr\/?page_id=1197859"},"modified":"2026-04-03T10:21:49","modified_gmt":"2026-04-03T08:21:49","slug":"rad-u-njemackoj","status":"publish","type":"page","link":"https:\/\/robin.jobs\/hr\/rad-u-njemackoj","title":{"rendered":"Prona\u0111ite posao u Njema\u010dkoj sa smje\u0161tajem"},"content":{"rendered":"","protected":false},"excerpt":{"rendered":"","protected":false},"author":13,"featured_media":1262952,"parent":0,"menu_order":0,"comment_status":"closed","ping_status":"closed","template":"page-templates\/flexible-content.php","meta":{"_acf_changed":false,"inline_featured_image":false,"footnotes":""},"class_list":["post-1197859","page","type-page","status-publish","has-post-thumbnail","hentry"],"acf":[],"_links":{"self":[{"href":"https:\/\/robin.jobs\/hr\/wp-json\/wp\/v2\/pages\/1197859","targetHints":{"allow":["GET"]}}],"collection":[{"href":"https:\/\/robin.jobs\/hr\/wp-json\/wp\/v2\/pages"}],"about":[{"href":"https:\/\/robin.jobs\/hr\/wp-json\/wp\/v2\/types\/page"}],"author":[{"embeddable":true,"href":"https:\/\/robin.jobs\/hr\/wp-json\/wp\/v2\/users\/13"}],"replies":[{"embeddable":true,"href":"https:\/\/robin.jobs\/hr\/wp-json\/wp\/v2\/comments?post=1197859"}],"version-history":[{"count":4,"href":"https:\/\/robin.jobs\/hr\/wp-json\/wp\/v2\/pages\/1197859\/revisions"}],"predecessor-version":[{"id":1262953,"href":"https:\/\/robin.jobs\/hr\/wp-json\/wp\/v2\/pages\/1197859\/revisions\/1262953"}],"wp:featuredmedia":[{"embeddable":true,"href":"https:\/\/robin.jobs\/hr\/wp-json\/wp\/v2\/media\/1262952"}],"wp:attachment":[{"href":"https:\/\/robin.jobs\/hr\/wp-json\/wp\/v2\/media?parent=1197859"}],"curies":[{"name":"wp","href":"https:\/\/api.w.org\/{rel}","templated":true}]}}