{"id":1195786,"date":"2019-05-21T14:34:22","date_gmt":"2019-05-21T11:34:22","guid":{"rendered":"https:\/\/robin.jobs\/hr\/?page_id=1195786"},"modified":"2022-10-24T12:20:30","modified_gmt":"2022-10-24T10:20:30","slug":"ponuda-poslova-u-inozemstvu","status":"publish","type":"page","link":"https:\/\/robin.jobs\/hr\/ponuda-poslova-u-inozemstvu","title":{"rendered":"Poslovi u inozemstvu"},"content":{"rendered":"<p>Zanimaju li vas atraktivne ponude za posao u inozemstvu? Trenutno \u010dak mo\u017eete prona\u0107i <strong>44<\/strong> ponude za posao na robin.jobs\/hr u Nizozemskoj, Njema\u010dkoj i Belgiji. Bez obzira tra\u017eite li posao u paru ili \u017eelite oti\u0107i sami, zanima vas kratkoro\u010dni ili dugoro\u010dni posao, govorite engleski ili ne &#8211; Robin za vas nudi razne ponude poslova.<br \/>\n<!--more--><\/p>\n<p>Uz pomo\u0107 stru\u010dnjaka za posao u Robinu mo\u0107i \u0107ete izabrati najatraktivniju ponudu za posao od 20+ agencija za zapo\u0161ljavanje koje djeluju u Njema\u010dkoj, Nizozemskoj i Belgiji. Pomo\u0107i \u0107emo vam da prona\u0111ete najbolju ponudu za posao s mjestom za \u017eivot u zemlji koja vam se najvi\u0161e svi\u0111a.<\/p>\n<p>Rad u inozemstvu ne\u0107e vam samo pomo\u0107i da zaradite novac i u\u0161tedite novac. Rad u inozemstvu pru\u017eit \u0107e vam i neprocjenjivo radno iskustvo, upoznavanje druge zemlje i nova poznanstva.<\/p>\n<h3>Veliki izbor ponuda za posao<\/h3>\n<p>Rad u inozemstvu uz pomo\u0107 Robin postaje lako ostvariv cilj. Ako tra\u017eite posao u inozemstvu, ali ne znate koju dr\u017eavu odabrati, pro\u010ditajte \u010dlanak koji je Robin napravio na na\u0161em blogu<\/p>\n<p>Uz toliko razli\u010ditih ponuda za posao, zasigurno \u0107ete imati \u0161to izabrati. Najprikladniju ponudu za posao prona\u0107i \u0107e student bez radnog iskustva i kvalificirani gra\u0111evinski stru\u010dnjak. Pogledajte sve na\u0161e ponude za posao u inozemstvu i prijavite se za radno mjesto koje vam se danas najvi\u0161e svi\u0111a!<\/p>\n","protected":false},"excerpt":{"rendered":"<p>Zanimaju li vas atraktivne ponude za posao u inozemstvu? Trenutno \u010dak mo\u017eete prona\u0107i ponude za posao na robin.jobs\/hr u Nizozemskoj, Njema\u010dkoj i Belgiji. Bez obzira tra\u017eite li posao u paru ili \u017eelite oti\u0107i sami, zanima vas kratkoro\u010dni ili dugoro\u010dni posao, govorite engleski ili ne &#8211; Robin za vas nudi razne ponude poslova.<\/p>\n","protected":false},"author":1,"featured_media":1200617,"parent":0,"menu_order":0,"comment_status":"closed","ping_status":"closed","template":"page-templates\/vacancy-archive.php","meta":{"_acf_changed":false,"inline_featured_image":false,"footnotes":""},"class_list":["post-1195786","page","type-page","status-publish","has-post-thumbnail","hentry"],"acf":[],"_links":{"self":[{"href":"https:\/\/robin.jobs\/hr\/wp-json\/wp\/v2\/pages\/1195786","targetHints":{"allow":["GET"]}}],"collection":[{"href":"https:\/\/robin.jobs\/hr\/wp-json\/wp\/v2\/pages"}],"about":[{"href":"https:\/\/robin.jobs\/hr\/wp-json\/wp\/v2\/types\/page"}],"author":[{"embeddable":true,"href":"https:\/\/robin.jobs\/hr\/wp-json\/wp\/v2\/users\/1"}],"replies":[{"embeddable":true,"href":"https:\/\/robin.jobs\/hr\/wp-json\/wp\/v2\/comments?post=1195786"}],"version-history":[{"count":3,"href":"https:\/\/robin.jobs\/hr\/wp-json\/wp\/v2\/pages\/1195786\/revisions"}],"predecessor-version":[{"id":1218397,"href":"https:\/\/robin.jobs\/hr\/wp-json\/wp\/v2\/pages\/1195786\/revisions\/1218397"}],"wp:featuredmedia":[{"embeddable":true,"href":"https:\/\/robin.jobs\/hr\/wp-json\/wp\/v2\/media\/1200617"}],"wp:attachment":[{"href":"https:\/\/robin.jobs\/hr\/wp-json\/wp\/v2\/media?parent=1195786"}],"curies":[{"name":"wp","href":"https:\/\/api.w.org\/{rel}","templated":true}]}}