{"id":176454,"date":"2016-09-28T11:59:43","date_gmt":"2016-09-28T08:59:43","guid":{"rendered":"https:\/\/robin.jobs\/portugal\/?page_id=176454"},"modified":"2021-06-10T13:41:27","modified_gmt":"2021-06-10T11:41:27","slug":"politica-de-privacidad","status":"publish","type":"page","link":"https:\/\/robin.jobs\/es\/politica-de-privacidad","title":{"rendered":"Pol\u00edticas de privacidad"},"content":{"rendered":"<p><b>UAB ROBIN JOBS<\/b><\/p>\n<p><b>POL\u00cdTICA DE PRIVACIDAD DEL SITIO WEB<\/b><\/p>\n<p>&nbsp;<\/p>\n<p><span style=\"font-weight: 400;\">UAB\u00a0Robin Jobs se ocupa de la protecci\u00f3n de su informaci\u00f3n. Cumplimos con el Reglamento general de protecci\u00f3n de datos de la Uni\u00f3n Europea (GDPR) y otras leyes que protegen la informaci\u00f3n que recopilamos, usamos y almacenamos en nuestra Compa\u00f1\u00eda..<\/span><\/p>\n<p>&nbsp;<\/p>\n<ul>\n<li aria-level=\"1\"><b>Pol\u00edtica de privacidad<\/b><\/li>\n<\/ul>\n<p>&nbsp;<\/p>\n<p><span style=\"font-weight: 400;\">Nuestra Pol\u00edtica de privacidad responder\u00e1 las preguntas m\u00e1s importantes sobre c\u00f3mo recopilamos, usamos y almacenamos la informaci\u00f3n que obtenemos sobre usted. En caso de que tenga alguna pregunta, estamos dispuestos a ayudarlo como se describe a continuaci\u00f3n.<\/span><\/p>\n<p>&nbsp;<\/p>\n<p><span style=\"font-weight: 400;\">Por favor, lea atentamente nuestras Pol\u00edticas de privacidad:<\/span><\/p>\n<p>&nbsp;<\/p>\n<table>\n<tbody>\n<tr>\n<td><b><span style=\"color: #0000ff;\"><a style=\"color: #0000ff;\" href=\"https:\/\/robin.jobs\/es\/privacy-policy-for-website-visitors\">Pol\u00edtica de privacidad para visitantes del sitio web<\/a><\/span><\/b><\/td>\n<td><b><span style=\"color: #0000ff;\"><a style=\"color: #0000ff;\" href=\"https:\/\/robin.jobs\/es\/cookie-policy\">Pol\u00edtica de cookies<\/a><\/span><\/b><\/td>\n<td><b><span style=\"color: #0000ff;\"><a style=\"color: #0000ff;\" href=\"https:\/\/robin.jobs\/es\/privacy-policy-for-persons-submitting-inquiries-requests-complaints\">Pol\u00edtica de privacidad para personas que env\u00edan consultas<\/a><\/span><\/b><\/td>\n<td><b><span style=\"color: #0000ff;\"><a style=\"color: #0000ff;\" href=\"https:\/\/robin.jobs\/es\/jobs-politica-de-privacidad-para-usuarios-registrados\">Pol\u00edtica de privacidad para usuarios registrados<\/a><\/span><\/b><\/td>\n<\/tr>\n<\/tbody>\n<\/table>\n<p>&nbsp;<\/p>\n<ul>\n<li aria-level=\"1\"><b>Nuestros datos de contacto<\/b><\/li>\n<\/ul>\n<p>&nbsp;<\/p>\n<p><span style=\"font-weight: 400;\">Si tiene alguna pregunta, comentario o queja en relaci\u00f3n con c\u00f3mo recopilamos, usamos y almacenamos informaci\u00f3n sobre usted, estamos listos para ayudarlo. Si necesita ayuda, cont\u00e1ctenos por correo electr\u00f3nico finance@robin.jobs.<\/span><\/p>\n<p>&nbsp;<\/p>\n<ul>\n<li aria-level=\"1\"><b>Mis derechos<\/b><\/li>\n<\/ul>\n<p>&nbsp;<\/p>\n<p><span style=\"font-weight: 400;\">Para tomar cualquiera de las acciones mencionadas a continuaci\u00f3n, comun\u00edquese con los datos de contacto indicados en la Secci\u00f3n 2. Tenga en cuenta que estos derechos est\u00e1n sujetos a condiciones legales y excepciones:\u00a0<\/span><\/p>\n<p>&nbsp;<\/p>\n<ul>\n<li aria-level=\"1\"><b>Derecho a solicitar acceso a la informaci\u00f3n que tenemos sobre usted;<\/b><\/li>\n<\/ul>\n<ul>\n<li aria-level=\"1\"><b>Derecho a solicitar la rectificaci\u00f3n de la informaci\u00f3n que tenemos sobre usted;<\/b><\/li>\n<\/ul>\n<ul>\n<li aria-level=\"1\"><b>Derecho a solicitar el borrado de la informaci\u00f3n que tenemos sobre usted;<\/b><\/li>\n<\/ul>\n<ul>\n<li aria-level=\"1\"><b>Derecho a solicitar la restricci\u00f3n del acceso a la informaci\u00f3n que tenemos sobre usted o su eliminaci\u00f3n;<\/b><\/li>\n<\/ul>\n<ul>\n<li aria-level=\"1\"><b>Derecho a impugnar la recopilaci\u00f3n, uso y almacenamiento de su informaci\u00f3n en nuestra empresa;<\/b><\/li>\n<\/ul>\n<ul>\n<li aria-level=\"1\"><b>Derecho a solicitar la exportaci\u00f3n de sus datos o transferirlos a otra empresa;<\/b><\/li>\n<\/ul>\n<ul>\n<li aria-level=\"1\"><b>Derecho a presentar una queja ante la Inspecci\u00f3n Estatal de Protecci\u00f3n de Datos (para obtener m\u00e1s informaci\u00f3n, consulte vdai.lrv.lt).\u00a0<\/b><\/li>\n<\/ul>\n<p>&nbsp;<\/p>\n<p><a href=\"https:\/\/robin.jobs\/es\/wp-content\/uploads\/sites\/18\/2021\/06\/privacy-rules-freelancers.docx\">Pol\u00edtica de privacidad para aut\u00f3nomos con los que trabaja Robin<\/a><\/p>\n","protected":false},"excerpt":{"rendered":"<p>UAB ROBIN JOBS POL\u00cdTICA DE PRIVACIDAD DEL SITIO WEB &nbsp; UAB\u00a0Robin Jobs se ocupa de la protecci\u00f3n de su informaci\u00f3n. Cumplimos con el Reglamento general de protecci\u00f3n de datos de la Uni\u00f3n Europea (GDPR) y otras leyes que protegen la informaci\u00f3n que recopilamos, usamos y almacenamos en nuestra Compa\u00f1\u00eda.. &nbsp; Pol\u00edtica de privacidad &nbsp; Nuestra&#8230;<\/p>\n","protected":false},"author":1,"featured_media":0,"parent":0,"menu_order":0,"comment_status":"closed","ping_status":"closed","template":"","meta":{"_acf_changed":false,"inline_featured_image":false,"footnotes":""},"class_list":["post-176454","page","type-page","status-publish","hentry"],"acf":[],"_links":{"self":[{"href":"https:\/\/robin.jobs\/es\/wp-json\/wp\/v2\/pages\/176454","targetHints":{"allow":["GET"]}}],"collection":[{"href":"https:\/\/robin.jobs\/es\/wp-json\/wp\/v2\/pages"}],"about":[{"href":"https:\/\/robin.jobs\/es\/wp-json\/wp\/v2\/types\/page"}],"author":[{"embeddable":true,"href":"https:\/\/robin.jobs\/es\/wp-json\/wp\/v2\/users\/1"}],"replies":[{"embeddable":true,"href":"https:\/\/robin.jobs\/es\/wp-json\/wp\/v2\/comments?post=176454"}],"version-history":[{"count":6,"href":"https:\/\/robin.jobs\/es\/wp-json\/wp\/v2\/pages\/176454\/revisions"}],"predecessor-version":[{"id":1208363,"href":"https:\/\/robin.jobs\/es\/wp-json\/wp\/v2\/pages\/176454\/revisions\/1208363"}],"wp:attachment":[{"href":"https:\/\/robin.jobs\/es\/wp-json\/wp\/v2\/media?parent=176454"}],"curies":[{"name":"wp","href":"https:\/\/api.w.org\/{rel}","templated":true}]}}