{"id":1205637,"date":"2021-06-09T14:43:41","date_gmt":"2021-06-09T12:43:41","guid":{"rendered":"https:\/\/robin.jobs\/es\/?page_id=1205637"},"modified":"2026-01-06T00:37:18","modified_gmt":"2026-01-05T23:37:18","slug":"jobs-politica-de-privacidad-para-usuarios-registrados","status":"publish","type":"page","link":"https:\/\/robin.jobs\/es\/jobs-politica-de-privacidad-para-usuarios-registrados","title":{"rendered":"UAB\u00a0ROBIN JOBS POL\u00cdTICA DE PRIVACIDAD PARA USUARIOS REGISTRADOS"},"content":{"rendered":"<p><span style=\"font-weight: 400;\">UAB Robin Jobs se ocupa de la protecci\u00f3n de su informaci\u00f3n. Cumplimos con el Reglamento general de protecci\u00f3n de datos de la Uni\u00f3n Europea (GDPR) y otras leyes que protegen la informaci\u00f3n que recopilamos, usamos y almacenamos en nuestra Compa\u00f1\u00eda.<\/span><\/p>\n<p>&nbsp;<\/p>\n<ul>\n<li aria-level=\"1\"><b>\u00bfC\u00f3mo debo leer este aviso?<\/b><\/li>\n<\/ul>\n<p>&nbsp;<\/p>\n<p><span style=\"font-weight: 400;\">Esta Pol\u00edtica de privacidad responder\u00e1 las preguntas clave sobre c\u00f3mo recopilamos, usamos y almacenamos la informaci\u00f3n sobre usted. En caso de que tenga alguna pregunta o alguna parte de este Aviso no est\u00e9 clara, estamos listos para ayudarlo como se describe en la Secci\u00f3n 10 de esta Pol\u00edtica de Privacidad. Tenga en cuenta que cualquier referencia a la palabra \u00abnosotros\u00bb en esta Pol\u00edtica de privacidad se refiere a nuestra Compa\u00f1\u00eda como se indica en la Secci\u00f3n 2 de la Pol\u00edtica de privacidad.<\/span><\/p>\n<p>&nbsp;<\/p>\n<ul>\n<li aria-level=\"1\"><b>\u00bfQui\u00e9n es responsable de la protecci\u00f3n de mi informaci\u00f3n?<\/b><\/li>\n<\/ul>\n<p>&nbsp;<\/p>\n<p><span style=\"font-weight: 400;\">Somos responsables de la protecci\u00f3n de su informaci\u00f3n tanto como est\u00e9 relacionada con los prop\u00f3sitos establecidos en la Secci\u00f3n 4 como se detalla en los p\u00e1rrafos 5 a 10 a continuaci\u00f3n:<\/span><\/p>\n<p>&nbsp;<\/p>\n<p><span style=\"font-weight: 400;\">Nosotros somos \u2013 UAB Robin Jobs;<\/span><\/p>\n<p><span style=\"font-weight: 400;\">Identificador de nuestra entidad legal: 300659719;<\/span><\/p>\n<p><span style=\"font-weight: 400;\">Nuestra direcci\u00f3n: Naru\u010dio g. 3, Vilnius;<\/span><\/p>\n<p><span style=\"font-weight: 400;\">Correo electr\u00f3nico: finance@robin.jobs<\/span><\/p>\n<p>&nbsp;<\/p>\n<ul>\n<li aria-level=\"1\"><b>\u00bfQui\u00e9n es el responsable de la protecci\u00f3n de la informaci\u00f3n que proporcion\u00e9 despu\u00e9s de elegir la oferta de trabajo?<\/b><\/li>\n<\/ul>\n<p>&nbsp;<\/p>\n<p><span style=\"font-weight: 400;\">Observamos que no somos el empleador que busca empleados, somos una agencia, es decir, una de las agencias que busca empleados en nombre del empleador. Una vez que elija la oferta de trabajo de su inter\u00e9s y comunique la informaci\u00f3n solicitada, operamos como el procesador de los datos del empleador (recopilamos informaci\u00f3n sobre los candidatos potenciales en nombre del empleador y comunicamos esta informaci\u00f3n a la agencia de colocaci\u00f3n en contacto directo con el empleador o directamente al empleador). <\/span><b>La responsabilidad de la protecci\u00f3n de la informaci\u00f3n que proporcione despu\u00e9s de elegir la oferta de trabajo que le interese corre a cargo del empleador.<\/b><\/p>\n<p>&nbsp;<\/p>\n<p><span style=\"font-weight: 400;\">Observamos que en muchos casos no somos la \u00fanica agencia, por lo tanto, la informaci\u00f3n de colocaci\u00f3n laboral sobre usted puede ser comunicada a otra agencia de colocaci\u00f3n en lugar de directamente al empleador.<\/span><\/p>\n<p>&nbsp;<\/p>\n<p><span style=\"font-weight: 400;\">Puede encontrar m\u00e1s informaci\u00f3n sobre c\u00f3mo un empleador en particular recopila, usa y almacena informaci\u00f3n sobre usted en la pol\u00edtica de privacidad del empleador disponible con la oferta de trabajo (el empleador es responsable tanto de la recopilaci\u00f3n, uso y almacenamiento de sus datos como del uso de agencias de colocaci\u00f3n, as\u00ed como por sus acciones que involucren datos personales). La pol\u00edtica tambi\u00e9n detallar\u00e1 las acciones que llevamos a cabo en nombre del empleador.<\/span><\/p>\n<p>&nbsp;<\/p>\n<p><span style=\"font-weight: 400;\">Observamos que, en calidad de agencia, recopilamos, usamos y almacenamos la siguiente informaci\u00f3n sobre usted:<\/span><\/p>\n<ul>\n<li style=\"font-weight: 400;\" aria-level=\"1\"><span style=\"font-weight: 400;\">Una copia de su documento de identidad;<\/span><\/li>\n<li style=\"font-weight: 400;\" aria-level=\"1\"><span style=\"font-weight: 400;\">N\u00famero de cuenta bancaria;<\/span><\/li>\n<li style=\"font-weight: 400;\" aria-level=\"1\"><span style=\"font-weight: 400;\">Su direcci\u00f3n;<\/span><\/li>\n<li style=\"font-weight: 400;\" aria-level=\"1\"><span style=\"font-weight: 400;\">Una copia de su licencia de conducir (si la hubiera);<\/span><\/li>\n<li style=\"font-weight: 400;\" aria-level=\"1\"><span style=\"font-weight: 400;\">Su CV en ingl\u00e9s;<\/span><\/li>\n<li style=\"font-weight: 400;\" aria-level=\"1\"><span style=\"font-weight: 400;\">Contrato firmado de servicios \/ contrato de trabajo;<\/span><\/li>\n<li style=\"font-weight: 400;\" aria-level=\"1\"><span style=\"font-weight: 400;\">Un certificado de antecedentes penales;<\/span><\/li>\n<li style=\"font-weight: 400;\" aria-level=\"1\"><span style=\"font-weight: 400;\">N\u00famero de servicio al ciudadano holand\u00e9s (BSN) (si lo hay; si el empleador que ha elegido est\u00e1 en los Pa\u00edses Bajos);<\/span><\/li>\n<li style=\"font-weight: 400;\" aria-level=\"1\"><span style=\"font-weight: 400;\">Otros documentos que proporciones.<\/span><\/li>\n<\/ul>\n<p>&nbsp;<\/p>\n<ul>\n<li aria-level=\"1\"><b>\u00bfPor qu\u00e9 recopilan informaci\u00f3n sobre m\u00ed?<\/b><\/li>\n<\/ul>\n<p>&nbsp;<\/p>\n<p><span style=\"font-weight: 400;\">Recopilamos, usamos y almacenamos sus datos por las siguientes razones:<\/span><\/p>\n<ul>\n<li style=\"font-weight: 400;\" aria-level=\"1\"><span style=\"font-weight: 400;\">Su cuenta en nuestro sitio web: cuando se registra en nuestro sitio web, acepta esta Pol\u00edtica de privacidad y est\u00e1 de acuerdo con los t\u00e9rminos y condiciones del contrato para la prestaci\u00f3n de servicios de agencia de empleo, por lo que se considera que concluye un contrato con nosotros;<\/span><\/li>\n<li style=\"font-weight: 400;\" aria-level=\"1\"><span style=\"font-weight: 400;\">Para la prestaci\u00f3n de servicios m\u00e1s personalizados: al registrarse en nuestro sitio web, proporciona informaci\u00f3n diferente sobre usted y sus necesidades (por ejemplo, \u00e1rea de trabajo deseada, preferencia por trabajar en el extranjero, etc.), que no es obligatoria para la prestaci\u00f3n de servicios;<\/span><\/li>\n<li style=\"font-weight: 400;\" aria-level=\"1\"><span style=\"font-weight: 400;\">Para enviar ofertas de trabajo por correo electr\u00f3nico: una vez que se registre en nuestro sitio web, para ayudarlo a encontrar una oferta de trabajo adecuada lo antes posible, le enviaremos ofertas de trabajo por correo electr\u00f3nico durante 10 d\u00edas despu\u00e9s del registro;<\/span><\/li>\n<li style=\"font-weight: 400;\" aria-level=\"1\"><span style=\"font-weight: 400;\">Para la defensa de nuestros intereses leg\u00edtimos: si fuera necesario, podr\u00edamos utilizar sus datos personales en la defensa de nuestros intereses leg\u00edtimos, incluida la reputaci\u00f3n, en los tribunales, las instituciones de resoluci\u00f3n de disputas preventivas y otras autoridades competentes.<\/span><\/li>\n<\/ul>\n<p>&nbsp;<\/p>\n<ul>\n<li aria-level=\"1\"><b>\u00bfQu\u00e9 informaci\u00f3n sobre m\u00ed debo proporcionarles?<\/b><\/li>\n<\/ul>\n<p>&nbsp;<\/p>\n<p><span style=\"font-weight: 400;\">Cuando se registra en nuestro sitio web, debe proporcionar la siguiente informaci\u00f3n sobre usted:<\/span><\/p>\n<ul>\n<li style=\"font-weight: 400;\" aria-level=\"1\"><span style=\"font-weight: 400;\">Datos de identificaci\u00f3n (nombre, apellidos, fecha de nacimiento);<\/span><\/li>\n<li style=\"font-weight: 400;\" aria-level=\"1\"><span style=\"font-weight: 400;\">Datos de contacto (direcci\u00f3n de correo electr\u00f3nico, n\u00famero de tel\u00e9fono);<\/span><\/li>\n<li style=\"font-weight: 400;\" aria-level=\"1\"><span style=\"font-weight: 400;\">Informaci\u00f3n sobre su g\u00e9nero;<\/span><\/li>\n<li style=\"font-weight: 400;\" aria-level=\"1\"><span style=\"font-weight: 400;\">Informaci\u00f3n sobre su nivel de conocimiento del ingl\u00e9s (no ingl\u00e9s, principiante o avanzado);<\/span><\/li>\n<li style=\"font-weight: 400;\" aria-level=\"1\"><span style=\"font-weight: 400;\">Informaci\u00f3n si tiene la intenci\u00f3n de mudarse al extranjero solo o con su novio \/ novia \/\/ pareja despu\u00e9s de encontrar un trabajo.<\/span><\/li>\n<\/ul>\n<p>&nbsp;<\/p>\n<p><span style=\"font-weight: 400;\">Tambi\u00e9n puede, pero no est\u00e1 obligado a, proporcionar la siguiente informaci\u00f3n sobre usted:<\/span><\/p>\n<ul>\n<li style=\"font-weight: 400;\" aria-level=\"1\"><span style=\"font-weight: 400;\">Si tiene un permiso de conducir de categor\u00eda B;<\/span><\/li>\n<li style=\"font-weight: 400;\" aria-level=\"1\"><span style=\"font-weight: 400;\">Una fotografia;<\/span><\/li>\n<li style=\"font-weight: 400;\" aria-level=\"1\"><span style=\"font-weight: 400;\">Un \u00e1rea de trabajo deseable (por ejemplo, manufactura, servicios, agricultura, etc.);<\/span><\/li>\n<li style=\"font-weight: 400;\" aria-level=\"1\"><span style=\"font-weight: 400;\">Informaci\u00f3n sobre qu\u00e9 tan pronto est\u00e1 listo para trasladarse al extranjero y comenzar a trabajar;<\/span><\/li>\n<li style=\"font-weight: 400;\" aria-level=\"1\"><span style=\"font-weight: 400;\">Informaci\u00f3n sobre lo que considera una ventaja para trabajar en el extranjero.<\/span><\/li>\n<\/ul>\n<p>&nbsp;<\/p>\n<p><span style=\"font-weight: 400;\">Si nos comunica esta informaci\u00f3n, estaremos en condiciones de hacerle ofertas de trabajo que se ajusten mejor a sus expectativas.<\/span><\/p>\n<p>&nbsp;<\/p>\n<ul>\n<li aria-level=\"1\"><b>\u00bfCu\u00e1l es la base legal para recopilar informaci\u00f3n sobre m\u00ed?<\/b><\/li>\n<\/ul>\n<p>&nbsp;<\/p>\n<p><span style=\"font-weight: 400;\">Recopilamos informaci\u00f3n sobre usted de manera legal por los siguientes motivos:<\/span><\/p>\n<ul>\n<li style=\"font-weight: 400;\" aria-level=\"1\"><span style=\"font-weight: 400;\">Al crear una cuenta en nuestro sitio web, usted firma un contrato con nosotros (Art\u00edculo 6 (1) (b) del RGPD);<\/span><\/li>\n<li style=\"font-weight: 400;\" aria-level=\"1\"><span style=\"font-weight: 400;\">Cuando nos comunica informaci\u00f3n adicional sobre usted para obtener ofertas de trabajo m\u00e1s personalizadas, confiamos en su consentimiento (art\u00edculo 6 (1) (a) del RGPD);<\/span><\/li>\n<li style=\"font-weight: 400;\" aria-level=\"1\"><span style=\"font-weight: 400;\">Tenemos un inter\u00e9s leg\u00edtimo en proteger nuestros derechos en los tribunales y otras autoridades (art\u00edculo 6 (1) (f) del RGPD);<\/span><\/li>\n<li style=\"font-weight: 400;\" aria-level=\"1\"><span style=\"font-weight: 400;\">Para enviar ofertas de trabajo por correo electr\u00f3nico (art\u00edculo 6 (1) (f) del RGPD).<\/span><\/li>\n<\/ul>\n<p>&nbsp;<\/p>\n<ul>\n<li aria-level=\"1\"><b>\u00bfTransfieren informaci\u00f3n sobre m\u00ed a alguien?<\/b><\/li>\n<\/ul>\n<p>&nbsp;<\/p>\n<p><span style=\"font-weight: 400;\">Su informaci\u00f3n puede ser transferida a:<\/span><\/p>\n<ul>\n<li style=\"font-weight: 400;\" aria-level=\"1\"><span style=\"font-weight: 400;\">Nuestros proveedores de servicios: proveedores de comunicaciones (correo electr\u00f3nico), servicios de dep\u00f3sito de datos que asumen obligaciones de confidencialidad y seguridad seg\u00fan lo dispuesto en la legislaci\u00f3n de protecci\u00f3n de datos personales;<\/span><\/li>\n<li style=\"font-weight: 400;\" aria-level=\"1\"><span style=\"font-weight: 400;\">Empresas que brindan servicios legales y \/ o bufetes de abogados en la medida necesaria para la defensa de nuestros intereses leg\u00edtimos;<\/span><\/li>\n<li style=\"font-weight: 400;\" aria-level=\"1\"><span style=\"font-weight: 400;\">Tribunales, instituciones de resoluci\u00f3n de disputas pre-judiciales y otras autoridades estatales, cuando sea necesario para la defensa de nuestros derechos;<\/span><\/li>\n<li style=\"font-weight: 400;\" aria-level=\"1\"><span style=\"font-weight: 400;\">Alguaciles en la medida necesaria para recuperar los importes adjudicados.<\/span><\/li>\n<\/ul>\n<p>&nbsp;<\/p>\n<ul>\n<li aria-level=\"1\"><b>\u00bfCu\u00e1nto tiempo almacenan informaci\u00f3n sobre m\u00ed?<\/b><\/li>\n<\/ul>\n<p>&nbsp;<\/p>\n<p><span style=\"font-weight: 400;\">Su informaci\u00f3n se almacenar\u00e1 como se describe a continuaci\u00f3n:<\/span><\/p>\n<ul>\n<li style=\"font-weight: 400;\" aria-level=\"1\"><span style=\"font-weight: 400;\">Su cuenta se almacenar\u00e1 durante tres a\u00f1os despu\u00e9s del \u00faltimo inicio de sesi\u00f3n y se eliminar\u00e1 autom\u00e1ticamente al expirar este l\u00edmite de tiempo;<\/span><\/li>\n<li style=\"font-weight: 400;\" aria-level=\"1\"><span style=\"font-weight: 400;\">Para el env\u00edo de ofertas de trabajo, sus datos se utilizar\u00e1n 10 d\u00edas despu\u00e9s del registro en nuestro sitio web;<\/span><\/li>\n<li style=\"font-weight: 400;\" aria-level=\"1\"><span style=\"font-weight: 400;\">Los documentos presentados a los tribunales u otras instituciones de resoluci\u00f3n de disputas o de aplicaci\u00f3n de la ley se almacenar\u00e1n durante 1 a\u00f1o despu\u00e9s de la decisi\u00f3n final;<\/span><\/li>\n<li style=\"font-weight: 400;\" aria-level=\"1\"><span style=\"font-weight: 400;\">Las \u00f3rdenes de ejecuci\u00f3n de los tribunales y los acuerdos de alguacil se almacenar\u00e1n durante 10 a\u00f1os despu\u00e9s de la finalizaci\u00f3n de los pagos..<\/span><\/li>\n<\/ul>\n<p>&nbsp;<\/p>\n<ul>\n<li aria-level=\"1\"><b>\u00bfQu\u00e9 derechos tengo?<\/b><\/li>\n<\/ul>\n<p>&nbsp;<\/p>\n<p><span style=\"font-weight: 400;\">Para tomar cualquiera de las acciones mencionadas a continuaci\u00f3n, comun\u00edquese con nosotros como se especifica en la Secci\u00f3n 10. Tenga en cuenta que estos derechos est\u00e1n sujetos a condiciones legales y excepciones:<\/span><\/p>\n<ul>\n<li aria-level=\"1\"><b>Derecho a solicitar acceso a la informaci\u00f3n que tenemos sobre usted, si procesamos datos personales que permitan su identificaci\u00f3n;<\/b><\/li>\n<\/ul>\n<ul>\n<li aria-level=\"1\"><b>Derecho a solicitar la rectificaci\u00f3n o el complemento de la informaci\u00f3n que tenemos sobre usted;<\/b><\/li>\n<\/ul>\n<ul>\n<li aria-level=\"1\"><b>Derecho a solicitar la supresi\u00f3n de sus datos cuando:<\/b><\/li>\n<\/ul>\n<ul>\n<li aria-level=\"1\"><b>Sus datos se procesan sobre la base de su consentimiento;<\/b><\/li>\n<\/ul>\n<ul>\n<li aria-level=\"1\"><b>Sus datos se procesan ilegalmente;<\/b><\/li>\n<\/ul>\n<ul>\n<li aria-level=\"1\"><b>Sus datos se procesan sobre la base de nuestro inter\u00e9s leg\u00edtimo que usted refuta;<\/b><\/li>\n<\/ul>\n<ul>\n<li aria-level=\"1\"><b>Sus datos ya no son necesarios en relaci\u00f3n con los fines para los que fueron recopilados;<\/b><\/li>\n<\/ul>\n<ul>\n<li aria-level=\"1\"><b>Tenemos la obligaci\u00f3n legal de borrar informaci\u00f3n sobre usted;<\/b><\/li>\n<\/ul>\n<ul>\n<li aria-level=\"1\"><b>Derecho a solicitar que se restrinja el procesamiento de la informaci\u00f3n que tenemos sobre usted cuando impugne la exactitud de los datos u objete el procesamiento de datos, no est\u00e9 de acuerdo con el borrado de los datos procesados ilegalmente sobre usted, o cuando necesite los datos para el establecimiento, ejercicio o defensa de reclamaciones legales;<\/b><\/li>\n<\/ul>\n<ul>\n<li aria-level=\"1\"><b>Derecho a impugnar la recopilaci\u00f3n, el uso y el almacenamiento de su informaci\u00f3n en nuestra empresa, donde procesamos sus datos sobre la base de un inter\u00e9s leg\u00edtimo;<\/b><\/li>\n<\/ul>\n<ul>\n<li aria-level=\"1\"><b>Derecho a solicitar la exportaci\u00f3n de sus datos cuando nos haya proporcionado datos en un formato estructurado de uso com\u00fan y haya dado su consentimiento para el procesamiento de dichos datos o si tenemos que procesar dichos datos para la ejecuci\u00f3n de un contrato con usted;<\/b><\/li>\n<\/ul>\n<ul>\n<li aria-level=\"1\"><b>Derecho a presentar una reclamaci\u00f3n ante la Inspecci\u00f3n Estatal de Protecci\u00f3n de Datos (para obtener m\u00e1s informaci\u00f3n, consulte <\/b><b>vdai.lrv.lt<\/b><b>).<\/b><\/li>\n<\/ul>\n<p>&nbsp;<\/p>\n<p><span style=\"font-weight: 400;\">Cuando su solicitud de las acciones antes mencionadas se refiera a la recopilaci\u00f3n, uso y almacenamiento de sus datos personales con el fin de trabajar con un empleador espec\u00edfico, es decir, cuando operamos como agencia, su solicitud se remitir\u00e1 al empleador u otra agencia. utilizado por el empleador. Si no indica un empleador espec\u00edfico en su solicitud, recibir\u00e1 una solicitud de esta informaci\u00f3n de nuestra parte.<\/span><\/p>\n<p>&nbsp;<\/p>\n<ul>\n<li aria-level=\"1\"><b>\u00bfC\u00f3mo pueden ayudarme?<\/b><\/li>\n<\/ul>\n<p>&nbsp;<\/p>\n<p><span style=\"font-weight: 400;\">Si tiene alguna pregunta, comentario o queja en relaci\u00f3n con la forma en que recopilamos, usamos y almacenamos datos sobre usted, estamos listos para ayudarlo. Si necesita ayuda, cont\u00e1ctenos por correo electr\u00f3nico finance@robin.jobs.<\/span><\/p>\n","protected":false},"excerpt":{"rendered":"<p>UAB Robin Jobs se ocupa de la protecci\u00f3n de su informaci\u00f3n. Cumplimos con el Reglamento general de protecci\u00f3n de datos de la Uni\u00f3n Europea (GDPR) y otras leyes que protegen la informaci\u00f3n que recopilamos, usamos y almacenamos en nuestra Compa\u00f1\u00eda. &nbsp; \u00bfC\u00f3mo debo leer este aviso? &nbsp; Esta Pol\u00edtica de privacidad responder\u00e1 las preguntas clave&#8230;<\/p>\n","protected":false},"author":3,"featured_media":0,"parent":0,"menu_order":0,"comment_status":"closed","ping_status":"closed","template":"","meta":{"_acf_changed":false,"inline_featured_image":false,"footnotes":""},"class_list":["post-1205637","page","type-page","status-publish","hentry"],"acf":[],"_links":{"self":[{"href":"https:\/\/robin.jobs\/es\/wp-json\/wp\/v2\/pages\/1205637","targetHints":{"allow":["GET"]}}],"collection":[{"href":"https:\/\/robin.jobs\/es\/wp-json\/wp\/v2\/pages"}],"about":[{"href":"https:\/\/robin.jobs\/es\/wp-json\/wp\/v2\/types\/page"}],"author":[{"embeddable":true,"href":"https:\/\/robin.jobs\/es\/wp-json\/wp\/v2\/users\/3"}],"replies":[{"embeddable":true,"href":"https:\/\/robin.jobs\/es\/wp-json\/wp\/v2\/comments?post=1205637"}],"version-history":[{"count":3,"href":"https:\/\/robin.jobs\/es\/wp-json\/wp\/v2\/pages\/1205637\/revisions"}],"predecessor-version":[{"id":1248807,"href":"https:\/\/robin.jobs\/es\/wp-json\/wp\/v2\/pages\/1205637\/revisions\/1248807"}],"wp:attachment":[{"href":"https:\/\/robin.jobs\/es\/wp-json\/wp\/v2\/media?parent=1205637"}],"curies":[{"name":"wp","href":"https:\/\/api.w.org\/{rel}","templated":true}]}}