{"id":1205615,"date":"2021-06-08T14:40:38","date_gmt":"2021-06-08T12:40:38","guid":{"rendered":"https:\/\/robin.jobs\/es\/privacy-policy-for-persons-submitting-inquiries-requests-complaints"},"modified":"2026-01-06T00:36:37","modified_gmt":"2026-01-05T23:36:37","slug":"privacy-policy-for-persons-submitting-inquiries-requests-complaints","status":"publish","type":"page","link":"https:\/\/robin.jobs\/es\/privacy-policy-for-persons-submitting-inquiries-requests-complaints","title":{"rendered":"UAB\u00a0ROBIN JOBS POL\u00cdTICA DE PRIVACIDAD PARA PERSONAS QUE PRESENTAN CONSULTAS, SOLICITUDES, QUEJAS"},"content":{"rendered":"<p><b>\u00daltima actualizaci\u00f3n en: 2021-06-01<\/b><\/p>\n<p>&nbsp;<\/p>\n<p><span style=\"font-weight: 400;\">UAB\u00a0Robin Jobs se ocupa de la protecci\u00f3n de su informaci\u00f3n. Cumplimos con el Reglamento general de protecci\u00f3n de datos de la Uni\u00f3n Europea (GDPR) y otras leyes que protegen la informaci\u00f3n que recopilamos, usamos y almacenamos en nuestra Compa\u00f1\u00eda..<\/span><\/p>\n<p>&nbsp;<\/p>\n<ul>\n<li aria-level=\"2\"><b>\u00bfC\u00f3mo debo leer esta pol\u00edtica de privacidad?<\/b><\/li>\n<\/ul>\n<p>&nbsp;<\/p>\n<p><span style=\"font-weight: 400;\">Esta Pol\u00edtica de privacidad responder\u00e1 las preguntas clave sobre c\u00f3mo recopilamos, usamos y almacenamos informaci\u00f3n sobre usted. En caso de que tenga alguna pregunta o alguna parte de este Aviso no est\u00e9 clara, estamos listos para ayudarlo como se describe en la Secci\u00f3n 10 de esta Pol\u00edtica de Privacidad. Tenga en cuenta que cualquier referencia a la palabra \u00abnosotros\u00bb en esta Pol\u00edtica de privacidad se refiere a nuestra Compa\u00f1\u00eda como se indica en la Secci\u00f3n 2 de la Pol\u00edtica de privacidad.<\/span><\/p>\n<p>&nbsp;<\/p>\n<ul>\n<li aria-level=\"2\"><b>\u00bfQui\u00e9n es responsable de la protecci\u00f3n de mi informaci\u00f3n?<\/b><\/li>\n<\/ul>\n<p>&nbsp;<\/p>\n<p><span style=\"font-weight: 400;\">Nosotros somos\u00a0\u2013<\/span> <span style=\"font-weight: 400;\">UAB Robin Jobs;<\/span><\/p>\n<p><span style=\"font-weight: 400;\">Identificador de nuestra entidad legal: 300659719;<\/span><\/p>\n<p><span style=\"font-weight: 400;\">Nuestra direcci\u00f3n: Naru\u010dio g. 3, Vilnius;<\/span><\/p>\n<p><span style=\"font-weight: 400;\">Correo electr\u00f3nico: finance@robin.jobs<\/span><\/p>\n<p>&nbsp;<\/p>\n<ul>\n<li aria-level=\"2\"><b>\u00bfPor qu\u00e9 recopilan informaci\u00f3n sobre m\u00ed?<\/b><\/li>\n<\/ul>\n<p>&nbsp;<\/p>\n<p><span style=\"font-weight: 400;\">Recopilamos, usamos y almacenamos sus datos por las siguientes razones:<\/span><\/p>\n<ul>\n<li style=\"font-weight: 400;\" aria-level=\"1\"><span style=\"font-weight: 400;\">Poder administrar las consultas, solicitudes y quejas entrantes y responderlas de manera adecuada;<\/span><\/li>\n<li style=\"font-weight: 400;\" aria-level=\"1\"><span style=\"font-weight: 400;\">Tenemos la obligaci\u00f3n legal de mantener un registro de las actividades de la Compa\u00f1\u00eda;<\/span><\/li>\n<li style=\"font-weight: 400;\" aria-level=\"1\"><span style=\"font-weight: 400;\">Para la defensa de nuestros intereses leg\u00edtimos: si fuera necesario, podr\u00edamos utilizar sus datos personales en la defensa de nuestros intereses leg\u00edtimos, incluida la reputaci\u00f3n, en los tribunales, las instituciones de resoluci\u00f3n de disputas preventivas y otras autoridades competentes.<\/span><\/li>\n<\/ul>\n<p>&nbsp;<\/p>\n<ul>\n<li aria-level=\"2\"><b>\u00bfQu\u00e9 informaci\u00f3n debo proporcionarles y por qu\u00e9?<\/b><\/li>\n<\/ul>\n<p>&nbsp;<\/p>\n<p><span style=\"font-weight: 400;\">Al enviar una consulta utilizando las direcciones de correo electr\u00f3nico de contacto indicadas en el sitio web, por correo postal u otro medio de comunicaci\u00f3n, debe indicar su nombre, apellido, correo electr\u00f3nico u otros datos de contacto, asunto de la consulta, as\u00ed como la informaci\u00f3n relevante para la consulta. Al enviar su consulta, es posible que se le solicite que proporcione informaci\u00f3n adicional sobre usted para que podamos responder a su consulta de manera adecuada.<\/span><\/p>\n<p>&nbsp;<\/p>\n<ol>\n<li style=\"font-weight: 400;\" aria-level=\"2\"><b>\u00bfCu\u00e1l es la base legal para recopilar informaci\u00f3n sobre m\u00ed?<\/b><\/li>\n<\/ol>\n<p>&nbsp;<\/p>\n<p><span style=\"font-weight: 400;\">Recopilamos y almacenamos informaci\u00f3n sobre usted de manera legal por los siguientes motivos:<\/span><\/p>\n<ul>\n<li style=\"font-weight: 400;\" aria-level=\"1\"><span style=\"font-weight: 400;\">Cuando nos hace una consulta, solicitud o queja con respecto a un contrato celebrado entre nosotros o est\u00e1 en b\u00fasqueda de un contrato, estos datos se recopilan para ejecutar o celebrar contratos (art\u00edculo 6 (1) (b) del RGPD);<\/span><\/li>\n<li style=\"font-weight: 400;\" aria-level=\"1\"><span style=\"font-weight: 400;\">Cuando nos realice una consulta, una solicitud de reclamaci\u00f3n por cualquier motivo que no sea la celebraci\u00f3n o el cumplimiento del contrato, tenemos un inter\u00e9s leg\u00edtimo en administrar las consultas recibidas (art\u00edculo 6 (1) (f) del RGPD);<\/span><\/li>\n<li style=\"font-weight: 400;\" aria-level=\"1\"><span style=\"font-weight: 400;\">Tenemos la obligaci\u00f3n legal de almacenar consultas, solicitudes y quejas recibidas (art\u00edculo 6 (1) (c) del RGPD);<\/span><\/li>\n<li style=\"font-weight: 400;\" aria-level=\"1\"><span style=\"font-weight: 400;\">Tenemos un inter\u00e9s leg\u00edtimo en proteger nuestros derechos en los tribunales y otras autoridades (art\u00edculo 6 (1) (f) del RGPD).<\/span><\/li>\n<\/ul>\n<p>&nbsp;<\/p>\n<ol>\n<li style=\"font-weight: 400;\" aria-level=\"2\"><b>\u00bfRecopilan informaci\u00f3n confidencial sobre m\u00ed?<\/b><\/li>\n<\/ol>\n<p>&nbsp;<\/p>\n<p><span style=\"font-weight: 400;\">No se recopila informaci\u00f3n confidencial sobre usted y, si no es relevante para la queja, solicitud o consulta que realiz\u00f3 o planea hacer, no incluya dicha informaci\u00f3n. Si, no obstante, se proporciona dicha informaci\u00f3n, consideraremos que ha dado su consentimiento para el procesamiento de dicha informaci\u00f3n (art\u00edculo 9 (2) (a) del RGPD).<\/span><\/p>\n<p>&nbsp;<\/p>\n<ul>\n<li aria-level=\"2\"><b>\u00bfComparten mi informaci\u00f3n con otras entidades?<\/b><\/li>\n<\/ul>\n<p>&nbsp;<\/p>\n<p><span style=\"font-weight: 400;\">Su informaci\u00f3n puede ser transferida a:\u00a0<\/span><\/p>\n<ul>\n<li style=\"font-weight: 400;\" aria-level=\"1\"><span style=\"font-weight: 400;\">Empresas que brindan servicios legales y \/ o bufetes de abogados en la medida necesaria para la defensa de nuestros intereses leg\u00edtimos;<\/span><\/li>\n<li style=\"font-weight: 400;\" aria-level=\"1\"><span style=\"font-weight: 400;\">Alguaciles en la medida necesaria para recuperar las cantidades adjudicadas;<\/span><\/li>\n<li style=\"font-weight: 400;\" aria-level=\"1\"><span style=\"font-weight: 400;\">Nuestros proveedores de servicios: proveedores de comunicaci\u00f3n (correo electr\u00f3nico) y servicios de dep\u00f3sito de datos.<\/span><\/li>\n<\/ul>\n<p>&nbsp;<\/p>\n<ul>\n<li aria-level=\"2\"><b>\u00bfCu\u00e1nto tiempo almacenan informaci\u00f3n sobre m\u00ed?<\/b><\/li>\n<\/ul>\n<p>&nbsp;<\/p>\n<p><span style=\"font-weight: 400;\">Su informaci\u00f3n se almacenar\u00e1:<\/span><\/p>\n<ul>\n<li style=\"font-weight: 400;\" aria-level=\"1\"><span style=\"font-weight: 400;\">Si su consulta se refiere a un contrato que hemos celebrado o estamos planeando concluir, su informaci\u00f3n se almacenar\u00e1 durante 10 a\u00f1os despu\u00e9s de la finalizaci\u00f3n del contrato;<\/span><\/li>\n<li style=\"font-weight: 400;\" aria-level=\"1\"><span style=\"font-weight: 400;\">Si nos ha enviado una queja, solicitud o cualquier otra consulta que no est\u00e9 relacionada con la celebraci\u00f3n o ejecuci\u00f3n de un contrato, la conservaremos durante 1 a\u00f1o despu\u00e9s de que se haya tomado la decisi\u00f3n en nuestra empresa;<\/span><\/li>\n<li style=\"font-weight: 400;\" aria-level=\"1\"><span style=\"font-weight: 400;\">Los documentos presentados a los tribunales u otras instituciones de resoluci\u00f3n de disputas o de aplicaci\u00f3n de la ley se almacenar\u00e1n durante 1 a\u00f1o despu\u00e9s de la decisi\u00f3n final;<\/span><\/li>\n<li style=\"font-weight: 400;\" aria-level=\"1\"><span style=\"font-weight: 400;\">Las \u00f3rdenes de ejecuci\u00f3n de los tribunales y los arreglos judiciales se conservar\u00e1n durante 10 a\u00f1os despu\u00e9s de la finalizaci\u00f3n de los pagos.<\/span><\/li>\n<\/ul>\n<p>&nbsp;<\/p>\n<ul>\n<li aria-level=\"2\"><b>What actions can I take concerning my information in your company?<\/b><\/li>\n<\/ul>\n<p>&nbsp;<\/p>\n<p><span style=\"font-weight: 400;\">Para tomar cualquiera de las acciones mencionadas a continuaci\u00f3n, comun\u00edquese con nosotros como se especifica en la Secci\u00f3n 10. Tenga en cuenta que estos derechos pueden estar sujetos a excepciones y limitaciones legales.<\/span><\/p>\n<ul>\n<li aria-level=\"1\"><b>Derecho a solicitar acceso a la informaci\u00f3n que tenemos sobre usted, si procesamos los datos personales que permitan su identificaci\u00f3n;<\/b><\/li>\n<\/ul>\n<ul>\n<li aria-level=\"1\"><b>Derecho a solicitar la rectificaci\u00f3n o el complemento de la informaci\u00f3n que tenemos sobre usted;<\/b><\/li>\n<\/ul>\n<ul>\n<li aria-level=\"1\"><b>Derecho a solicitar la supresi\u00f3n de sus datos cuando:<\/b><\/li>\n<\/ul>\n<ul>\n<li aria-level=\"1\"><b>sus datos se procesan sobre la base de su consentimiento;<\/b><\/li>\n<\/ul>\n<ul>\n<li aria-level=\"1\"><b>sus datos se procesan ilegalmente;<\/b><\/li>\n<\/ul>\n<ul>\n<li aria-level=\"1\"><b>sus datos se procesan sobre la base de nuestro inter\u00e9s leg\u00edtimo que usted refuta;<\/b><\/li>\n<\/ul>\n<ul>\n<li aria-level=\"1\"><b>sus datos ya no son necesarios en relaci\u00f3n con los fines para los que fueron recopilados;<\/b><\/li>\n<\/ul>\n<ul>\n<li aria-level=\"1\"><b>tenemos la obligaci\u00f3n legal de borrar informaci\u00f3n sobre usted;<\/b><\/li>\n<\/ul>\n<ul>\n<li aria-level=\"1\"><b>Derecho a solicitar que se restrinja el procesamiento de la informaci\u00f3n que tenemos sobre usted cuando impugne la exactitud de los datos u objete el procesamiento de datos, no est\u00e9 de acuerdo con el borrado de los datos procesados ilegalmente sobre usted, o cuando necesite los datos para el establecimiento, ejercicio o defensa de reclamaciones legales;<\/b><\/li>\n<\/ul>\n<ul>\n<li aria-level=\"1\"><b>Derecho a impugnar la recopilaci\u00f3n, el uso y el almacenamiento de su informaci\u00f3n en nuestra empresa, donde procesamos sus datos sobre la base de un inter\u00e9s leg\u00edtimo;<\/b><\/li>\n<\/ul>\n<ul>\n<li aria-level=\"1\"><b>Derecho a solicitar la exportaci\u00f3n de sus datos cuando nos haya proporcionado datos en un formato estructurado de uso com\u00fan y haya dado su consentimiento para el procesamiento de dichos datos o si tenemos que procesar dichos datos para la ejecuci\u00f3n de un contrato con usted;<\/b><\/li>\n<\/ul>\n<ul>\n<li aria-level=\"1\"><b>Derecho a retirar su consentimiento otorgado para el procesamiento de datos personales en cualquier momento;<\/b><\/li>\n<\/ul>\n<ul>\n<li aria-level=\"1\"><b>Derecho a presentar una reclamaci\u00f3n ante la Inspecci\u00f3n Estatal de Protecci\u00f3n de Datos (para obtener m\u00e1s informaci\u00f3n, consulte <\/b><b>vdai.lrv.lt<\/b><b>).<\/b><\/li>\n<\/ul>\n<p><b><\/b><br \/>\n<b><\/b><\/p>\n<ul>\n<li aria-level=\"2\"><b>\u00bfC\u00f3mo pueden ayudarme?<\/b><\/li>\n<\/ul>\n<p>&nbsp;<\/p>\n<p><span style=\"font-weight: 400;\">Si tiene alguna pregunta, comentario o queja en relaci\u00f3n con la forma en que recopilamos, usamos y almacenamos datos sobre usted, estamos listos para ayudarlo. Si necesita ayuda, cont\u00e1ctenos por correo electr\u00f3nico finance@robin.jobs.<\/span><\/p>\n","protected":false},"excerpt":{"rendered":"<p>\u00daltima actualizaci\u00f3n en: 2021-06-01 &nbsp; UAB\u00a0Robin Jobs se ocupa de la protecci\u00f3n de su informaci\u00f3n. Cumplimos con el Reglamento general de protecci\u00f3n de datos de la Uni\u00f3n Europea (GDPR) y otras leyes que protegen la informaci\u00f3n que recopilamos, usamos y almacenamos en nuestra Compa\u00f1\u00eda.. &nbsp; \u00bfC\u00f3mo debo leer esta pol\u00edtica de privacidad? &nbsp; Esta Pol\u00edtica&#8230;<\/p>\n","protected":false},"author":1,"featured_media":0,"parent":0,"menu_order":0,"comment_status":"closed","ping_status":"closed","template":"page-templates\/privacy-policy.php","meta":{"_acf_changed":false,"inline_featured_image":false,"footnotes":""},"class_list":["post-1205615","page","type-page","status-publish","hentry"],"acf":[],"_links":{"self":[{"href":"https:\/\/robin.jobs\/es\/wp-json\/wp\/v2\/pages\/1205615","targetHints":{"allow":["GET"]}}],"collection":[{"href":"https:\/\/robin.jobs\/es\/wp-json\/wp\/v2\/pages"}],"about":[{"href":"https:\/\/robin.jobs\/es\/wp-json\/wp\/v2\/types\/page"}],"author":[{"embeddable":true,"href":"https:\/\/robin.jobs\/es\/wp-json\/wp\/v2\/users\/1"}],"replies":[{"embeddable":true,"href":"https:\/\/robin.jobs\/es\/wp-json\/wp\/v2\/comments?post=1205615"}],"version-history":[{"count":3,"href":"https:\/\/robin.jobs\/es\/wp-json\/wp\/v2\/pages\/1205615\/revisions"}],"predecessor-version":[{"id":1248805,"href":"https:\/\/robin.jobs\/es\/wp-json\/wp\/v2\/pages\/1205615\/revisions\/1248805"}],"wp:attachment":[{"href":"https:\/\/robin.jobs\/es\/wp-json\/wp\/v2\/media?parent=1205615"}],"curies":[{"name":"wp","href":"https:\/\/api.w.org\/{rel}","templated":true}]}}