{"id":1205614,"date":"2021-06-08T14:40:38","date_gmt":"2021-06-08T12:40:38","guid":{"rendered":"https:\/\/robin.jobs\/es\/cookie-policy"},"modified":"2025-11-01T03:34:48","modified_gmt":"2025-11-01T02:34:48","slug":"cookie-policy","status":"publish","type":"page","link":"https:\/\/robin.jobs\/es\/cookie-policy","title":{"rendered":"UAB\u00a0ROBIN JOBS POL\u00cdTICA DE COOKIES"},"content":{"rendered":"<p>\u00daltima actualizaci\u00f3n en: 2021-06-01<\/p>\n<h3>1. \u00bfQu\u00e9 es una cookie?<\/h3>\n<p><span style=\"font-weight: 400;\">Las cookies son peque\u00f1os archivos de texto almacenados en el navegador de su dispositivo (por ejemplo, computadora, tel\u00e9fono m\u00f3vil, tableta) cuando navega por sitios web. Otras tecnolog\u00edas, incluidos los datos almacenados en su navegador o dispositivo, los identificadores relacionados con su dispositivo y otro software, se utilizan para fines similares. Las cookies se utilizan ampliamente para permitir el rendimiento del sitio web o para hacer que su rendimiento sea mejor y m\u00e1s eficiente. Todas las tecnolog\u00edas mencionadas anteriormente se denominan \u00abcookies\u00bb en esta Pol\u00edtica.\u00a0<\/span><\/p>\n<h3>2. \u00bfPor qu\u00e9 utiliza cookies?<\/h3>\n<p><span style=\"font-weight: 400;\">Usamos cookies:<\/span><\/p>\n<ul>\n<li style=\"font-weight: 400;\" aria-level=\"1\"><span style=\"font-weight: 400;\">Para seguir mejorando el sitio web para que sea m\u00e1s atractivo para usted;<\/span><\/li>\n<li style=\"font-weight: 400;\" aria-level=\"1\"><span style=\"font-weight: 400;\">Monitorear y analizar las tendencias de visitas en nuestro sitio web;<\/span><\/li>\n<li style=\"font-weight: 400;\" aria-level=\"1\"><span style=\"font-weight: 400;\">Analizar c\u00f3mo los consumidores utilizan nuestro sitio web;<\/span><\/li>\n<li style=\"font-weight: 400;\" aria-level=\"1\"><span style=\"font-weight: 400;\">Para garantizar el correcto funcionamiento del sitio web y sus funciones;<\/span><\/li>\n<li style=\"font-weight: 400;\" aria-level=\"1\"><span style=\"font-weight: 400;\">Para hacer que el marketing sea m\u00e1s efectivo;<\/span><\/li>\n<li style=\"font-weight: 400;\" aria-level=\"1\"><span style=\"font-weight: 400;\">Para mostrar videos de YouTube en nuestro sitio web;<\/span><\/li>\n<li style=\"font-weight: 400;\" aria-level=\"1\"><span style=\"font-weight: 400;\">Recordar su elecci\u00f3n del idioma del sitio web;<\/span><\/li>\n<li style=\"font-weight: 400;\" aria-level=\"1\"><span style=\"font-weight: 400;\">Para informar sobre las cookies en nuestro sitio web de manera adecuada.<\/span><\/li>\n<\/ul>\n<h3>3. \u00bfCu\u00e1les son los tipos de cookies?<\/h3>\n<h4>a) Cookies estrictamente necesarias<\/h4>\n<p><span style=\"font-weight: 400;\">Estas cookies son necesarias para que el usuario pueda navegar y utilizar las funciones del sitio web, por ejemplo, memorizar la informaci\u00f3n ingresada en los formularios cuando el usuario pasa de una p\u00e1gina a otra durante una sesi\u00f3n de navegaci\u00f3n. Sin las cookies estrictamente necesarias, ciertos servicios del sitio web ser\u00edan imposibles y el sitio web no funcionar\u00eda tan bien como deber\u00eda. Estas cookies no recopilan informaci\u00f3n con fines de marketing y no registran sus visitas en l\u00ednea.<\/span><\/p>\n<h4>b) Cookies anal\u00edticas<\/h4>\n<p><span style=\"font-weight: 400;\">Las cookies anal\u00edticas recopilan informaci\u00f3n sobre el uso del sitio web y ayudan a mejorar su funcionamiento. Por ejemplo, las cookies anal\u00edticas pueden mostrar qu\u00e9 p\u00e1ginas se visitan con m\u00e1s frecuencia, ayudar a registrar las fallas que ocurren en el sitio web o mostrar si la publicidad que se muestra en el sitio web es efectiva. Las cookies anal\u00edticas no recopilan informaci\u00f3n personal de los visitantes y toda la informaci\u00f3n recopilada por dichas cookies es agregada y an\u00f3nima.<\/span><\/p>\n<h4>c) Cookies funcionales<\/h4>\n<p><span style=\"font-weight: 400;\">Las cookies funcionales permiten al sitio web memorizar sus elecciones y ofrecer funciones mejoradas m\u00e1s adaptadas a sus necesidades. Las cookies funcionales tambi\u00e9n memorizan los cambios que realiza, por ejemplo, la configuraci\u00f3n individual en una p\u00e1gina web espec\u00edfica, as\u00ed como en otros casos, por ejemplo, cuando ve un video o deja un comentario en nuestro sitio web. Las cookies funcionales no rastrean sus acciones en otros sitios web.<\/span><\/p>\n<h4>d) Cookies publicitarias<\/h4>\n<p><span style=\"font-weight: 400;\">Las cookies publicitarias permiten la presentaci\u00f3n de anuncios m\u00e1s interesantes para satisfacer mejor sus intereses o la restricci\u00f3n de anuncios en la misma l\u00ednea de anuncios en el sitio web que visita. Este tipo de cookies tambi\u00e9n se utiliza para evaluar la efectividad de una campa\u00f1a y se pueden utilizar para recordar lo que hizo en el sitio web<\/span><\/p>\n<h3>4. \u00bfQu\u00e9 cookies utilizamos?<\/h3>\n<p>En nuestro sitio web utilizamos las siguientes cookies:<\/p>\n<table>\n<tbody>\n<tr>\n<td><strong>CATEGOR\u00cdA DE COOKIES<\/strong><\/td>\n<td><strong>NOMBRE DE LA COOKIE<\/strong><\/td>\n<td><strong>TIEMPO DE VALIDEZ DE LA COOKIE<\/strong><\/td>\n<td><strong>FINALIDAD DE LA COOKIE<\/strong><\/td>\n<\/tr>\n<tr>\n<td rowspan=\"2\"><span style=\"font-weight: 400;\">Cookies anal\u00edticas<\/span><\/td>\n<td><span style=\"font-weight: 400;\">_ga<\/span><\/td>\n<td><span style=\"font-weight: 400;\">2\u00a0a\u00f1os<\/span><\/td>\n<td rowspan=\"2\"><span style=\"font-weight: 400;\">Las cookies de origen Google se utilizan para recopilar informaci\u00f3n sobre las visitas al sitio web y c\u00f3mo nuestros visitantes lo utilizan. Las cookies recopilan informaci\u00f3n, como el n\u00famero de visitantes del sitio web, informaci\u00f3n sobre el sitio web de donde provienen los visitantes, las p\u00e1ginas visitadas en el sitio web, el navegador utilizado para la navegaci\u00f3n, el sistema operativo, etc.<\/span><\/td>\n<\/tr>\n<tr>\n<td><span style=\"font-weight: 400;\">_ga_xxxxxxxxxx<\/span><\/td>\n<td><span style=\"font-weight: 400;\">2\u00a0a\u00f1os<\/span><\/td>\n<\/tr>\n<tr>\n<td rowspan=\"2\"><span style=\"font-weight: 400;\">Cookies funcionales<\/span><\/td>\n<td><span style=\"font-weight: 400;\">cookieBannerDisplayed<\/span><span style=\"font-weight: 400;\">\u00a0<\/span><\/td>\n<td><span style=\"font-weight: 400;\">Hasta el final de la sesi\u00f3n de navegaci\u00f3n<\/span><\/td>\n<td><span style=\"font-weight: 400;\">Para notificaciones sobre el uso de cookies<\/span><\/td>\n<\/tr>\n<tr>\n<td><span style=\"font-weight: 400;\">public_lang<\/span><\/td>\n<td><span style=\"font-weight: 400;\">181\u00a0d\u00edas<\/span><\/td>\n<td><span style=\"font-weight: 400;\">Para memorizar el idioma del sitio web utilizado<\/span><\/td>\n<\/tr>\n<tr>\n<td rowspan=\"15\"><span style=\"font-weight: 400;\">Cookies publicitarias<\/span><\/td>\n<td><span style=\"font-weight: 400;\">dpr<\/span><\/td>\n<td><span style=\"font-weight: 400;\">7 d\u00edas<\/span><\/td>\n<td><span style=\"font-weight: 400;\">Cookie de Facebook de terceros para retener informaci\u00f3n sobre un usuario de Facebook que ha iniciado sesi\u00f3n con el fin de ofrecer anuncios y actualizar el contenido. El contenido de las cookies est\u00e1 aprobado a trav\u00e9s de los t\u00e9rminos y condiciones para el uso de Facebook.<\/span><\/td>\n<\/tr>\n<tr>\n<td><span style=\"font-weight: 400;\">fr<\/span><\/td>\n<td><span style=\"font-weight: 400;\">90 d\u00edas<\/span><\/td>\n<td><span style=\"font-weight: 400;\">Cookie de Facebook de terceros para la presentaci\u00f3n de anuncios, medici\u00f3n de conversiones publicitarias y para mejorar la relevancia de los anuncios.<\/span><\/td>\n<\/tr>\n<tr>\n<td><span style=\"font-weight: 400;\">IDE<\/span><\/td>\n<td><span style=\"font-weight: 400;\">390 d\u00edas<\/span><\/td>\n<td><span style=\"font-weight: 400;\">Cookie de DoubleClick de terceros para la presentaci\u00f3n de anuncios de Google en sitios web distintos de Google. Los anuncios dirigidos se muestran de acuerdo con las visitas anteriores en el sitio web. Estas cookies tambi\u00e9n miden la publicidad.<\/span><\/td>\n<\/tr>\n<tr>\n<td><span style=\"font-weight: 400;\">test_cookie<\/span><\/td>\n<td><span style=\"font-weight: 400;\">Varios segundos<\/span><\/td>\n<td><span style=\"font-weight: 400;\">Cookie de DoubleClick de terceros para identificar si el navegador que utiliza el visitante admite cookies.<\/span><\/td>\n<\/tr>\n<tr>\n<td><span style=\"font-weight: 400;\">1P_JAR<\/span><\/td>\n<td><span style=\"font-weight: 400;\">30 d\u00edas<\/span><\/td>\n<td rowspan=\"10\"><span style=\"font-weight: 400;\">Estas cookies se guardan a trav\u00e9s de videos subidos a YouTube. Registran datos estad\u00edsticos an\u00f3nimos, por ejemplo, cu\u00e1ntas veces se reproduce el video y qu\u00e9 configuraciones se utilizan para la reproducci\u00f3n. No se recopilan datos confidenciales y, si ha iniciado sesi\u00f3n en la cuenta de Google, sus acciones se vinculan con su cuenta de Google, por ejemplo, si hace clic en \u00abMe gusta\u00bb en el video.<\/span><\/p>\n<p><span style=\"font-weight: 400;\">Para obtener m\u00e1s informaci\u00f3n, lea <\/span><a href=\"https:\/\/policies.google.com\/privacy?hl=en-US\" target=\"_blank\" rel=\"noopener\"><span style=\"font-weight: 400;\">Google Privacy Policy<\/span><\/a><span style=\"font-weight: 400;\">.<\/span><\/td>\n<\/tr>\n<tr>\n<td><span style=\"font-weight: 400;\">NID<\/span><\/td>\n<td><span style=\"font-weight: 400;\">6\u00a0meses<\/span><\/td>\n<\/tr>\n<tr>\n<td><span style=\"font-weight: 400;\">__Secure-3PSIDCC<\/span><\/td>\n<td><span style=\"font-weight: 400;\">2\u00a0a\u00f1os<\/span><\/td>\n<\/tr>\n<tr>\n<td><span style=\"font-weight: 400;\">__Secure-3PAPISID<\/span><\/td>\n<td><span style=\"font-weight: 400;\">2\u00a0a\u00f1os<\/span><\/td>\n<\/tr>\n<tr>\n<td><span style=\"font-weight: 400;\">__Secure-3PSID<\/span><\/td>\n<td><span style=\"font-weight: 400;\">2\u00a0a\u00f1os<\/span><\/td>\n<\/tr>\n<tr>\n<td><span style=\"font-weight: 400;\">CONSENT<\/span><\/td>\n<td><span style=\"font-weight: 400;\">200\u00a0meses<\/span><\/td>\n<\/tr>\n<tr>\n<td><span style=\"font-weight: 400;\">GPS<\/span><\/td>\n<td><span style=\"font-weight: 400;\">30\u00a0minutos<\/span><\/td>\n<\/tr>\n<tr>\n<td><span style=\"font-weight: 400;\">PREF<\/span><\/td>\n<td><span style=\"font-weight: 400;\">2\u00a0a\u00f1os<\/span><\/td>\n<\/tr>\n<tr>\n<td><span style=\"font-weight: 400;\">VISITOR_INFO1_LIVE<\/span><\/td>\n<td><span style=\"font-weight: 400;\">6\u00a0meses<\/span><\/td>\n<\/tr>\n<tr>\n<td><span style=\"font-weight: 400;\">YSC<\/span><\/td>\n<td><span style=\"font-weight: 400;\">Hasta el final de la sesi\u00f3n de navegaci\u00f3n<\/span><\/td>\n<\/tr>\n<tr>\n<td><span style=\"font-weight: 400;\">_fbp<\/span><\/td>\n<td><span style=\"font-weight: 400;\">6\u00a0meses<\/span><\/td>\n<td><span style=\"font-weight: 400;\">Cookie de Facebook de origen utilizada para la presentaci\u00f3n de nuestros anuncios en Facebook.<\/span><\/td>\n<\/tr>\n<\/tbody>\n<\/table>\n<h3>5. \u00bfC\u00f3mo puedo controlar las cookies?<\/h3>\n<p><span style=\"font-weight: 400;\">Puede controlar el uso de cookies cambiando la configuraci\u00f3n de su navegador. Hay m\u00e1s informaci\u00f3n disponible en el sitio web del proveedor del navegador que utiliza.<\/span><\/p>\n<p><span style=\"font-weight: 400;\">Tenga en cuenta que el borrado de cookies o la desactivaci\u00f3n de cookies para uso futuro puede hacer que ciertas partes o funciones de nuestro sitio web no est\u00e9n disponibles. Si cambia la configuraci\u00f3n de las cookies, eso tambi\u00e9n tendr\u00e1 un efecto en otros sitios web que visite.<\/span><\/p>\n","protected":false},"excerpt":{"rendered":"<p>\u00daltima actualizaci\u00f3n en: 2021-06-01 1. \u00bfQu\u00e9 es una cookie? Las cookies son peque\u00f1os archivos de texto almacenados en el navegador de su dispositivo (por ejemplo, computadora, tel\u00e9fono m\u00f3vil, tableta) cuando navega por sitios web. Otras tecnolog\u00edas, incluidos los datos almacenados en su navegador o dispositivo, los identificadores relacionados con su dispositivo y otro software, se&#8230;<\/p>\n","protected":false},"author":1,"featured_media":0,"parent":0,"menu_order":0,"comment_status":"closed","ping_status":"closed","template":"page-templates\/privacy-policy.php","meta":{"_acf_changed":false,"inline_featured_image":false,"footnotes":""},"class_list":["post-1205614","page","type-page","status-publish","hentry"],"acf":[],"_links":{"self":[{"href":"https:\/\/robin.jobs\/es\/wp-json\/wp\/v2\/pages\/1205614","targetHints":{"allow":["GET"]}}],"collection":[{"href":"https:\/\/robin.jobs\/es\/wp-json\/wp\/v2\/pages"}],"about":[{"href":"https:\/\/robin.jobs\/es\/wp-json\/wp\/v2\/types\/page"}],"author":[{"embeddable":true,"href":"https:\/\/robin.jobs\/es\/wp-json\/wp\/v2\/users\/1"}],"replies":[{"embeddable":true,"href":"https:\/\/robin.jobs\/es\/wp-json\/wp\/v2\/comments?post=1205614"}],"version-history":[{"count":3,"href":"https:\/\/robin.jobs\/es\/wp-json\/wp\/v2\/pages\/1205614\/revisions"}],"predecessor-version":[{"id":1245431,"href":"https:\/\/robin.jobs\/es\/wp-json\/wp\/v2\/pages\/1205614\/revisions\/1245431"}],"wp:attachment":[{"href":"https:\/\/robin.jobs\/es\/wp-json\/wp\/v2\/media?parent=1205614"}],"curies":[{"name":"wp","href":"https:\/\/api.w.org\/{rel}","templated":true}]}}