{"id":1205613,"date":"2021-06-08T14:39:22","date_gmt":"2021-06-08T12:39:22","guid":{"rendered":"https:\/\/robin.jobs\/es\/privacy-policy-for-website-visitors"},"modified":"2026-01-06T00:37:13","modified_gmt":"2026-01-05T23:37:13","slug":"privacy-policy-for-website-visitors","status":"publish","type":"page","link":"https:\/\/robin.jobs\/es\/privacy-policy-for-website-visitors","title":{"rendered":"UAB\u00a0ROBIN JOBS POL\u00cdTICA DE PRIVACIDAD PARA VISITANTES DEL SITIO WEB\u00a0"},"content":{"rendered":"<p><b>\u00daltima actualizaci\u00f3n el: 2021-06-01<\/b><\/p>\n<p>&nbsp;<\/p>\n<p><span style=\"font-weight: 400;\">UAB Robin Jobs se ocupa de la protecci\u00f3n de su informaci\u00f3n. Cumplimos con el Reglamento general de protecci\u00f3n de datos de la Uni\u00f3n Europea (GDPR) y otras leyes que protegen la informaci\u00f3n que recopilamos, usamos y almacenamos en nuestra Compa\u00f1\u00eda.<\/span><\/p>\n<p>&nbsp;<\/p>\n<ul>\n<li aria-level=\"1\"><b>\u00bfC\u00f3mo debo leer esta pol\u00edtica de privacidad?<\/b><\/li>\n<\/ul>\n<p>&nbsp;<\/p>\n<p><span style=\"font-weight: 400;\">Esta Pol\u00edtica de privacidad responder\u00e1 las preguntas clave sobre c\u00f3mo recopilamos, usamos y almacenamos la informaci\u00f3n que obtenemos sobre usted. En caso de que tenga alguna pregunta o alguna parte de este Aviso no est\u00e9 clara, estamos listos para ayudarlo como se describe en la Secci\u00f3n 10 de esta Pol\u00edtica de Privacidad. Tenga en cuenta que cualquier referencia a la palabra \u00abnosotros\u00bb en esta Pol\u00edtica de privacidad se refiere a nuestra Compa\u00f1\u00eda como se indica en la Secci\u00f3n 2 de la Pol\u00edtica de privacidad.<\/span><\/p>\n<p>&nbsp;<\/p>\n<ul>\n<li aria-level=\"1\"><b>\u00bfQui\u00e9n es responsable de la protecci\u00f3n de mi informaci\u00f3n?\u00a0<\/b><\/li>\n<\/ul>\n<p>&nbsp;<\/p>\n<p><span style=\"font-weight: 400;\">Nosotros somos\u00a0\u2013<\/span> <span style=\"font-weight: 400;\">UAB Robin Jobs;<\/span><\/p>\n<p><span style=\"font-weight: 400;\">Identificaci\u00f3n de nuestra entidad legal: 300659719;<\/span><\/p>\n<p><span style=\"font-weight: 400;\">Nuestra direcci\u00f3n: Naru\u010dio g. 3, Vilnius;<\/span><\/p>\n<p><span style=\"font-weight: 400;\">Correo electr\u00f3nico: finance@robin.jobs<\/span><\/p>\n<p>&nbsp;<\/p>\n<ul>\n<li aria-level=\"1\"><b>\u00bfPor qu\u00e9 recopilan informaci\u00f3n sobre m\u00ed?<\/b><\/li>\n<\/ul>\n<p>&nbsp;<\/p>\n<p><span style=\"font-weight: 400;\">Brindamos acceso p\u00fablico al sitio web <\/span><a href=\"https:\/\/robin.jobs\/\"><span style=\"font-weight: 400;\">robin.jobs<\/span><\/a><span style=\"font-weight: 400;\">, lo apoyamos y mejoramos, as\u00ed como aseguramos el correcto funcionamiento de sus funciones. Por estos motivos, se utilizan cookies. M\u00e1s informaci\u00f3n sobre las cookies utilizadas en nuestro sitio web y su finalidad est\u00e1 disponible en la <\/span><span style=\"font-weight: 400;\">Pol\u00edtica de cookies<\/span><span style=\"font-weight: 400;\">.<\/span><\/p>\n<p>&nbsp;<\/p>\n<ul>\n<li aria-level=\"1\"><b>\u00bfQu\u00e9 informaci\u00f3n recopilan, utilizan y almacenan sobre m\u00ed?\u00a0<\/b><\/li>\n<\/ul>\n<p>&nbsp;<\/p>\n<p><span style=\"font-weight: 400;\">Cuando navega por nuestro sitio web, si ha dado su consentimiento para el uso de cookies anal\u00edticas, recopilamos datos an\u00f3nimos de dichas cookies sobre las tendencias de su navegaci\u00f3n en nuestro sitio web, sus datos demogr\u00e1ficos, el navegador utilizado para navegar y el sistema operativo..<\/span><\/p>\n<p>&nbsp;<\/p>\n<p><span style=\"font-weight: 400;\">No podemos utilizar cookies en nuestra cuenta de Facebook, sin embargo, Facebook las utiliza por s\u00ed solo. M\u00e1s informaci\u00f3n sobre c\u00f3mo Facebook recopila, usa y almacena informaci\u00f3n sobre usted est\u00e1 disponible en <\/span><a href=\"https:\/\/www.facebook.com\/policy.php\" target=\"_blank\" rel=\"noopener\"><span style=\"font-weight: 400;\">Facebook Privacy Policy<\/span><\/a><span style=\"font-weight: 400;\">.<\/span><\/p>\n<p>&nbsp;<\/p>\n<ul>\n<li aria-level=\"1\"><b>\u00bfUsan cookies?<\/b><\/li>\n<\/ul>\n<p>&nbsp;<\/p>\n<p><span style=\"font-weight: 400;\">\u00a0Si. Usamos cookies como se detalla en el <\/span><span style=\"font-weight: 400;\">Cookie Policy<\/span><span style=\"font-weight: 400;\">.<\/span><\/p>\n<p>&nbsp;<\/p>\n<ul>\n<li aria-level=\"1\"><b>\u00bfCu\u00e1l es la base legal para recopilar informaci\u00f3n sobre m\u00ed?<\/b><\/li>\n<\/ul>\n<p>&nbsp;<\/p>\n<p><span style=\"font-weight: 400;\">Recopilamos informaci\u00f3n sobre usted de manera legal por los siguientes motivos:<\/span><\/p>\n<ul>\n<li style=\"font-weight: 400;\" aria-level=\"1\"><span style=\"font-weight: 400;\">En funci\u00f3n de nuestro inter\u00e9s leg\u00edtimo en utilizar cookies que son obligatorias para el correcto funcionamiento del sitio web y sus funciones (art\u00edculo 6 (1) (f) del RGPD);<\/span><\/li>\n<li style=\"font-weight: 400;\" aria-level=\"1\"><span style=\"font-weight: 400;\">Basado en su consentimiento para el uso de cookies anal\u00edticas y publicitarias (art\u00edculo 6 (1) (a) del RGPD).<\/span><\/li>\n<\/ul>\n<p>&nbsp;<\/p>\n<ul>\n<li aria-level=\"1\"><b>\u00bfCompartes mi informaci\u00f3n con otras entidades?<\/b><\/li>\n<\/ul>\n<p>&nbsp;<\/p>\n<p><span style=\"font-weight: 400;\">Podemos compartir informaci\u00f3n con proveedores de servicios de TI, mantenimiento y soporte de sitios web, proveedores de servicios de cookies.<\/span><\/p>\n<p>&nbsp;<\/p>\n<ul>\n<li aria-level=\"1\"><b>\u00bfCu\u00e1nto tiempo almacenan informaci\u00f3n sobre m\u00ed?<\/b><\/li>\n<\/ul>\n<p>&nbsp;<\/p>\n<p><span style=\"font-weight: 400;\">La informaci\u00f3n relacionada con las cookies se almacena como se detalla en el Cookie Policy.<\/span><\/p>\n<p>&nbsp;<\/p>\n<ul>\n<li aria-level=\"1\"><b>\u00bfQu\u00e9 acciones puedo tomar con respecto a mi informaci\u00f3n en su empresa?<\/b><\/li>\n<\/ul>\n<p>&nbsp;<\/p>\n<p><span style=\"font-weight: 400;\">Para tomar cualquiera de las acciones mencionadas a continuaci\u00f3n, comun\u00edquese con nosotros como se especifica en la Secci\u00f3n 10. Tenga en cuenta que estos derechos est\u00e1n sujetos a condiciones legales y excepcionales.<\/span><\/p>\n<p>&nbsp;<\/p>\n<ul>\n<li aria-level=\"1\"><b>Derecho a solicitar acceso a la informaci\u00f3n que tenemos sobre usted, si procesamos sus datos personales que permitan su identificaci\u00f3n;<\/b><\/li>\n<\/ul>\n<ul>\n<li aria-level=\"1\"><b>Derecho a solicitar la rectificaci\u00f3n o el complemento de la informaci\u00f3n que tenemos sobre usted;<\/b><\/li>\n<\/ul>\n<ul>\n<li aria-level=\"1\"><b>Derecho a solicitar la supresi\u00f3n de sus datos cuando:<\/b><\/li>\n<\/ul>\n<ul>\n<li aria-level=\"1\"><b>sus datos se procesan sobre la base de su consentimiento;<\/b><\/li>\n<\/ul>\n<ul>\n<li aria-level=\"1\"><b>sus datos se procesan ilegalmente;<\/b><\/li>\n<\/ul>\n<ul>\n<li aria-level=\"1\"><b>sus datos se procesan sobre la base de nuestro inter\u00e9s leg\u00edtimo que usted refuta;<\/b><\/li>\n<\/ul>\n<ul>\n<li aria-level=\"1\"><b>sus datos ya no son necesarios en relaci\u00f3n con los fines para los que fueron recopilados;<\/b><\/li>\n<\/ul>\n<ul>\n<li aria-level=\"1\"><b>tenemos la obligaci\u00f3n legal de borrar informaci\u00f3n sobre usted;<\/b><\/li>\n<\/ul>\n<ul>\n<li aria-level=\"1\"><b>Derecho a solicitarnos que restrinjamos el procesamiento de la informaci\u00f3n que tenemos sobre usted cuando impugna la exactitud de los datos u objete el procesamiento de datos, no este de acuerdo con el borrado de los datos procesados ilegalmente sobre usted, o cuando necesite los datos para el establecimiento, ejercicio o defensa de reclamaciones legales;<\/b><\/li>\n<\/ul>\n<ul>\n<li aria-level=\"1\"><b>Derecho a impugnar la recopilaci\u00f3n, el uso y el almacenamiento de su informaci\u00f3n en nuestra empresa, donde procesamos sus datos sobre la base de un inter\u00e9s leg\u00edtimo;<\/b><\/li>\n<\/ul>\n<ul>\n<li aria-level=\"1\"><b>Derecho a solicitar la exportaci\u00f3n de sus datos cuando nos haya proporcionado datos en un formato estructurado de uso com\u00fan y haya dado su consentimiento para el procesamiento de dichos datos o si tenemos que procesar dichos datos para la ejecuci\u00f3n de un contrato con usted;<\/b><\/li>\n<\/ul>\n<ul>\n<li aria-level=\"1\"><b>Derecho a retirar el consentimiento que dio para el procesamiento de sus datos personales en cualquier momento (puede hacerlo cambiando la configuraci\u00f3n de su navegador);<\/b><\/li>\n<\/ul>\n<ul>\n<li aria-level=\"1\"><b>Derecho a presentar una reclamaci\u00f3n ante la Inspecci\u00f3n Estatal de Protecci\u00f3n de Datos (para obtener m\u00e1s informaci\u00f3n, consulte <\/b><b>vdai.lrv.lt<\/b><b>).<\/b><\/li>\n<\/ul>\n<p><b><\/b><br \/>\n<b><\/b><\/p>\n<ul>\n<li aria-level=\"1\"><b>\u00bfC\u00f3mo pueden ayudarme?<\/b><\/li>\n<\/ul>\n<p>&nbsp;<\/p>\n<p><span style=\"font-weight: 400;\">Si tiene alguna pregunta, comentario o queja en relaci\u00f3n con la forma en que recopilamos, usamos y almacenamos datos sobre usted, estamos listos para ayudarlo. Si necesita ayuda, cont\u00e1ctenos por correo electr\u00f3nico finance@robin.jobs.<\/span><\/p>\n","protected":false},"excerpt":{"rendered":"<p>\u00daltima actualizaci\u00f3n el: 2021-06-01 &nbsp; UAB Robin Jobs se ocupa de la protecci\u00f3n de su informaci\u00f3n. Cumplimos con el Reglamento general de protecci\u00f3n de datos de la Uni\u00f3n Europea (GDPR) y otras leyes que protegen la informaci\u00f3n que recopilamos, usamos y almacenamos en nuestra Compa\u00f1\u00eda. &nbsp; \u00bfC\u00f3mo debo leer esta pol\u00edtica de privacidad? &nbsp; Esta&#8230;<\/p>\n","protected":false},"author":1,"featured_media":0,"parent":0,"menu_order":0,"comment_status":"closed","ping_status":"closed","template":"page-templates\/privacy-policy.php","meta":{"_acf_changed":false,"inline_featured_image":false,"footnotes":""},"class_list":["post-1205613","page","type-page","status-publish","hentry"],"acf":[],"_links":{"self":[{"href":"https:\/\/robin.jobs\/es\/wp-json\/wp\/v2\/pages\/1205613","targetHints":{"allow":["GET"]}}],"collection":[{"href":"https:\/\/robin.jobs\/es\/wp-json\/wp\/v2\/pages"}],"about":[{"href":"https:\/\/robin.jobs\/es\/wp-json\/wp\/v2\/types\/page"}],"author":[{"embeddable":true,"href":"https:\/\/robin.jobs\/es\/wp-json\/wp\/v2\/users\/1"}],"replies":[{"embeddable":true,"href":"https:\/\/robin.jobs\/es\/wp-json\/wp\/v2\/comments?post=1205613"}],"version-history":[{"count":2,"href":"https:\/\/robin.jobs\/es\/wp-json\/wp\/v2\/pages\/1205613\/revisions"}],"predecessor-version":[{"id":1248806,"href":"https:\/\/robin.jobs\/es\/wp-json\/wp\/v2\/pages\/1205613\/revisions\/1248806"}],"wp:attachment":[{"href":"https:\/\/robin.jobs\/es\/wp-json\/wp\/v2\/media?parent=1205613"}],"curies":[{"name":"wp","href":"https:\/\/api.w.org\/{rel}","templated":true}]}}