{"id":1195786,"date":"2019-05-21T14:34:22","date_gmt":"2019-05-21T11:34:22","guid":{"rendered":"https:\/\/robin.jobs\/portugal\/?page_id=1195786"},"modified":"2026-04-05T13:21:51","modified_gmt":"2026-04-05T11:21:51","slug":"ofertas-de-empleo-en-el-extranjero","status":"publish","type":"page","link":"https:\/\/robin.jobs\/es\/ofertas-de-empleo-en-el-extranjero","title":{"rendered":"Ofertas de empleo en el extranjero"},"content":{"rendered":"<p>Est\u00e1 buscando una vacante de empleo en el extranjero? Robin tiene de momento <strong>44\u00a0<\/strong>vacantes de empleo abiertas en el exterior, en <a href=\"https:\/\/robin.jobs\/es\/trabajar-en-holanda\">Holanda<\/a>, <a href=\"https:\/\/robin.jobs\/es\/trabajar-en-alemania\">Alemania<\/a> y <a href=\"https:\/\/robin.jobs\/es\/trabajar-en-belgica\">B\u00e9lgica<\/a>. Existe una gran variedad de empleo a escoger, no importa si est\u00e1 solo o en pareja, si domina o no el ingl\u00e9s.<\/p>\n<p><!--more--><\/p>\n<p>Al encontrar un trabajo <a href=\"https:\/\/robin.jobs\/es\/ofertas-de-empleo-en-el-extranjero\">trabajo en el extranjero<\/a> no solo va a permitir juntar dinero para el futuro sino tambi\u00e9n abrir sus horizontes y construir relaciones internacionales. No es un impedimento si busca un empleo a largo o corto plazo, si esta buscando un trabajo en pareja o solo, habr\u00e1n oportunidades de trabajo para usted.<\/p>\n<p>Dentro de las vacantes existentes en las <strong>25 diferentes agencias<\/strong> que est\u00e1n en <a href=\"https:\/\/robin.jobs\/es\/ofertas-de-empleo-en-el-extranjero\/alemania\">Alemania<\/a>, <a href=\"https:\/\/robin.jobs\/es\/ofertas-de-empleo-en-el-extranjero\/holanda\">Holanda<\/a>, e <a href=\"https:\/\/robin.jobs\/es\/ofertas-de-empleo-en-el-extranjero\/belgica\">B\u00e9lgica<\/a> respectivamente, junto a nuestro equipo de reclutamiento, se le permitir\u00e1 con la ayuda de Robin que pueda escoger el trabajo con alojamiento que mas se ajuste a usted y sus necesidades.<\/p>\n<h2>Una gran variedad de ofertas de empleo en el extranjero<\/h2>\n<p>Est\u00e1 en la b\u00fasqueda de\u00a0<a href=\"https:\/\/robin.jobs\/es\/ofertas-de-empleo-en-el-extranjero\">empleo asegurado en el extranjero<\/a>? Tenemos diferentes vacantes de trabajo\u00a0 disponibles en Alemania, Holanda y B\u00e9lgica.<\/p>\n<p>Temos vagas de trabalho diferentes dispon\u00edveis na Alemanha, Holanda e B\u00e9lgica. Si est\u00e1 motivado para ir a trabajar al extranjero, pero no ha decidido a qu\u00e9 pa\u00eds le gustar\u00eda ir, verifique <a href=\"https:\/\/robin.jobs\/es\/trabajo-en-el-extranjero\/mejores-paises-para-trabajar-en-europa\">qu\u00e9 pa\u00eds de la UE es el mejor para ir a trabajar al extranjero en 2025.<\/a><\/p>\n<p>Seguramente habr\u00e1n mas vacantes disponibles en el extranjero que ofrecen o que usted busque. No importa si busca un trabajo como estudiante o si ya tiene experiencia en construcci\u00f3n o como empacador. Pregunte por nuestras vacantes en el extranjero que est\u00e1n disponibles en este momento e <a href=\"#js-signup-modal\">inscr\u00edbase ahora<\/a> para recibir las vacantes que respondan a sus necesidades.<\/p>\n<p>&nbsp;<\/p>\n","protected":false},"excerpt":{"rendered":"<p>Est\u00e1 buscando una vacante de empleo en el extranjero? Robin tiene de momento \u00a0vacantes de empleo abiertas en el exterior, en Holanda, Alemania y B\u00e9lgica. Existe una gran variedad de empleo a escoger, no importa si est\u00e1 solo o en pareja, si domina o no el ingl\u00e9s.<\/p>\n","protected":false},"author":1,"featured_media":1201429,"parent":0,"menu_order":0,"comment_status":"closed","ping_status":"closed","template":"page-templates\/vacancy-archive.php","meta":{"_acf_changed":false,"inline_featured_image":false,"footnotes":""},"class_list":["post-1195786","page","type-page","status-publish","has-post-thumbnail","hentry"],"acf":[],"_links":{"self":[{"href":"https:\/\/robin.jobs\/es\/wp-json\/wp\/v2\/pages\/1195786","targetHints":{"allow":["GET"]}}],"collection":[{"href":"https:\/\/robin.jobs\/es\/wp-json\/wp\/v2\/pages"}],"about":[{"href":"https:\/\/robin.jobs\/es\/wp-json\/wp\/v2\/types\/page"}],"author":[{"embeddable":true,"href":"https:\/\/robin.jobs\/es\/wp-json\/wp\/v2\/users\/1"}],"replies":[{"embeddable":true,"href":"https:\/\/robin.jobs\/es\/wp-json\/wp\/v2\/comments?post=1195786"}],"version-history":[{"count":5,"href":"https:\/\/robin.jobs\/es\/wp-json\/wp\/v2\/pages\/1195786\/revisions"}],"predecessor-version":[{"id":1236336,"href":"https:\/\/robin.jobs\/es\/wp-json\/wp\/v2\/pages\/1195786\/revisions\/1236336"}],"wp:featuredmedia":[{"embeddable":true,"href":"https:\/\/robin.jobs\/es\/wp-json\/wp\/v2\/media\/1201429"}],"wp:attachment":[{"href":"https:\/\/robin.jobs\/es\/wp-json\/wp\/v2\/media?parent=1195786"}],"curies":[{"name":"wp","href":"https:\/\/api.w.org\/{rel}","templated":true}]}}