{"id":1240047,"date":"2025-06-25T07:00:36","date_gmt":"2025-06-25T05:00:36","guid":{"rendered":"https:\/\/robin.jobs\/cz\/?page_id=1240047"},"modified":"2026-02-08T14:51:37","modified_gmt":"2026-02-08T13:51:37","slug":"prace-pro-pary","status":"publish","type":"page","link":"https:\/\/robin.jobs\/cz\/prace-v-holandsku\/prace-pro-pary","title":{"rendered":"Nab\u00eddky pr\u00e1ce pro p\u00e1ry s ubytov\u00e1n\u00edm v Nizozemsku"},"content":{"rendered":"","protected":false},"excerpt":{"rendered":"","protected":false},"author":1,"featured_media":1240048,"parent":15028,"menu_order":0,"comment_status":"closed","ping_status":"closed","template":"page-templates\/flexible-content.php","meta":{"_acf_changed":false,"inline_featured_image":false,"footnotes":""},"class_list":["post-1240047","page","type-page","status-publish","has-post-thumbnail","hentry"],"acf":[],"_links":{"self":[{"href":"https:\/\/robin.jobs\/cz\/wp-json\/wp\/v2\/pages\/1240047","targetHints":{"allow":["GET"]}}],"collection":[{"href":"https:\/\/robin.jobs\/cz\/wp-json\/wp\/v2\/pages"}],"about":[{"href":"https:\/\/robin.jobs\/cz\/wp-json\/wp\/v2\/types\/page"}],"author":[{"embeddable":true,"href":"https:\/\/robin.jobs\/cz\/wp-json\/wp\/v2\/users\/1"}],"replies":[{"embeddable":true,"href":"https:\/\/robin.jobs\/cz\/wp-json\/wp\/v2\/comments?post=1240047"}],"version-history":[{"count":3,"href":"https:\/\/robin.jobs\/cz\/wp-json\/wp\/v2\/pages\/1240047\/revisions"}],"predecessor-version":[{"id":1257147,"href":"https:\/\/robin.jobs\/cz\/wp-json\/wp\/v2\/pages\/1240047\/revisions\/1257147"}],"up":[{"embeddable":true,"href":"https:\/\/robin.jobs\/cz\/wp-json\/wp\/v2\/pages\/15028"}],"wp:featuredmedia":[{"embeddable":true,"href":"https:\/\/robin.jobs\/cz\/wp-json\/wp\/v2\/media\/1240048"}],"wp:attachment":[{"href":"https:\/\/robin.jobs\/cz\/wp-json\/wp\/v2\/media?parent=1240047"}],"curies":[{"name":"wp","href":"https:\/\/api.w.org\/{rel}","templated":true}]}}