{"id":1216463,"date":"2021-06-08T14:40:39","date_gmt":"2021-06-08T12:40:39","guid":{"rendered":"https:\/\/robin.jobs\/cz\/privacy-policy-2"},"modified":"2026-01-06T00:35:50","modified_gmt":"2026-01-05T23:35:50","slug":"privacy-policy-2","status":"publish","type":"page","link":"https:\/\/robin.jobs\/cz\/zasady-ochrany-osobnich-udaju","title":{"rendered":"UAB ROBIN JOBS Z\u00c1SADY OCHRANY OSOBN\u00cdCH \u00daDAJ\u016e NA WEBU"},"content":{"rendered":"<p align=\"JUSTIFY\"><span style=\"color: #000000;\"><span style=\"font-family: Calibri, serif;\"><span style=\"font-size: small;\"><i><span style=\"font-family: Times New Roman, serif;\"><span style=\"font-size: medium;\">UAB<\/span><\/span><span style=\"font-family: Times New Roman, serif;\"><span style=\"font-size: medium;\"><span lang=\"en-US\">\u00a0<\/span><\/span><\/span><span style=\"font-family: Times New Roman, serif;\"><span style=\"font-size: medium;\"><span lang=\"de-DE\">Robin Jobs<\/span><\/span><\/span><span style=\"font-family: Times New Roman, serif;\"><span style=\"font-size: medium;\"> se star\u00e1 o ochranu va\u0161ich osobn\u00edch \u00fadaj\u016f. Dodr\u017eujeme Obecn\u00e9 na\u0159\u00edzen\u00ed o ochran\u011b osobn\u00edch \u00fadaj\u016f Evropsk\u00e9 unie<\/span><\/span><span style=\"font-family: Times New Roman, serif;\"><span style=\"font-size: medium;\"><span lang=\"de-DE\"> (GDPR<\/span><\/span><\/span><span style=\"font-family: Times New Roman, serif;\"><span style=\"font-size: medium;\"> &#8211; General Data Protection Regulation) a dal\u0161\u00ed z\u00e1kony chr\u00e1n\u00edc\u00ed va\u0161e osobn\u00ed \u00fadaje, kter\u00e9 sb\u00edr\u00e1me, vyu\u017e\u00edv\u00e1me a uchov\u00e1v\u00e1me v na\u0161\u00ed spole<\/span><\/span><\/i><\/span><\/span><\/span><\/p>\n<p align=\"JUSTIFY\"><span style=\"color: #000000;\"><span style=\"font-family: Calibri, serif;\"><span style=\"font-size: small;\"><i><span style=\"font-family: Times New Roman, serif;\"><span style=\"font-size: medium;\">nosti.<\/span><\/span><\/i><\/span><\/span><\/span><\/p>\n<p><span style=\"color: #000000;\"><span style=\"font-family: Calibri, serif;\"><span style=\"font-size: small;\"><i><span style=\"font-family: Times New Roman, serif;\"><span style=\"font-size: medium;\"><b>1. Z\u00e1sady ochrany osobn\u00edch \u00fadaj\u016f<\/b><\/span><\/span><\/i><\/span><\/span><\/span><\/p>\n<p align=\"JUSTIFY\"><span style=\"color: #000000;\"><span style=\"font-family: Calibri, serif;\"><span style=\"font-size: small;\"><i><span style=\"font-family: Times New Roman, serif;\"><span style=\"font-size: medium;\">Na\u0161e Z\u00e1sady ochrany osobn\u00edch \u00fadaj\u016f zodpov\u00ed nejd\u016fle\u017eit\u011bj\u0161\u00ed dotazy o tom, jak sb\u00edr\u00e1me, vyu\u017e\u00edv\u00e1me a ukl\u00e1d\u00e1me informace o v\u00e1s. V p\u0159\u00edpad\u011b, \u017ee m\u00e1te jak\u00e9koliv dotazy, pom\u016f\u017eeme v\u00e1m dle popisu n\u00ed\u017ee.<\/span><\/span><\/i><\/span><\/span><\/span><\/p>\n<p align=\"JUSTIFY\"><span style=\"color: #000000;\"><span style=\"font-family: Calibri, serif;\"><span style=\"font-size: small;\"><i><span style=\"font-family: Times New Roman, serif;\"><span style=\"font-size: medium;\">Pros\u00edm d\u016fkladn\u011b si p\u0159e<\/span><\/span><\/i><\/span><\/span><\/span><\/p>\n<p align=\"JUSTIFY\"><span style=\"color: #000000;\"><span style=\"font-family: Calibri, serif;\"><span style=\"font-size: small;\"><i><span style=\"font-family: Times New Roman, serif;\"><span style=\"font-size: medium;\">t\u011bte na\u0161e Z\u00e1sady ochrany osobn\u00edch \u00fadaj\u016f:<\/span><\/span><\/i><\/span><\/span><\/span><\/p>\n<table border=\"1\" width=\"733\" cellspacing=\"0\" cellpadding=\"7\" bgcolor=\"#d0ddef\">\n<tbody>\n<tr valign=\"TOP\">\n<td bgcolor=\"#ffffff\" width=\"178\" height=\"44\">\n<p align=\"LEFT\"><span style=\"color: #0000ff;\"><a style=\"color: #0000ff;\" href=\"https:\/\/robin.jobs\/cz\/privacy-policy-for-website-visitors\"><strong><span style=\"font-family: Calibri, serif;\"><span style=\"font-size: small;\"><i><span style=\"font-family: Times New Roman, serif;\"><span style=\"font-size: medium;\"><span lang=\"en-US\"><span style=\"color: #0000ff;\">Z\u00e1sady ochrany osobn\u00edch \u00fadaj\u016f pro n\u00e1v\u0161t\u011bvn\u00edky webu<\/span><\/span><\/span><\/span><\/i><\/span><\/span><\/strong><\/a><\/span><\/p>\n<\/td>\n<td bgcolor=\"#ffffff\" width=\"160\">\n<p align=\"LEFT\"><span style=\"color: #0000ff;\"><a style=\"color: #0000ff;\" href=\"https:\/\/robin.jobs\/cz\/cookie-policy\"><strong><span style=\"font-family: Calibri, serif;\"><span style=\"font-size: small;\"><i><span style=\"font-family: Times New Roman, serif;\"><span style=\"font-size: medium;\"><span lang=\"en-US\"><span style=\"color: #0000ff;\">Z\u00e1sady Cookies<\/span><\/span><\/span><\/span><\/i><\/span><\/span><\/strong><\/a><\/span><\/p>\n<\/td>\n<td bgcolor=\"#ffffff\" width=\"178\">\n<p align=\"LEFT\"><span style=\"color: #0000ff;\"><a style=\"color: #0000ff;\" href=\"https:\/\/robin.jobs\/cz\/privacy-policy-for-persons-submitting-inquiries-requests-complaints\"><strong><span style=\"font-family: Calibri, serif;\"><span style=\"font-size: small;\"><i><span style=\"font-family: Times New Roman, serif;\"><span style=\"font-size: medium;\"><span lang=\"en-US\"><span style=\"color: #0000ff;\">Z\u00e1sady ochrany osobn\u00edch \u00fadaj\u016f pro osoby, kter\u00e9 zadaj\u00ed po\u017eadavek<\/span><\/span><\/span><\/span><\/i><\/span><\/span><\/strong><\/a><\/span><\/p>\n<\/td>\n<td bgcolor=\"#ffffff\" width=\"159\">\n<p align=\"LEFT\"><span style=\"color: #0000ff;\"><a style=\"color: #0000ff;\" href=\"https:\/\/robin.jobs\/cz\/privacy-policy-for-registered-users\"><strong><span style=\"font-family: Calibri, serif;\"><span style=\"font-size: small;\"><i><span style=\"font-family: Times New Roman, serif;\"><span style=\"font-size: medium;\"><span lang=\"en-US\"><span style=\"color: #0000ff;\">Z\u00e1sady ochrany osobn\u00edch \u00fadaj\u016f pro registrovan\u00e9 u\u017eivatele<\/span><\/span><\/span><\/span><\/i><\/span><\/span><\/strong><\/a><\/span><\/p>\n<\/td>\n<\/tr>\n<\/tbody>\n<\/table>\n<p align=\"JUSTIFY\"><span style=\"color: #000000;\"><span style=\"font-family: Calibri, serif;\"><span style=\"font-size: small;\"><i><span style=\"font-family: Times New Roman, serif;\"><span style=\"font-size: medium;\"><b>2. Na\u0161e kontaktn\u00ed \u00fadaje<\/b><\/span><\/span><\/i><\/span><\/span><\/span><\/p>\n<p align=\"JUSTIFY\"><span style=\"color: #000000;\"><span style=\"font-family: Calibri, serif;\"><span style=\"font-size: small;\"><i><span style=\"font-family: Times New Roman, serif;\"><span style=\"font-size: medium;\">Pokud m\u00e1te jak\u00e9koliv dotazy, p\u0159ipom\u00ednky nebo st\u00ed\u017enosti ve vztahu k tomu jak sb\u00edr\u00e1me, vyu\u017e\u00edv\u00e1me a ukl\u00e1d\u00e1me informace o v\u00e1s, jsme p\u0159ipraveni v\u00e1m pomoci. Pokud byste pot\u0159ebovali pomoc, kontaktujte n\u00e1s emailem na finance@robin.jobs. <\/span><\/span><\/i><\/span><\/span><\/span><\/p>\n<p align=\"JUSTIFY\"><span style=\"color: #000000;\"><span style=\"font-family: Calibri, serif;\"><span style=\"font-size: small;\"><i><span style=\"font-family: Times New Roman, serif;\"><span style=\"font-size: medium;\"><b>3. Moje pr\u00e1va<\/b><\/span><\/span><\/i><\/span><\/span><\/span><\/p>\n<p align=\"JUSTIFY\"><span style=\"color: #000000;\"><span style=\"font-family: Calibri, serif;\"><span style=\"font-size: small;\"><i><span style=\"font-family: Times New Roman, serif;\"><span style=\"font-size: medium;\">Abyste mohli prov\u00e9st jakoukoliv akci popsanou n\u00ed\u017ee, pros\u00edme kontaktujte n\u00e1s s vyu\u017eit\u00edm kontaktn\u00edch informac\u00ed uveden\u00fdch v <\/span><\/span><\/i><\/span><\/span><\/span><\/p>\n<p align=\"JUSTIFY\"><span style=\"color: #000000;\"><span style=\"font-family: Calibri, serif;\"><span style=\"font-size: small;\"><i><span style=\"font-family: Times New Roman, serif;\"><span style=\"font-size: medium;\">l\u00e1nku<\/span><\/span><span style=\"font-family: Times New Roman, serif;\"><span style=\"font-size: medium;\"><span lang=\"en-US\">\u00a0<\/span><\/span><\/span><span style=\"font-family: Times New Roman, serif;\"><span style=\"font-size: medium;\">2. M\u011bjte pros\u00edm na pam\u011bti, \u017ee tato pr\u00e1va podl\u00e9haj\u00ed z\u00e1konn\u00fdm podm\u00ednk\u00e1m a v\u00fdjimk\u00e1m: <\/span><\/span><\/i><\/span><\/span><\/span><\/p>\n<ul>\n<li>\n<p align=\"JUSTIFY\"><span style=\"color: #000000;\"><span style=\"font-family: Calibri, serif;\"><span style=\"font-size: small;\"><i><span style=\"font-family: Times New Roman, serif;\"><span style=\"font-size: medium;\"><b>Pr\u00e1vo na vy\u017e\u00e1d\u00e1n\u00ed p\u0159\u00edstupu k informac\u00edm, kter\u00e9 o v\u00e1s dr\u017e\u00edme;<\/b><\/span><\/span><\/i><\/span><\/span><\/span><\/p>\n<\/li>\n<li>\n<p align=\"JUSTIFY\"><span style=\"color: #000000;\"><span style=\"font-family: Calibri, serif;\"><span style=\"font-size: small;\"><i><span style=\"font-family: Times New Roman, serif;\"><span style=\"font-size: medium;\"><b>Pr\u00e1vo na vy\u017e\u00e1d\u00e1n\u00ed \u00fapravy informac\u00ed, kter\u00e9 o v\u00e1s dr\u017e\u00edme;<\/b><\/span><\/span><\/i><\/span><\/span><\/span><\/p>\n<\/li>\n<li>\n<p align=\"JUSTIFY\"><span style=\"color: #000000;\"><span style=\"font-family: Calibri, serif;\"><span style=\"font-size: small;\"><i><span style=\"font-family: Times New Roman, serif;\"><span style=\"font-size: medium;\"><b>Pr\u00e1vo na vy\u017e\u00e1d\u00e1n\u00ed v\u00fdmazu informac\u00ed, kter<\/b><\/span><\/span><span style=\"font-family: Times New Roman, serif;\"><span style=\"font-size: medium;\"><span lang=\"fr-FR\"><b>\u00e9 <\/b><\/span><\/span><\/span><span style=\"font-family: Times New Roman, serif;\"><span style=\"font-size: medium;\"><span lang=\"it-IT\"><b>o v<\/b><\/span><\/span><\/span><span style=\"font-family: Times New Roman, serif;\"><span style=\"font-size: medium;\"><b>\u00e1<\/b><\/span><\/span><span style=\"font-family: Times New Roman, serif;\"><span style=\"font-size: medium;\"><span lang=\"fr-FR\"><b>s dr<\/b><\/span><\/span><\/span><span style=\"font-family: Times New Roman, serif;\"><span style=\"font-size: medium;\"><b>\u017e\u00ed<\/b><\/span><\/span><span style=\"font-family: Times New Roman, serif;\"><span style=\"font-size: medium;\"><span lang=\"pt-PT\"><b>me;<\/b><\/span><\/span><\/span><\/i><\/span><\/span><\/span><\/p>\n<\/li>\n<li>\n<p align=\"JUSTIFY\"><span style=\"color: #000000;\"><span style=\"font-family: Calibri, serif;\"><span style=\"font-size: small;\"><i><span style=\"font-family: Times New Roman, serif;\"><span style=\"font-size: medium;\"><b>Pr\u00e1vo na vy\u017e\u00e1d\u00e1n\u00ed omezen\u00ed p\u0159\u00edstupu k informac\u00edm, kter<\/b><\/span><\/span><span style=\"font-family: Times New Roman, serif;\"><span style=\"font-size: medium;\"><span lang=\"fr-FR\"><b>\u00e9 <\/b><\/span><\/span><\/span><span style=\"font-family: Times New Roman, serif;\"><span style=\"font-size: medium;\"><span lang=\"it-IT\"><b>o v<\/b><\/span><\/span><\/span><span style=\"font-family: Times New Roman, serif;\"><span style=\"font-size: medium;\"><b>\u00e1<\/b><\/span><\/span><span style=\"font-family: Times New Roman, serif;\"><span style=\"font-size: medium;\"><span lang=\"fr-FR\"><b>s dr<\/b><\/span><\/span><\/span><span style=\"font-family: Times New Roman, serif;\"><span style=\"font-size: medium;\"><b>\u017e\u00edme nebo jejich v\u00fdmazu;<\/b><\/span><\/span><\/i><\/span><\/span><\/span><\/p>\n<\/li>\n<li>\n<p align=\"JUSTIFY\"><span style=\"color: #000000;\"><span style=\"font-family: Calibri, serif;\"><span style=\"font-size: small;\"><i><span style=\"font-family: Times New Roman, serif;\"><span style=\"font-size: medium;\"><b>Pr\u00e1vo na odvol\u00e1n\u00ed sb\u011bru, vyu\u017eit\u00ed a ukl\u00e1d\u00e1n\u00ed va\u0161ich informac\u00ed v na\u0161\u00ed spole<\/b><\/span><\/span><\/i><\/span><\/span><\/span><\/p>\n<\/li>\n<li>\n<p align=\"JUSTIFY\"><span style=\"color: #000000;\"><span style=\"font-family: Calibri, serif;\"><span style=\"font-size: small;\"><i><span style=\"font-family: Times New Roman, serif;\"><span style=\"font-size: medium;\"><b>nosti;<\/b><\/span><\/span><\/i><\/span><\/span><\/span><\/p>\n<\/li>\n<li>\n<p align=\"JUSTIFY\"><span style=\"color: #000000;\"><span style=\"font-family: Calibri, serif;\"><span style=\"font-size: small;\"><i><span style=\"font-family: Times New Roman, serif;\"><span style=\"font-size: medium;\"><b>Pr\u00e1vo na vy\u017e\u00e1d\u00e1n\u00ed exportu va\u0161ich dat nebo jejich p\u0159evod do jin\u00e9 spole<\/b><\/span><\/span><\/i><\/span><\/span><\/span><\/p>\n<\/li>\n<li>\n<p align=\"JUSTIFY\"><span style=\"color: #000000;\"><span style=\"font-family: Calibri, serif;\"><span style=\"font-size: small;\"><i><span style=\"font-family: Times New Roman, serif;\"><span style=\"font-size: medium;\"><b>nosti;<\/b><\/span><\/span><\/i><\/span><\/span><\/span><\/p>\n<\/li>\n<li>\n<p align=\"JUSTIFY\"><span style=\"color: #000000;\"><span style=\"font-family: Calibri, serif;\"><span style=\"font-size: small;\"><i><span style=\"font-family: Times New Roman, serif;\"><span style=\"font-size: medium;\"><b>Pr\u00e1vo na zad\u00e1n\u00ed st\u00ed\u017enosti St\u00e1tn\u00edmu inspektor\u00e1tu ochrany osobn\u00edch \u00fadaj\u016f (pro v\u00edce informac\u00ed se obra\u0165te na web <\/b><\/span><\/span><span style=\"color: #0563c1;\"><u><span style=\"font-family: Times New Roman, serif;\"><span style=\"font-size: medium;\"><b>vdai.lrv.lt<\/b><\/span><\/span><\/u><\/span><span style=\"font-family: Times New Roman, serif;\"><span style=\"font-size: medium;\"><b>).<\/b><\/span><\/span><\/i><\/span><\/span><\/span><\/p>\n<\/li>\n<\/ul>\n<p>&nbsp;<\/p>\n<p><a href=\"https:\/\/robin.jobs\/cz\/wp-content\/uploads\/sites\/23\/2021\/06\/privacy-rules-freelancers.docx\">Z\u00e1sady ochrany osobn\u00edch \u00fadaj\u016f pro nez\u00e1visl\u00e9 pracovn\u00edky<\/a><\/p>\n","protected":false},"excerpt":{"rendered":"<p>UAB\u00a0Robin Jobs se star\u00e1 o ochranu va\u0161ich osobn\u00edch \u00fadaj\u016f. Dodr\u017eujeme Obecn\u00e9 na\u0159\u00edzen\u00ed o ochran\u011b osobn\u00edch \u00fadaj\u016f Evropsk\u00e9 unie (GDPR &#8211; General Data Protection Regulation) a dal\u0161\u00ed z\u00e1kony chr\u00e1n\u00edc\u00ed va\u0161e osobn\u00ed \u00fadaje, kter\u00e9 sb\u00edr\u00e1me, vyu\u017e\u00edv\u00e1me a uchov\u00e1v\u00e1me v na\u0161\u00ed spole nosti. 1. Z\u00e1sady ochrany osobn\u00edch \u00fadaj\u016f Na\u0161e Z\u00e1sady ochrany osobn\u00edch \u00fadaj\u016f zodpov\u00ed nejd\u016fle\u017eit\u011bj\u0161\u00ed dotazy o tom,&#8230;<\/p>\n","protected":false},"author":1,"featured_media":0,"parent":0,"menu_order":0,"comment_status":"closed","ping_status":"closed","template":"page-templates\/privacy-policy.php","meta":{"_acf_changed":false,"inline_featured_image":false,"footnotes":""},"class_list":["post-1216463","page","type-page","status-publish","hentry"],"acf":[],"_links":{"self":[{"href":"https:\/\/robin.jobs\/cz\/wp-json\/wp\/v2\/pages\/1216463","targetHints":{"allow":["GET"]}}],"collection":[{"href":"https:\/\/robin.jobs\/cz\/wp-json\/wp\/v2\/pages"}],"about":[{"href":"https:\/\/robin.jobs\/cz\/wp-json\/wp\/v2\/types\/page"}],"author":[{"embeddable":true,"href":"https:\/\/robin.jobs\/cz\/wp-json\/wp\/v2\/users\/1"}],"replies":[{"embeddable":true,"href":"https:\/\/robin.jobs\/cz\/wp-json\/wp\/v2\/comments?post=1216463"}],"version-history":[{"count":4,"href":"https:\/\/robin.jobs\/cz\/wp-json\/wp\/v2\/pages\/1216463\/revisions"}],"predecessor-version":[{"id":1255533,"href":"https:\/\/robin.jobs\/cz\/wp-json\/wp\/v2\/pages\/1216463\/revisions\/1255533"}],"wp:attachment":[{"href":"https:\/\/robin.jobs\/cz\/wp-json\/wp\/v2\/media?parent=1216463"}],"curies":[{"name":"wp","href":"https:\/\/api.w.org\/{rel}","templated":true}]}}