{"id":1216462,"date":"2021-06-08T14:40:38","date_gmt":"2021-06-08T12:40:38","guid":{"rendered":"https:\/\/robin.jobs\/cz\/privacy-policy-for-registered-users"},"modified":"2026-01-06T00:38:35","modified_gmt":"2026-01-05T23:38:35","slug":"privacy-policy-for-registered-users","status":"publish","type":"page","link":"https:\/\/robin.jobs\/cz\/privacy-policy-for-registered-users","title":{"rendered":"UAB\u00a0ROBIN JOBS Z\u00c1SADY OCHRANY OSOBN\u00cdCH \u00daDAJ\u016e PRO REGISTROVAN\u00c9 U\u017dIVATELE"},"content":{"rendered":"<p><span style=\"font-weight: 400;\">UAB\u00a0Robin Jobs se star\u00e1 o ochranu va\u0161ich osobn\u00edch \u00fadaj\u016f. Dodr\u017eujeme Obecn\u00e9 na\u0159\u00edzen\u00ed o ochran\u011b osobn\u00edch \u00fadaj\u016f Evropsk\u00e9 unie (GDPR &#8211; General Data Protection Regulation) a dal\u0161\u00ed z\u00e1kony chr\u00e1n\u00edc\u00ed va\u0161e osobn\u00ed \u00fadaje, kter\u00e9 sb\u00edr\u00e1me, vyu\u017e\u00edv\u00e1me a uchov\u00e1v\u00e1me v na\u0161\u00ed spole\u010dnosti.<\/span><\/p>\n<p>&nbsp;<\/p>\n<p><b>1. Jak m\u00e1m \u010d\u00edst tyto Z\u00e1sady ochrany osobn\u00edch \u00fadaj\u016f?<\/b><\/p>\n<p>&nbsp;<\/p>\n<p><span style=\"font-weight: 400;\">Tyto Z\u00e1sady ochrany osobn\u00edch \u00fadaj\u016f zodpov\u00ed kl\u00ed\u010dov\u00e9 ot\u00e1zky o tom jak sb\u00edr\u00e1me, pou\u017e\u00edv\u00e1me a ukl\u00e1d\u00e1me informace o v\u00e1s. V p\u0159\u00edpad\u011b, \u017ee m\u00e1te jak\u00e9koliv dotazy nebo je jak\u00e1koliv \u010d\u00e1st t\u011bchto Z\u00e1sad nejasn\u00e1, jsme p\u0159ipraveni v\u00e1m pomoci tak jak je pops\u00e1no v \u010dl\u00e1nku\u00a010 t\u011bchto Z\u00e1sad ochrany osobn\u00edch \u00fadaj\u016f. M\u011bjte pros\u00edm na pam\u011bti, \u017ee zm\u00ednka slova \u201cmy\u201d v t\u011bchto Z\u00e1sad\u00e1ch ochrany osobn\u00edch \u00fadaj\u016f znamen\u00e1 na\u0161i Spole\u010dnost jak je uvedeno ve \u010dl\u00e1nku\u00a02 Z\u00e1sad ochrany osobn\u00edch \u00fadaj\u016f.<\/span><\/p>\n<p>&nbsp;<\/p>\n<p><b>2. Kdo je zodpov\u011bdn\u00fd za ochranu m\u00fdch \u00fadaj\u016f?\u00a0<\/b><\/p>\n<p>&nbsp;<\/p>\n<p><span style=\"font-weight: 400;\">Jsme zodpov\u011bdn\u00ed za ochranu va\u0161ich osobn\u00edch \u00fadaj\u016f v rozsahu vzta\u017een\u00e9m k \u00fa\u010del\u016fm popsan\u00fdm v \u010dl\u00e1nku\u00a04 a odstavc\u00edch\u00a05-10 n\u00ed\u017ee:<\/span><\/p>\n<p><span style=\"font-weight: 400;\">My jsme\u00a0\u2013<\/span> <span style=\"font-weight: 400;\">UAB Robin Jobs;<\/span><\/p>\n<p><span style=\"font-weight: 400;\">Identifik\u00e1tor na\u0161\u00ed pr\u00e1vn\u00ed entity: 300659719;<\/span><\/p>\n<p><span style=\"font-weight: 400;\">Na\u0161e adresa: Naru\u010dio g. 3, Vilnius;<\/span><\/p>\n<p><span style=\"font-weight: 400;\">E-mail: finance@robin.jobs.<\/span><\/p>\n<p>&nbsp;<\/p>\n<p><b>3. Kdo je zodpov\u011bdn\u00fd za ochranu mnou poskytnut\u00fdch informac\u00ed po zvolen\u00ed pracovn\u00ed nab\u00eddky?<\/b><\/p>\n<p>&nbsp;<\/p>\n<p><span style=\"font-weight: 400;\">Poznamen\u00e1v\u00e1me, \u017ee my nejsme zam\u011bstnavatel hledaj\u00edc\u00ed zam\u011bstnance\u00a0\u2013 jsme agentura, tzn. jedna z agentur hledaj\u00edc\u00ed zam\u011bstnance za zam\u011bstnavatele. Kdy\u017e si zvol\u00edte pracovn\u00ed nab\u00eddku, kter\u00e1 v\u00e1s zaj\u00edm\u00e1 a sd\u011bl\u00edte n\u00e1m po\u017eadovan\u00e9 informace, fungujeme jako zpracovatel dat zam\u011bstnavatele (sb\u00edr\u00e1me \u00fadaje o potenci\u00e1ln\u00edch kandid\u00e1tech za zam\u011bstnavatele a sd\u011blujeme tyto informace umis\u0165uj\u00edc\u00ed agentu\u0159e v p\u0159\u00edm\u00e9m kontaktu se zam\u011bstnavatelem nebo p\u0159\u00edmo zam\u011bstnavateli). <\/span><b>Zodpov\u011bdnost za ochranu v\u00e1mi poskytnut\u00fdch \u00fadaj\u016f po zvolen\u00ed pracovn\u00ed nab\u00eddky kter\u00e1 v\u00e1s zaj\u00edm\u00e1 je nesena zam\u011bstnavatelem<\/b><span style=\"font-weight: 400;\">.\u00a0<\/span><\/p>\n<p>&nbsp;<\/p>\n<p><span style=\"font-weight: 400;\">Poznamen\u00e1v\u00e1me, \u017ee v mnoha p\u0159\u00edpadech nejsme jedin\u00e1 agentura, tak\u017ee va\u0161e \u00fadaje pro um\u00edst\u011bn\u00ed na pracovn\u00ed pozici mohou b\u00fdt sd\u011bleny jin\u00e9 agentu\u0159e a ne p\u0159\u00edmo zam\u011bstnavateli.\u00a0<\/span><\/p>\n<p>&nbsp;<\/p>\n<p><span style=\"font-weight: 400;\">V\u00edce informac\u00ed o tom, jak konkr\u00e9tn\u00ed zam\u011bstnavatel shroma\u017e\u010fuje, pou\u017e\u00edv\u00e1 a ukl\u00e1d\u00e1 va\u0161e \u00fadaje v z\u00e1sad\u00e1ch ochrany osobn\u00edch \u00fadaj\u016f zam\u011bstnavatele dostupn\u00fdch spole\u010dn\u011b s pracovn\u00ed nab\u00eddkou (zam\u011bstnavatel je zodpov\u011bdn\u00fd za shroma\u017e\u010fov\u00e1n\u00ed, pou\u017eit\u00ed a ukl\u00e1d\u00e1n\u00ed va\u0161ich \u00fadaj\u016f a za vyu\u017eit\u00ed agentur, stejn\u011b tak za jejich \u00fakony zahrnuj\u00edc\u00ed osobn\u00ed \u00fadaje). Z\u00e1sady tak\u00e9 pop\u00ed\u0161\u00ed akce, kter\u00e9 vykon\u00e1v\u00e1me za zam\u011bstnavatele.<\/span><\/p>\n<p>&nbsp;<\/p>\n<p><span style=\"font-weight: 400;\">Poznamen\u00e1v\u00e1me, \u017ee v roli agentury, sb\u00edr\u00e1me, pou\u017e\u00edv\u00e1me a ukl\u00e1d\u00e1me o v\u00e1s n\u00e1sleduj\u00edc\u00ed \u00fadaje:<\/span><\/p>\n<ul>\n<li style=\"font-weight: 400;\" aria-level=\"1\"><span style=\"font-weight: 400;\">kopii dokumentu prokazuj\u00edc\u00ed va\u0161i identitu;<\/span><\/li>\n<li style=\"font-weight: 400;\" aria-level=\"1\"><span style=\"font-weight: 400;\">\u010d\u00edslo bankovn\u00edho \u00fa\u010dtu;<\/span><\/li>\n<li style=\"font-weight: 400;\" aria-level=\"1\"><span style=\"font-weight: 400;\">va\u0161i adresu;<\/span><\/li>\n<li style=\"font-weight: 400;\" aria-level=\"1\"><span style=\"font-weight: 400;\">kopii va\u0161eho \u0159idi\u010dsk\u00e9ho pr\u016fkazu (pokud je poskytnuta);<\/span><\/li>\n<li style=\"font-weight: 400;\" aria-level=\"1\"><span style=\"font-weight: 400;\">v\u00e1\u0161 \u017eivotopis v angli\u010dtin\u011b;<\/span><\/li>\n<li style=\"font-weight: 400;\" aria-level=\"1\"><span style=\"font-weight: 400;\">podepsanou smlouvu o slu\u017eb\u00e1ch\u00a0\/ pracovn\u00ed smlouvu;<\/span><\/li>\n<li style=\"font-weight: 400;\" aria-level=\"1\"><span style=\"font-weight: 400;\">v\u00fdpis z rejst\u0159\u00edku trest\u016f;<\/span><\/li>\n<li style=\"font-weight: 400;\" aria-level=\"1\"><span style=\"font-weight: 400;\">holandsk\u00e9 \u010d\u00edslo soci\u00e1ln\u00edho zabezpe\u010den\u00ed (BSN) (pokud je poskytnuto; pokud je v\u00e1mi vybran\u00fd zam\u011bstnavatel v Holandsku);<\/span><\/li>\n<li style=\"font-weight: 400;\" aria-level=\"1\"><span style=\"font-weight: 400;\">dal\u0161\u00ed dokumenty kter\u00e9 n\u00e1m poskytnete.<\/span><\/li>\n<\/ul>\n<p>&nbsp;<\/p>\n<p><b>4. Pro\u010d o mn\u011b shroma\u017e\u010fujete \u00fadaje?<\/b><\/p>\n<p>&nbsp;<\/p>\n<p><span style=\"font-weight: 400;\">Shroma\u017e\u010fujeme, pou\u017e\u00edv\u00e1me a ukl\u00e1d\u00e1me va\u0161e \u00fadaje z n\u00e1sleduj\u00edc\u00edch d\u016fvod\u016f:<\/span><\/p>\n<ul>\n<li style=\"font-weight: 400;\" aria-level=\"1\"><span style=\"font-weight: 400;\">v\u00e1\u0161 \u00fa\u010det na na\u0161em webu\u00a0\u2013 kdy\u017e se registrujete na na\u0161em webu, souhlas\u00edte s t\u011bmito Z\u00e1sadami ochrany osobn\u00edch \u00fadaj\u016f a souhlas\u00edte s podm\u00ednkami smlouvy o poskytnut\u00ed slu\u017eeb pracovn\u00ed agentury, tak\u017ee pova\u017eujeme za to, \u017ee s n\u00e1mi uzav\u00edr\u00e1te smlouvu;<\/span><\/li>\n<li style=\"font-weight: 400;\" aria-level=\"1\"><span style=\"font-weight: 400;\">pro poskytnut\u00ed l\u00e9pe personalizovan\u00fdch slu\u017eeb\u00a0\u2013 kdy\u017e se registrujete na na\u0161em webu, poskytujete n\u00e1m r\u016fzn\u00e9 informace o sob\u011b a va\u0161ich pot\u0159eb\u00e1ch (nap\u0159. po\u017eadovan\u00e1 oblast pr\u00e1ce, preference pro pr\u00e1ci v zahrani\u010d\u00ed, atd.), kter\u00e9 nejsou povinn\u00e9 pro poskytov\u00e1n\u00ed na\u0161ich slu\u017eeb;<\/span><\/li>\n<li style=\"font-weight: 400;\" aria-level=\"1\"><span style=\"font-weight: 400;\">pro zas\u00edl\u00e1n\u00ed pracovn\u00edch nab\u00eddek e-mailem\u00a0\u2013 kdy\u017e se registrujete na na\u0161em webu, abychom v\u00e1m pomohli naj\u00edt vhodnou pracovn\u00ed nab\u00eddku co nejd\u0159\u00edve, budeme v\u00e1m pos\u00edlat pracovn\u00ed nab\u00eddky e-mailem 10 dn\u00ed po registraci;<\/span><\/li>\n<li style=\"font-weight: 400;\" aria-level=\"1\"><span style=\"font-weight: 400;\">pro ochranu na\u0161ich opr\u00e1vn\u011bn\u00fdch z\u00e1jm\u016f\u00a0\u2013 pokud by to bylo nutn\u00e9, m\u016f\u017eeme pou\u017e\u00edt va\u0161e osobn\u00ed \u00fadaje na ochranu na\u0161ich opr\u00e1vn\u011bn\u00fdch z\u00e1jm\u016f, v\u010detn\u011b reputace, u soud\u016f, u instituc\u00ed na \u0159e\u0161en\u00ed mimosoudn\u00edch spor\u016f a dal\u0161\u00edch odpov\u011bdn\u00fdch \u00fa\u0159ad\u016f.<\/span><\/li>\n<\/ul>\n<p>&nbsp;<\/p>\n<p><b>5. Jak\u00e9 informace o sob\u011b v\u00e1m m\u00e1m poskytnout?<\/b><\/p>\n<p>&nbsp;<\/p>\n<p><span style=\"font-weight: 400;\">Kdy\u017e se registrujete na na\u0161em webu, mus\u00edte poskytnout n\u00e1sleduj\u00edc\u00ed informace o v\u00e1s:<\/span><\/p>\n<ul>\n<li style=\"font-weight: 400;\" aria-level=\"1\"><span style=\"font-weight: 400;\">identifika\u010dn\u00ed \u00fadaje (jm\u00e9no, p\u0159\u00edjmen\u00ed, datum narozen\u00ed);<\/span><\/li>\n<li style=\"font-weight: 400;\" aria-level=\"1\"><span style=\"font-weight: 400;\">kontaktn\u00ed \u00fadaje (e-mailov\u00e1 adresa, telefonn\u00ed \u010d\u00edslo);<\/span><\/li>\n<li style=\"font-weight: 400;\" aria-level=\"1\"><span style=\"font-weight: 400;\">informace o va\u0161em pohlav\u00ed;<\/span><\/li>\n<li style=\"font-weight: 400;\" aria-level=\"1\"><span style=\"font-weight: 400;\">informace o \u00farovni va\u0161\u00ed znalosti angli\u010dtiny (\u017e\u00e1dn\u00e1, za\u010d\u00e1te\u010dn\u00edk nebo pokro\u010dil\u00fd);<\/span><\/li>\n<li style=\"font-weight: 400;\" aria-level=\"1\"><span style=\"font-weight: 400;\">informace o tom, jestli se pl\u00e1nujete do zahrani\u010d\u00ed p\u0159est\u011bhovat sami nebo s va\u0161\u00edm partnerem pot\u00e9, co z\u00edsk\u00e1te pracovn\u00ed nab\u00eddku.<\/span><\/li>\n<\/ul>\n<p>&nbsp;<\/p>\n<p><span style=\"font-weight: 400;\">Tak\u00e9 m\u016f\u017eete, ale nejste povinni, poskytnout o v\u00e1s n\u00e1sleduj\u00edc\u00ed \u00fadaje:<\/span><\/p>\n<ul>\n<li style=\"font-weight: 400;\" aria-level=\"1\"><span style=\"font-weight: 400;\">jestli m\u00e1te \u0159idi\u010dsk\u00fd pr\u016fkaz kategorie B;<\/span><\/li>\n<li style=\"font-weight: 400;\" aria-level=\"1\"><span style=\"font-weight: 400;\">fotografii;<\/span><\/li>\n<li style=\"font-weight: 400;\" aria-level=\"1\"><span style=\"font-weight: 400;\">po\u017eadovanou oblast pr\u00e1ce (nap\u0159. v\u00fdroba, slu\u017eby, zem\u011bd\u011blstv\u00ed, atd.);<\/span><\/li>\n<li style=\"font-weight: 400;\" aria-level=\"1\"><span style=\"font-weight: 400;\">informace o tom, jak brzy jste p\u0159ipraveni se p\u0159est\u011bhovat a za\u010d\u00edt pracovat v zahrani\u010d\u00ed;<\/span><\/li>\n<li style=\"font-weight: 400;\" aria-level=\"1\"><span style=\"font-weight: 400;\">informace o tom, co pova\u017eujete za v\u00fdhodu pr\u00e1ce v zahrani\u010d\u00ed.<\/span><\/li>\n<\/ul>\n<p>&nbsp;<\/p>\n<p><span style=\"font-weight: 400;\">Pokud n\u00e1m sd\u011bl\u00edte tyto informace, budeme v\u00e1m moci nab\u00eddnout pracovn\u00ed nab\u00eddky, kter\u00e9 l\u00e9pe odpov\u00eddaj\u00ed va\u0161im o\u010dek\u00e1v\u00e1n\u00edm.<\/span><\/p>\n<p>&nbsp;<\/p>\n<p><b>6. Jak\u00fd je pr\u00e1vn\u00ed z\u00e1klad pro sb\u011br informac\u00ed o mn\u011b?<\/b><\/p>\n<p>&nbsp;<\/p>\n<p><span style=\"font-weight: 400;\">Sb\u00edr\u00e1me a ukl\u00e1d\u00e1me informace dle z\u00e1kona a na n\u00e1sleduj\u00edc\u00edch z\u00e1kladech:<\/span><\/p>\n<ul>\n<li style=\"font-weight: 400;\" aria-level=\"1\"><span style=\"font-weight: 400;\">vytvo\u0159en\u00edm \u00fa\u010dtu na na\u0161em webu s n\u00e1mi vykon\u00e1v\u00e1te smlouvu (GDPR \u010cl\u00e1nek\u00a06(1)(b));<\/span><\/li>\n<li style=\"font-weight: 400;\" aria-level=\"1\"><span style=\"font-weight: 400;\">Kdy\u017e n\u00e1m poskytujete dodate\u010dn\u00e9 informace o v\u00e1s abychom v\u00e1m mohli poskytnout l\u00e9pe personalizovan\u00e9 nab\u00eddky, spol\u00e9h\u00e1me na v\u00e1\u0161 souhlas (GDPR \u010cl\u00e1nek\u00a06(1)(a));<\/span><\/li>\n<li style=\"font-weight: 400;\" aria-level=\"1\"><span style=\"font-weight: 400;\">m\u00e1me opr\u00e1vn\u011bn\u00fd z\u00e1jem chr\u00e1nit na\u0161e pr\u00e1va u soud\u016f a dal\u0161\u00edch \u00fa\u0159ad\u016f (GDPR \u010cl\u00e1nek\u00a06(1)(f));<\/span><\/li>\n<li style=\"font-weight: 400;\" aria-level=\"1\"><span style=\"font-weight: 400;\">Pro zas\u00edl\u00e1n\u00ed pracovn\u00edch nab\u00eddek e-mailem (GDPR \u010cl\u00e1nek\u00a06(1)(f)).<\/span><\/li>\n<\/ul>\n<p>&nbsp;<\/p>\n<p><b>7. Sd\u00edl\u00edte moje \u00fadaje s jin\u00fdmi entitami?<\/b><\/p>\n<p>&nbsp;<\/p>\n<p><span style=\"font-weight: 400;\">Va\u0161e \u00fadaje mohou b\u00fdt p\u0159eneseny:<\/span><\/p>\n<ul>\n<li style=\"font-weight: 400;\" aria-level=\"1\"><span style=\"font-weight: 400;\">na\u0161im poskytovatel\u016fm slu\u017eeb\u00a0\u2013 poskytovatel\u016fm komunikac\u00ed (e-mail), slu\u017eb\u00e1m pro ukl\u00e1d\u00e1n\u00ed dat, kte\u0159\u00ed nesou povinnosti d\u016fv\u011brnosti a zabezpe\u010den\u00ed podle legislativy upravuj\u00edc\u00ed ochranu osobn\u00edch \u00fadaj\u016f;<\/span><\/li>\n<li style=\"font-weight: 400;\" aria-level=\"1\"><span style=\"font-weight: 400;\">spole\u010dnostem poskytuj\u00edc\u00edm pr\u00e1vn\u00ed slu\u017eby a\/nebo pr\u00e1vn\u00edm spole\u010dnostem v rozsahu nutn\u00e9 pro zaji\u0161t\u011bn\u00ed na\u0161ich opr\u00e1vn\u011bn\u00fdch z\u00e1jm\u016f;<\/span><\/li>\n<li style=\"font-weight: 400;\" aria-level=\"1\"><span style=\"font-weight: 400;\">soud\u016fm, instituc\u00edm pro mimosoudn\u00ed \u0159e\u0161en\u00ed spor\u016f a dal\u0161\u00edm st\u00e1tn\u00edm \u00fa\u0159ad\u016fm, kdy\u017e je to nutn\u00e9 pro ochranu na\u0161ich pr\u00e1v;<\/span><\/li>\n<li style=\"font-weight: 400;\" aria-level=\"1\"><span style=\"font-weight: 400;\">soudn\u00edm vykonavatel\u016fm v rozsahu nezbytn\u00e9m k z\u00edsk\u00e1n\u00ed p\u0159iznan\u00fdch \u010d\u00e1stek.<\/span><\/li>\n<\/ul>\n<p>&nbsp;<\/p>\n<p><b>8. Jak dlouho uchov\u00e1v\u00e1te moje \u00fadaje?<\/b><\/p>\n<p>&nbsp;<\/p>\n<p><span style=\"font-weight: 400;\">Va\u0161e \u00fadaje budou ulo\u017eeny dle popisu n\u00ed\u017ee<\/span><span style=\"font-weight: 400;\">:<\/span><\/p>\n<ul>\n<li style=\"font-weight: 400;\" aria-level=\"1\"><span style=\"font-weight: 400;\">v\u00e1\u0161 \u00fa\u010det bude ulo\u017een po t\u0159i roky po posledn\u00edm p\u0159ihl\u00e1\u0161en\u00ed a po expiraci tohoto limitu bude automaticky smaz\u00e1n;<\/span><\/li>\n<li style=\"font-weight: 400;\" aria-level=\"1\"><span style=\"font-weight: 400;\">pro zas\u00edl\u00e1n\u00ed pracovn\u00edch nab\u00eddek, budou va\u0161e data pou\u017eita 10\u00a0dn\u00ed po registraci na na\u0161em webu;<\/span><\/li>\n<li style=\"font-weight: 400;\" aria-level=\"1\"><span style=\"font-weight: 400;\">dokumenty poskytnut\u00e9 soud\u016fm nebo dal\u0161\u00edm instituc\u00edm pro mimosoudn\u00ed \u0159e\u0161en\u00ed spor\u016f nebo instituc\u00edm pro v\u00fdkon pr\u00e1va budou ulo\u017eeny po 1\u00a0rok po fin\u00e1ln\u00edm rozhodnut\u00ed;<\/span><\/li>\n<li style=\"font-weight: 400;\" aria-level=\"1\"><span style=\"font-weight: 400;\">exeku\u010dn\u00ed p\u0159\u00edkazy soud\u016f a soudn\u00edch vykonavatel\u016f budou ulo\u017eeny po dobu 10 let po dokon\u010den\u00ed plateb.<\/span><\/li>\n<\/ul>\n<p>&nbsp;<\/p>\n<p><b>9. Jak\u00e1 m\u00e1m pr\u00e1va?<\/b><\/p>\n<p>&nbsp;<\/p>\n<p><span style=\"font-weight: 400;\">Abyste mohli vykonat jakoukoliv akci popsanou n\u00ed\u017ee, pros\u00edm kontaktujte n\u00e1s dle \u00fadaj\u016f v \u010dl\u00e1nku\u00a010. M\u011bjte pros\u00edm na pam\u011bti, \u017ee tato pr\u00e1va jsou p\u0159edm\u011btem z\u00e1konn\u00fdch podm\u00ednek a v\u00fdjimek:<\/span><\/p>\n<ul>\n<li aria-level=\"1\"><b>Pr\u00e1vo na vy\u017e\u00e1d\u00e1n\u00ed p\u0159\u00edstupu k informac\u00edm, kter\u00e9 o v\u00e1s m\u00e1me, pokud zpracov\u00e1v\u00e1me va\u0161e \u00fadaje, kter\u00e9 umo\u017e\u0148uj\u00ed va\u0161i osobn\u00ed identifikaci;<\/b><\/li>\n<\/ul>\n<ul>\n<li aria-level=\"1\"><b>Pr\u00e1vo na vy\u017e\u00e1d\u00e1n\u00ed \u00fapravy nebo dopln\u011bn\u00ed informac\u00ed, kter\u00e9 o v\u00e1s m\u00e1me;<\/b><\/li>\n<\/ul>\n<ul>\n<li aria-level=\"1\"><b>Pr\u00e1vo na vy\u017e\u00e1d\u00e1n\u00ed v\u00fdmazu va\u0161ich dat, kde:<br \/>\n&#8211; <\/b><b>jsou va\u0161e data zpracov\u00e1na na z\u00e1klad\u011b va\u0161eho souhlasu;<br \/>\n<\/b><b>&#8211; jsou va\u0161e data zpracov\u00e1na nez\u00e1konn\u011b;<br \/>\n<\/b><b>&#8211; jsou va\u0161e data zpracov\u00e1na na z\u00e1klad\u011b na\u0161eho opr\u00e1vn\u011bn\u00e9ho z\u00e1jmu kter\u00fd jste obdr\u017eeli;<\/b><\/li>\n<\/ul>\n<ul>\n<li aria-level=\"1\"><b>va\u0161e data ji\u017e nejsou nezbytn\u00e1 ve vztahu k \u00fa\u010del\u016fm, ke kter\u00fdm byla shrom\u00e1\u017ed\u011bna;<\/b><\/li>\n<\/ul>\n<ul>\n<li aria-level=\"1\"><b><b>m\u00e1me z\u00e1konnou povinnost vymazat va\u0161e data;<\/b><\/b>&nbsp;<\/li>\n<li aria-level=\"1\"><b>Pr\u00e1vo na vy\u017e\u00e1d\u00e1n\u00ed omezen\u00ed zpracov\u00e1n\u00ed informac\u00ed, kter\u00e9 o v\u00e1s dr\u017e\u00edme kdy\u017e budete rozporovat p\u0159esnost dat nebo nesouhlasit s jejich zpracov\u00e1n\u00edm, nesouhlasit s v\u00fdmazem nez\u00e1konn\u011b zpracovan\u00fdch dat o v\u00e1s, nebo kdy\u017e data pot\u0159ebujete pro zalo\u017een\u00ed, vyu\u017eit\u00ed nebo obranu proti pr\u00e1vn\u00edm n\u00e1rok\u016fm;<\/b><\/li>\n<\/ul>\n<ul>\n<li style=\"list-style-type: none;\"><\/li>\n<\/ul>\n<ul>\n<li aria-level=\"1\"><b>Pr\u00e1vo rozporovat sb\u011br, pou\u017eit\u00ed a uchov\u00e1n\u00ed va\u0161ich \u00fadaj\u016f v na\u0161\u00ed Spole\u010dnosti kde zpracov\u00e1v\u00e1me va\u0161e data na z\u00e1klad\u011b opr\u00e1vn\u011bn\u00e9ho z\u00e1jmu;<\/b><\/li>\n<\/ul>\n<ul>\n<li aria-level=\"1\"><b>Pr\u00e1vo vy\u017e\u00e1dat export va\u0161ich dat tam, kde jste n\u00e1m poskytli va\u0161e data ve strukturovan\u00e9m form\u00e1tu, obecn\u011b vyu\u017e\u00edvan\u00e9m form\u00e1tu a ud\u011blili souhlas ke zpracov\u00e1n\u00ed t\u011bchto dat nebo kde mus\u00edme zpracovat tato data pro v\u00fdkon na\u0161eho smluvn\u00edho vztahu s v\u00e1mi;<\/b><\/li>\n<\/ul>\n<ul>\n<li aria-level=\"1\"><b>Pr\u00e1vo na zad\u00e1n\u00ed st\u00ed\u017enosti St\u00e1tn\u00edmu inspektor\u00e1tu ochrany osobn\u00edch \u00fadaj\u016f (pro v\u00edce informac\u00ed se obra\u0165te na web <\/b><b>vdai.lrv.lt<\/b><b>).<\/b><\/li>\n<\/ul>\n<p>&nbsp;<\/p>\n<p><span style=\"font-weight: 400;\">Kdy\u017e se v\u00e1\u0161 po\u017eadavek na v\u00fd\u0161e zm\u00edn\u011bn\u00e9 akce t\u00fdk\u00e1 sb\u011bru, pou\u017eit\u00ed a ukl\u00e1d\u00e1n\u00ed va\u0161ich osobn\u00edch \u00fadaj\u016f pro \u00fa\u010del zam\u011bstn\u00e1n\u00ed u konkr\u00e9tn\u00edho zam\u011bstnavatele, to znamen\u00e1 tam kde p\u016fsob\u00edme jako agentura, v\u00e1\u0161 po\u017eadavek bude p\u0159esm\u011brov\u00e1n na zam\u011bstnavatele nebo jinou agenturu vyu\u017e\u00edvanou zam\u011bstnavatelem. Pokud neozna\u010d\u00edte konkr\u00e9tn\u00edho zam\u011bstnavatele ve va\u0161em po\u017eadavku, dostanete po\u017eadavek na tuto informaci od n\u00e1s.<\/span><\/p>\n<p>&nbsp;<\/p>\n<p><b>10. Jak mi m\u016f\u017eete pomoci?<\/b><\/p>\n<p>&nbsp;<\/p>\n<p><span style=\"font-weight: 400;\">Pokud byste m\u011bli jak\u00e9koliv dotazy, p\u0159ipom\u00ednky nebo st\u00ed\u017enosti ve vztahu k tomu, jak sb\u00edr\u00e1me, vyu\u017e\u00edv\u00e1me a ukl\u00e1d\u00e1me va\u0161e data, jsme p\u0159ipraveni v\u00e1m pomoci. Pokud byste pot\u0159ebovali jakoukoliv pomoc, kontaktujte n\u00e1s na e-mailu finance@robin.jobs.<\/span><\/p>\n","protected":false},"excerpt":{"rendered":"<p>UAB\u00a0Robin Jobs se star\u00e1 o ochranu va\u0161ich osobn\u00edch \u00fadaj\u016f. Dodr\u017eujeme Obecn\u00e9 na\u0159\u00edzen\u00ed o ochran\u011b osobn\u00edch \u00fadaj\u016f Evropsk\u00e9 unie (GDPR &#8211; General Data Protection Regulation) a dal\u0161\u00ed z\u00e1kony chr\u00e1n\u00edc\u00ed va\u0161e osobn\u00ed \u00fadaje, kter\u00e9 sb\u00edr\u00e1me, vyu\u017e\u00edv\u00e1me a uchov\u00e1v\u00e1me v na\u0161\u00ed spole\u010dnosti. &nbsp; 1. Jak m\u00e1m \u010d\u00edst tyto Z\u00e1sady ochrany osobn\u00edch \u00fadaj\u016f? &nbsp; Tyto Z\u00e1sady ochrany osobn\u00edch \u00fadaj\u016f&#8230;<\/p>\n","protected":false},"author":1,"featured_media":0,"parent":0,"menu_order":0,"comment_status":"closed","ping_status":"closed","template":"page-templates\/privacy-policy.php","meta":{"_acf_changed":false,"inline_featured_image":false,"footnotes":""},"class_list":["post-1216462","page","type-page","status-publish","hentry"],"acf":[],"_links":{"self":[{"href":"https:\/\/robin.jobs\/cz\/wp-json\/wp\/v2\/pages\/1216462","targetHints":{"allow":["GET"]}}],"collection":[{"href":"https:\/\/robin.jobs\/cz\/wp-json\/wp\/v2\/pages"}],"about":[{"href":"https:\/\/robin.jobs\/cz\/wp-json\/wp\/v2\/types\/page"}],"author":[{"embeddable":true,"href":"https:\/\/robin.jobs\/cz\/wp-json\/wp\/v2\/users\/1"}],"replies":[{"embeddable":true,"href":"https:\/\/robin.jobs\/cz\/wp-json\/wp\/v2\/comments?post=1216462"}],"version-history":[{"count":3,"href":"https:\/\/robin.jobs\/cz\/wp-json\/wp\/v2\/pages\/1216462\/revisions"}],"predecessor-version":[{"id":1255535,"href":"https:\/\/robin.jobs\/cz\/wp-json\/wp\/v2\/pages\/1216462\/revisions\/1255535"}],"wp:attachment":[{"href":"https:\/\/robin.jobs\/cz\/wp-json\/wp\/v2\/media?parent=1216462"}],"curies":[{"name":"wp","href":"https:\/\/api.w.org\/{rel}","templated":true}]}}