{"id":1216461,"date":"2021-06-08T14:40:38","date_gmt":"2021-06-08T12:40:38","guid":{"rendered":"https:\/\/robin.jobs\/cz\/privacy-policy-for-persons-submitting-inquiries-requests-complaints"},"modified":"2026-01-06T00:38:39","modified_gmt":"2026-01-05T23:38:39","slug":"privacy-policy-for-persons-submitting-inquiries-requests-complaints","status":"publish","type":"page","link":"https:\/\/robin.jobs\/cz\/privacy-policy-for-persons-submitting-inquiries-requests-complaints","title":{"rendered":"UAB\u00a0ROBIN JOBS Z\u00c1SADY OCHRANY OSOBN\u00cdCH \u00daDAJ\u016e PRO OSOBY ZAD\u00c1VAJ\u00cdC\u00cd DOTAZY, PO\u017dADAVKY, ST\u00cd\u017dNOSTI"},"content":{"rendered":"<p><b>Posledn\u00ed aktualizace: 2021-06-01<\/b><\/p>\n<p>&nbsp;<\/p>\n<p><span style=\"font-weight: 400;\">UAB\u00a0Robin Jobs se star\u00e1 o ochranu va\u0161ich osobn\u00edch \u00fadaj\u016f. Dodr\u017eujeme Obecn\u00e9 na\u0159\u00edzen\u00ed o ochran\u011b osobn\u00edch \u00fadaj\u016f Evropsk\u00e9 unie (GDPR &#8211; General Data Protection Regulation) a dal\u0161\u00ed z\u00e1kony chr\u00e1n\u00edc\u00ed va\u0161e osobn\u00ed \u00fadaje, kter\u00e9 sb\u00edr\u00e1me, vyu\u017e\u00edv\u00e1me a uchov\u00e1v\u00e1me v na\u0161\u00ed spole\u010dnosti.<\/span><\/p>\n<p>&nbsp;<\/p>\n<p><b>1. Jak m\u00e1m \u010d\u00edst tyto Z\u00e1sady ochrany osobn\u00edch \u00fadaj\u016f?<\/b><\/p>\n<p>&nbsp;<\/p>\n<p><span style=\"font-weight: 400;\">Tyto Z\u00e1sady ochrany osobn\u00edch \u00fadaj\u016f zodpov\u00ed kl\u00ed\u010dov\u00e9 ot\u00e1zky o tom jak sb\u00edr\u00e1me, pou\u017e\u00edv\u00e1me a ukl\u00e1d\u00e1me informace o v\u00e1s. V p\u0159\u00edpad\u011b, \u017ee m\u00e1te jak\u00e9koliv dotazy nebo je jak\u00e1koliv \u010d\u00e1st t\u011bchto Z\u00e1sad nejasn\u00e1, jsme p\u0159ipraveni v\u00e1m pomoci tak jak je pops\u00e1no v \u010dl\u00e1nku\u00a010 t\u011bchto Z\u00e1sad ochrany osobn\u00edch \u00fadaj\u016f. M\u011bjte pros\u00edm na pam\u011bti, \u017ee zm\u00ednka slova \u201cmy\u201d v t\u011bchto Z\u00e1sad\u00e1ch ochrany osobn\u00edch \u00fadaj\u016f znamen\u00e1 na\u0161i Spole\u010dnost jak je uvedeno ve \u010dl\u00e1nku\u00a02 Z\u00e1sad ochrany osobn\u00edch \u00fadaj\u016f.<\/span><\/p>\n<p>&nbsp;<\/p>\n<p><b>2. Kdo je zodpov\u011bdn\u00fd za ochranu m\u00fdch \u00fadaj\u016f?\u00a0<\/b><\/p>\n<p>&nbsp;<\/p>\n<p><span style=\"font-weight: 400;\">My jsme\u00a0\u2013<\/span> <span style=\"font-weight: 400;\">UAB Robin Jobs;<\/span><\/p>\n<p><span style=\"font-weight: 400;\">Identifik\u00e1tor na\u0161\u00ed pr\u00e1vn\u00ed entity: 300659719;<\/span><\/p>\n<p><span style=\"font-weight: 400;\">Na\u0161e adresa: Naru\u010dio g. 3, Vilnius;<\/span><\/p>\n<p><span style=\"font-weight: 400;\">E-mail: finance@robin.jobs<\/span><\/p>\n<p>&nbsp;<\/p>\n<p><b>3. Pro\u010d o mn\u011b shroma\u017e\u010fujete \u00fadaje?<\/b><\/p>\n<p>&nbsp;<\/p>\n<p><span style=\"font-weight: 400;\">Shroma\u017e\u010fujeme, pou\u017e\u00edv\u00e1me a ukl\u00e1d\u00e1me va\u0161e \u00fadaje z n\u00e1sleduj\u00edc\u00edch d\u016fvod\u016f:<\/span><\/p>\n<ul>\n<li style=\"font-weight: 400;\" aria-level=\"1\"><span style=\"font-weight: 400;\">abychom mohli zpracovat p\u0159\u00edchoz\u00ed dotazy, po\u017eadavky a st\u00ed\u017enosti a spr\u00e1vn\u00fdm zp\u016fsobem na n\u011b odpov\u011bd\u011bt;<\/span><\/li>\n<li style=\"font-weight: 400;\" aria-level=\"1\"><span style=\"font-weight: 400;\">m\u00e1me pr\u00e1vn\u00ed povinnost uchov\u00e1vat z\u00e1znamy aktivit Spole\u010dnosti;<\/span><\/li>\n<li style=\"font-weight: 400;\" aria-level=\"1\"><span style=\"font-weight: 400;\">pro ochranu na\u0161ich opr\u00e1vn\u011bn\u00fdch z\u00e1jm\u016f\u00a0\u2013 pokud by to bylo nutn\u00e9, m\u016f\u017eeme pou\u017e\u00edt va\u0161e osobn\u00ed \u00fadaje na ochranu na\u0161ich opr\u00e1vn\u011bn\u00fdch z\u00e1jm\u016f, v\u010detn\u011b reputace, u soud\u016f, u instituc\u00ed na \u0159e\u0161en\u00ed mimosoudn\u00edch spor\u016f a dal\u0161\u00edch odpov\u011bdn\u00fdch \u00fa\u0159ad\u016f.<\/span><\/li>\n<\/ul>\n<p>&nbsp;<\/p>\n<p><b>4. Jak\u00e9 informace v\u00e1m m\u00e1m poskytnout a pro\u010d?<\/b><\/p>\n<p>&nbsp;<\/p>\n<p><span style=\"font-weight: 400;\">P\u0159i zad\u00e1n\u00ed po\u017eadavku pomoc\u00ed kontaktn\u00ed e-mailov\u00e9 adresy zobrazen\u00e9 na webu, Po\u0161tou nebo jin\u00fdmi zp\u016fsoby komunikace, byste m\u011bli uv\u00e9st va\u0161e jm\u00e9no, p\u0159\u00edjmen\u00ed, e-mail nebo jin\u00e9 kontaktn\u00ed \u00fadaje, p\u0159edm\u011bt po\u017eadavku, a tak\u00e9 informace relevantn\u00ed pro tento po\u017eadavek. P\u0159i zad\u00e1n\u00ed va\u0161eho po\u017eadavku v\u00e1s m\u016f\u017eeme po\u017e\u00e1dat o dod\u00e1n\u00ed dal\u0161\u00edch informac\u00ed o v\u00e1s, abychom na v\u00e1\u0161 po\u017eadavek mohli spr\u00e1vn\u00fdm zp\u016fsobem odpov\u011bd\u011bt.<\/span><\/p>\n<p>&nbsp;<\/p>\n<p><b>5. Jak\u00fd je pr\u00e1vn\u00ed z\u00e1klad pro sb\u011br informac\u00ed o mn\u011b?<\/b><\/p>\n<p>&nbsp;<\/p>\n<p><span style=\"font-weight: 400;\">Sb\u00edr\u00e1me a ukl\u00e1d\u00e1me informace dle z\u00e1kona a na n\u00e1sleduj\u00edc\u00edch z\u00e1kladech:\u00a0<\/span><\/p>\n<ul>\n<li style=\"font-weight: 400;\" aria-level=\"1\"><span style=\"font-weight: 400;\">kdy\u017e n\u00e1m za\u0161lete dotaz, po\u017eadavek nebo st\u00ed\u017enost ohledn\u011b smlouvy mezi n\u00e1mi nebo popt\u00e1v\u00e1te smlouvu, tyto \u00fadaje jsou shrom\u00e1\u017ed\u011bny, abychom mohli vykon\u00e1vat nebo uzav\u0159\u00edt smlouvu (GDPR \u010cl\u00e1nek\u00a06(1)(b));<\/span><\/li>\n<li style=\"font-weight: 400;\" aria-level=\"1\"><span style=\"font-weight: 400;\">kdy\u017e n\u00e1m za\u0161lete dotaz, po\u017eadavek nebo st\u00ed\u017enost z jin\u00e9ho d\u016fvodu ne\u017e uzav\u0159en\u00ed nebo v\u00fdkon smlouvy, m\u00e1me opr\u00e1vn\u011bn\u00fd z\u00e1jem zpracovat tyto p\u0159\u00edchoz\u00ed po\u017eadavky (GDPR \u010cl\u00e1nek\u00a06(1)(f));<\/span><\/li>\n<li style=\"font-weight: 400;\" aria-level=\"1\"><span style=\"font-weight: 400;\">m\u00e1me pr\u00e1vn\u00ed z\u00e1vazek ukl\u00e1dat obdr\u017een\u00e9 dotazy, po\u017eadavky a st\u00ed\u017enosti (GDPR \u010cl\u00e1nek\u00a06(1)(c));<\/span><\/li>\n<li style=\"font-weight: 400;\" aria-level=\"1\"><span style=\"font-weight: 400;\">m\u00e1me opr\u00e1vn\u011bn\u00fd z\u00e1jem chr\u00e1nit na\u0161e pr\u00e1va u soud\u016f a dal\u0161\u00edch instituc\u00ed (GDPR \u010cl\u00e1nek\u00a06(1)(f)).<\/span><\/li>\n<\/ul>\n<p>&nbsp;<\/p>\n<p><b>6. Sb\u00edr\u00e1te o mn\u011b n\u011bjak\u00e9 citliv\u00e9 \u00fadaje?<\/b><\/p>\n<p>&nbsp;<\/p>\n<p><span style=\"font-weight: 400;\">Citliv\u00e9 \u00fadaje o v\u00e1s nejsou sb\u00edr\u00e1ny a, pokud nejsou relevantn\u00ed pro st\u00ed\u017enost, po\u017eadavek nebo dotaz kter\u00fd jste zadali nebo to pl\u00e1nujete, pros\u00edme, neuv\u00e1d\u011bjte tyto informace. Pokud n\u00e1m ov\u0161em takov\u00e9 informace poskytnete, m\u00e1me za to, \u017ee jste n\u00e1m ud\u011blili souhlas se zpracov\u00e1n\u00edm t\u011bchto \u00fadaj\u016f (GDPR <\/span><span style=\"font-weight: 400;\">\u010cl\u00e1nek<\/span><span style=\"font-weight: 400;\">\u00a09(2)(a)).<\/span><\/p>\n<p>&nbsp;<\/p>\n<p><b>7. Sd\u00edl\u00edte moje \u00fadaje s jin\u00fdmi entitami?<\/b><\/p>\n<p>&nbsp;<\/p>\n<p><span style=\"font-weight: 400;\">Va\u0161e \u00fadaje mohou b\u00fdt p\u0159eneseny:\u00a0<\/span><\/p>\n<ul>\n<li style=\"font-weight: 400;\" aria-level=\"1\"><span style=\"font-weight: 400;\">spole\u010dnostem poskytuj\u00edc\u00edm pr\u00e1vn\u00ed slu\u017eby a\/nebo pr\u00e1vn\u00edm spole\u010dnostem v rozsahu nutn\u00e9 pro zaji\u0161t\u011bn\u00ed na\u0161ich opr\u00e1vn\u011bn\u00fdch z\u00e1jm\u016f;<\/span><\/li>\n<li style=\"font-weight: 400;\" aria-level=\"1\"><span style=\"font-weight: 400;\">soudn\u00edm vykonavatel\u016fm v rozsahu nezbytn\u00e9m k z\u00edsk\u00e1n\u00ed p\u0159iznan\u00fdch \u010d\u00e1stek;<\/span><\/li>\n<li style=\"font-weight: 400;\" aria-level=\"1\"><span style=\"font-weight: 400;\">poskytovatel\u016fm na\u0161ich slu\u017eeb\u00a0\u2013 poskytovatel\u00e9 komunikac\u00ed (e-mail) a slu\u017eby pro ukl\u00e1d\u00e1n\u00ed dat.<\/span><\/li>\n<\/ul>\n<p>&nbsp;<\/p>\n<p><b>8. Jak dlouho uchov\u00e1v\u00e1te moje \u00fadaje?<\/b><\/p>\n<p>&nbsp;<\/p>\n<p><span style=\"font-weight: 400;\">Va\u0161e \u00fadaje budou ulo\u017eeny:<\/span><\/p>\n<ul>\n<li style=\"font-weight: 400;\" aria-level=\"1\"><span style=\"font-weight: 400;\">Pokud se v\u00e1\u0161 po\u017eadavek t\u00fdk\u00e1 smlouvy, kterou jsme uzav\u0159eli nebo pl\u00e1nujeme uzav\u0159\u00edt, va\u0161e \u00fadaje budou ulo\u017eeny 10 let po skon\u010den\u00ed smlouvy;<\/span><\/li>\n<li style=\"font-weight: 400;\" aria-level=\"1\"><span style=\"font-weight: 400;\">Pokud jste zadali st\u00ed\u017enost, po\u017eadavek nebo jin\u00fd dotaz, kter\u00fd nesouvis\u00ed s v\u00fdkonem smlouvy, uchov\u00e1me jej po 1\u00a0rok pot\u00e9, co je v na\u0161\u00ed Spole\u010dnosti provedeno rozhodnut\u00ed;<\/span><\/li>\n<li style=\"font-weight: 400;\" aria-level=\"1\"><span style=\"font-weight: 400;\">dokumenty zaslan\u00e9 soud\u016fm nebo jin\u00fdm rozhod\u010d\u00edm autorit\u00e1m nebo instituc\u00edm pro v\u00fdkon pr\u00e1va budou uchov\u00e1ny 1\u00a0rok po kone\u010dn\u00e9m rozhodnut\u00ed;<\/span><\/li>\n<li style=\"font-weight: 400;\" aria-level=\"1\"><span style=\"font-weight: 400;\">exeku\u010dn\u00ed p\u0159\u00edkazy soud\u016f a soudn\u00edch vykonavatel\u016f budou ulo\u017eeny po dobu 10 let po dokon\u010den\u00ed plateb.<\/span><\/li>\n<\/ul>\n<p>&nbsp;<\/p>\n<p><b>9. Jak\u00e9 akce mohu vykonat ohledn\u011b m\u00fdch \u00fadaj\u016f uchovan\u00fdch ve va\u0161\u00ed spole\u010dnosti?<\/b><\/p>\n<p>&nbsp;<\/p>\n<p><span style=\"font-weight: 400;\">Abyste mohli vykonat jakoukoliv akci popsanou n\u00ed\u017ee, pros\u00edm kontaktujte n\u00e1s dle \u00fadaj\u016f v \u010dl\u00e1nku\u00a010. M\u011bjte pros\u00edm na pam\u011bti, \u017ee tato pr\u00e1va jsou p\u0159edm\u011btem z\u00e1konn\u00fdch podm\u00ednek a v\u00fdjimek.<\/span><\/p>\n<ul>\n<li aria-level=\"1\"><b>Pr\u00e1vo na vy\u017e\u00e1d\u00e1n\u00ed p\u0159\u00edstupu k informac\u00edm, kter\u00e9 o v\u00e1s m\u00e1me, pokud zpracov\u00e1v\u00e1me va\u0161e \u00fadaje, kter\u00e9 umo\u017e\u0148uj\u00ed va\u0161i osobn\u00ed identifikaci;<\/b><\/li>\n<\/ul>\n<ul>\n<li aria-level=\"1\"><b>Pr\u00e1vo na vy\u017e\u00e1d\u00e1n\u00ed \u00fapravy nebo dopln\u011bn\u00ed informac\u00ed, kter\u00e9 o v\u00e1s m\u00e1me;<\/b><\/li>\n<\/ul>\n<ul>\n<li aria-level=\"1\"><b>Pr\u00e1vo na vy\u017e\u00e1d\u00e1n\u00ed v\u00fdmazu va\u0161ich dat, kde:<\/b><\/li>\n<\/ul>\n<ul>\n<li aria-level=\"1\"><b>jsou va\u0161e data zpracov\u00e1na na z\u00e1klad\u011b va\u0161eho souhlasu;<\/b><\/li>\n<\/ul>\n<ul>\n<li aria-level=\"1\"><b>jsou va\u0161e data zpracov\u00e1na nez\u00e1konn\u011b;<\/b><\/li>\n<\/ul>\n<ul>\n<li aria-level=\"1\"><b>jsou va\u0161e data zpracov\u00e1na na z\u00e1klad\u011b na\u0161eho opr\u00e1vn\u011bn\u00e9ho z\u00e1jmu kter\u00fd jste obdr\u017eeli;<\/b><\/li>\n<\/ul>\n<ul>\n<li aria-level=\"1\"><b>va\u0161e data ji\u017e nejsou nezbytn\u00e1 ve vztahu k \u00fa\u010del\u016fm, ke kter\u00fdm byla shrom\u00e1\u017ed\u011bna;<\/b><\/li>\n<\/ul>\n<ul>\n<li aria-level=\"1\"><b><b>m\u00e1me z\u00e1konnou povinnost vymazat va\u0161e data;<\/b><\/b>&nbsp;<\/li>\n<li aria-level=\"1\"><b>Pr\u00e1vo na vy\u017e\u00e1d\u00e1n\u00ed omezen\u00ed zpracov\u00e1n\u00ed informac\u00ed, kter\u00e9 o v\u00e1s dr\u017e\u00edme kdy\u017e budete rozporovat p\u0159esnost dat nebo nesouhlasit s jejich zpracov\u00e1n\u00edm, nesouhlasit s v\u00fdmazem nez\u00e1konn\u011b zpracovan\u00fdch dat o v\u00e1s, nebo kdy\u017e data pot\u0159ebujete pro zalo\u017een\u00ed, vyu\u017eit\u00ed nebo obranu proti pr\u00e1vn\u00edm n\u00e1rok\u016fm;<\/b><\/li>\n<\/ul>\n<ul>\n<li style=\"list-style-type: none;\"><\/li>\n<\/ul>\n<ul>\n<li aria-level=\"1\"><b>Pr\u00e1vo rozporovat sb\u011br, pou\u017eit\u00ed a uchov\u00e1n\u00ed va\u0161ich \u00fadaj\u016f v na\u0161\u00ed Spole\u010dnosti kde zpracov\u00e1v\u00e1me va\u0161e data na z\u00e1klad\u011b opr\u00e1vn\u011bn\u00e9ho z\u00e1jmu;<\/b><\/li>\n<\/ul>\n<ul>\n<li aria-level=\"1\"><b>Pr\u00e1vo vy\u017e\u00e1dat export va\u0161ich dat tam, kde jste n\u00e1m poskytli va\u0161e data ve strukturovan\u00e9m form\u00e1tu, obecn\u011b vyu\u017e\u00edvan\u00e9m form\u00e1tu a ud\u011blili souhlas ke zpracov\u00e1n\u00ed t\u011bchto dat nebo kde mus\u00edme zpracovat tato data pro v\u00fdkon na\u0161eho smluvn\u00edho vztahu s v\u00e1mi;<\/b><\/li>\n<\/ul>\n<ul>\n<li aria-level=\"1\"><b>Pr\u00e1vo kdykoliv odvolat souhlas, kter\u00fd jste n\u00e1m ud\u011blili ke zpracov\u00e1n\u00ed va\u0161ich osobn\u00edch \u00fadaj\u016f;<\/b><\/li>\n<\/ul>\n<ul>\n<li aria-level=\"1\"><b>Pr\u00e1vo na zad\u00e1n\u00ed st\u00ed\u017enosti St\u00e1tn\u00edmu inspektor\u00e1tu ochrany osobn\u00edch \u00fadaj\u016f (pro v\u00edce informac\u00ed se obra\u0165te na web <\/b><b>vdai.lrv.lt<\/b><b>).<\/b><\/li>\n<\/ul>\n<p><b><\/b><br \/>\n<b><\/b><\/p>\n<p><b>10. Jak mi m\u016f\u017eete pomoci?<\/b><\/p>\n<p>&nbsp;<\/p>\n<p><span style=\"font-weight: 400;\">Pokud byste m\u011bli jak\u00e9koliv dotazy, p\u0159ipom\u00ednky nebo st\u00ed\u017enosti ve vztahu k tomu, jak sb\u00edr\u00e1me, vyu\u017e\u00edv\u00e1me a ukl\u00e1d\u00e1me va\u0161e data, jsme p\u0159ipraveni v\u00e1m pomoci. Pokud byste pot\u0159ebovali jakoukoliv pomoc, kontaktujte n\u00e1s na e-mailu finance@robin.jobs.<\/span><\/p>\n","protected":false},"excerpt":{"rendered":"<p>Posledn\u00ed aktualizace: 2021-06-01 &nbsp; UAB\u00a0Robin Jobs se star\u00e1 o ochranu va\u0161ich osobn\u00edch \u00fadaj\u016f. Dodr\u017eujeme Obecn\u00e9 na\u0159\u00edzen\u00ed o ochran\u011b osobn\u00edch \u00fadaj\u016f Evropsk\u00e9 unie (GDPR &#8211; General Data Protection Regulation) a dal\u0161\u00ed z\u00e1kony chr\u00e1n\u00edc\u00ed va\u0161e osobn\u00ed \u00fadaje, kter\u00e9 sb\u00edr\u00e1me, vyu\u017e\u00edv\u00e1me a uchov\u00e1v\u00e1me v na\u0161\u00ed spole\u010dnosti. &nbsp; 1. Jak m\u00e1m \u010d\u00edst tyto Z\u00e1sady ochrany osobn\u00edch \u00fadaj\u016f? &nbsp; Tyto&#8230;<\/p>\n","protected":false},"author":1,"featured_media":0,"parent":0,"menu_order":0,"comment_status":"closed","ping_status":"closed","template":"page-templates\/privacy-policy.php","meta":{"_acf_changed":false,"inline_featured_image":false,"footnotes":""},"class_list":["post-1216461","page","type-page","status-publish","hentry"],"acf":[],"_links":{"self":[{"href":"https:\/\/robin.jobs\/cz\/wp-json\/wp\/v2\/pages\/1216461","targetHints":{"allow":["GET"]}}],"collection":[{"href":"https:\/\/robin.jobs\/cz\/wp-json\/wp\/v2\/pages"}],"about":[{"href":"https:\/\/robin.jobs\/cz\/wp-json\/wp\/v2\/types\/page"}],"author":[{"embeddable":true,"href":"https:\/\/robin.jobs\/cz\/wp-json\/wp\/v2\/users\/1"}],"replies":[{"embeddable":true,"href":"https:\/\/robin.jobs\/cz\/wp-json\/wp\/v2\/comments?post=1216461"}],"version-history":[{"count":3,"href":"https:\/\/robin.jobs\/cz\/wp-json\/wp\/v2\/pages\/1216461\/revisions"}],"predecessor-version":[{"id":1255536,"href":"https:\/\/robin.jobs\/cz\/wp-json\/wp\/v2\/pages\/1216461\/revisions\/1255536"}],"wp:attachment":[{"href":"https:\/\/robin.jobs\/cz\/wp-json\/wp\/v2\/media?parent=1216461"}],"curies":[{"name":"wp","href":"https:\/\/api.w.org\/{rel}","templated":true}]}}