{"id":1216460,"date":"2021-06-08T14:40:38","date_gmt":"2021-06-08T12:40:38","guid":{"rendered":"https:\/\/robin.jobs\/cz\/cookie-policy"},"modified":"2025-11-01T03:57:59","modified_gmt":"2025-11-01T02:57:59","slug":"cookie-policy","status":"publish","type":"page","link":"https:\/\/robin.jobs\/cz\/cookie-policy","title":{"rendered":"UAB\u00a0ROBIN JOBS Z\u00c1SADY PRO COOKIES"},"content":{"rendered":"<p>Posledn\u00ed aktualizace: 2021-06-01<\/p>\n<h3>1. Co je cookie?<\/h3>\n<p><span style=\"font-weight: 400;\">Cookies jsou mal\u00e9 textov\u00e9 soubory ulo\u017een\u00e9 v prohl\u00ed\u017ee\u010di na va\u0161em za\u0159\u00edzen\u00ed (nap\u0159. po\u010d\u00edta\u010d, mobiln\u00ed telefon, tablet) p\u0159i proch\u00e1zen\u00ed internetu. Ostatn\u00ed technologie, v\u010detn\u011b dat ulo\u017een\u00fdch ve va\u0161em prohl\u00ed\u017ee\u010di nebo za\u0159\u00edzen\u00ed, identifik\u00e1tory vzta\u017een\u00e9 k va\u0161emu za\u0159\u00edzen\u00ed a dal\u0161\u00ed software, jsou vyu\u017e\u00edv\u00e1ny pro podobn\u00e9 \u00fa\u010dely. Cookies jsou \u0161iroce vyu\u017e\u00edvan\u00e9 pro v\u00fdkon webu nebo ke zlep\u0161en\u00ed v\u00fdkonu a efektivity. V\u0161echny v\u00fd\u0161e zm\u00edn\u011bn\u00e9 technologie jsou v t\u011bchto Z\u00e1sad\u00e1ch d\u00e1le naz\u00fdv\u00e1ny jako \u201ccookies\u201d.\u00a0<\/span><\/p>\n<h3>2. Pro\u010d vyu\u017e\u00edv\u00e1te cookies?<\/h3>\n<p><span style=\"font-weight: 400;\">Vyu\u017e\u00edv\u00e1me cookies:<\/span><\/p>\n<ul>\n<li style=\"font-weight: 400;\" aria-level=\"1\"><span style=\"font-weight: 400;\">ke zlep\u0161ov\u00e1n\u00ed webu aby pro v\u00e1s byl atraktivn\u011bj\u0161\u00ed;<\/span><\/li>\n<li style=\"font-weight: 400;\" aria-level=\"1\"><span style=\"font-weight: 400;\">k monitorov\u00e1n\u00ed a anal\u00fdze trend\u016f n\u00e1v\u0161t\u011bv na webu;<\/span><\/li>\n<li style=\"font-weight: 400;\" aria-level=\"1\"><span style=\"font-weight: 400;\">k anal\u00fdze, jak spot\u0159ebitel\u00e9 vyu\u017e\u00edvaj\u00ed n\u00e1\u0161 web;<\/span><\/li>\n<li style=\"font-weight: 400;\" aria-level=\"1\"><span style=\"font-weight: 400;\">abychom zajistili spr\u00e1vnou funkci webu a jeho komponent;<\/span><\/li>\n<li style=\"font-weight: 400;\" aria-level=\"1\"><span style=\"font-weight: 400;\">abychom zefektivnili marketing;<\/span><\/li>\n<li style=\"font-weight: 400;\" aria-level=\"1\"><span style=\"font-weight: 400;\">abychom na na\u0161em webu uk\u00e1zali videa z YouTube;<\/span><\/li>\n<li style=\"font-weight: 400;\" aria-level=\"1\"><span style=\"font-weight: 400;\">abychom si pamatovali va\u0161i volbu jazyka webu;<\/span><\/li>\n<li style=\"font-weight: 400;\" aria-level=\"1\"><span style=\"font-weight: 400;\">abychom v\u00e1s informovali o cookies na na\u0161em webu spr\u00e1vn\u00fdm zp\u016fsobem.<\/span><\/li>\n<\/ul>\n<h3>3. Jak\u00e9 jsou typy cookies?<\/h3>\n<h4>a) Striktn\u011b nezbytn\u00e9 cookies<\/h4>\n<p><span style=\"font-weight: 400;\">Tyto cookies jsou na webu nezbytn\u00e9 k tomu, aby mohl u\u017eivatel web proch\u00e1zet a vyu\u017e\u00edvat jeho funkce, nap\u0159. Zapamatov\u00e1n\u00ed informac\u00ed vlo\u017een\u00fdch do formul\u00e1\u0159\u016f kdy\u017e se u\u017eivatel p\u0159esouv\u00e1 z jedn\u00e9 str\u00e1nky na druhou b\u011bhem sv\u00e9 n\u00e1v\u0161t\u011bvy. Bez striktn\u011b nezbytn\u00fdch cookies by n\u011bkter\u00e9 slu\u017eby webu nebyly mo\u017en\u00e9 a str\u00e1nka by nefungovala tak plynuje, jak by m\u011bla. Tyto cookies nesb\u00edraj\u00ed \u017e\u00e1dn\u00e9 \u00fadaje pro marketingov\u00e9 \u00fa\u010dely a nezaznamen\u00e1vaj\u00ed va\u0161e online n\u00e1v\u0161t\u011bvy.<\/span><\/p>\n<h4>b) Analytick\u00e9 cookies<\/h4>\n<p><span style=\"font-weight: 400;\">Analytick\u00e9 cookies sb\u00edraj\u00ed informace o vyu\u017eit\u00ed webu a pom\u00e1haj\u00ed zlep\u0161it jeho fungov\u00e1n\u00ed. Nap\u0159\u00edklad, analytick\u00e9 cookies m\u016f\u017eou uk\u00e1zat, kter\u00e9 str\u00e1nky jsou nej\u010dast\u011bji nav\u0161t\u011bvovan\u00e9, pomoci zachytit chyby d\u011bj\u00edc\u00ed se na webu nebo uk\u00e1zat, jestli je reklama na webu efektivn\u00ed. Analytick\u00e9 cookies nesb\u00edraj\u00ed osobn\u00ed \u00fadaje n\u00e1v\u0161t\u011bvn\u00edk\u016f a v\u0161echny informace sb\u00edran\u00e9 t\u011bmito cookies jsou agregovan\u00e9 a anonymn\u00ed.<\/span><\/p>\n<h4>c) Funk\u010dn\u00ed cookies<\/h4>\n<p><span style=\"font-weight: 400;\">Funk\u010dn\u00ed cookies webu si pamatuj\u00ed va\u0161e volby a nab\u00edzej\u00ed vylep\u0161en\u00e9 funkce v\u00edce p\u0159izp\u016fsoben\u00e9 va\u0161im pot\u0159eb\u00e1m. Funk\u010dn\u00ed cookies si tak\u00e9 pamatuj\u00ed zm\u011bny, kter\u00e9 ud\u011bl\u00e1te, nap\u0159. individu\u00e1ln\u00ed nastaven\u00ed na specifick\u00e9 str\u00e1nce, nebo v jin\u00fdch p\u0159\u00edpadech, nap\u0159. Kdy\u017e sledujete video nebo zanech\u00e1te koment\u00e1\u0159 na na\u0161em webu. Funk\u010dn\u00ed cookies nesleduj\u00ed va\u0161e akce na jin\u00fdch webech.<\/span><\/p>\n<h4>d) Reklamn\u00ed cookies<\/h4>\n<p><span style=\"font-weight: 400;\">Reklamn\u00ed cookies umo\u017e\u0148uj\u00ed prezentaci zaj\u00edmav\u011bj\u0161\u00edch reklam, kter\u00e9 l\u00e9pe odpov\u00eddaj\u00ed va\u0161im pot\u0159eb\u00e1m nebo omezen\u00ed reklam v r\u00e1mci reklamn\u00edch sad, kter\u00e9 jsou pro v\u00e1s ur\u010deny. Tento typ cookies je tak\u00e9 vyu\u017e\u00edv\u00e1n pro posouzen\u00ed efektivity kampan\u00ed. Tyto cookies mohou b\u00fdt vyu\u017eity pro zapamatov\u00e1n\u00ed toho, co jste na webu d\u011blali.<\/span><\/p>\n<h3>4. Jak\u00e9 cookies pou\u017e\u00edv\u00e1me?<\/h3>\n<p><span style=\"font-weight: 400;\">Na na\u0161em webu vyu\u017e\u00edv\u00e1me n\u00e1sleduj\u00edc\u00ed cookies:<\/span><\/p>\n<table>\n<tbody>\n<tr>\n<td><strong>KATEGORIE COOKIE<\/strong><\/td>\n<td><strong>N\u00c1ZEV COOKIE<\/strong><\/td>\n<td><strong>\u010cAS PLATNOSTI COOKIE<\/strong><\/td>\n<td><strong>\u00da\u010cEL COOKIE<\/strong><\/td>\n<\/tr>\n<tr>\n<td rowspan=\"2\"><span style=\"font-weight: 400;\">Analytick\u00e9 cookies<\/span><\/td>\n<td><span style=\"font-weight: 400;\">_ga<\/span><\/td>\n<td><span style=\"font-weight: 400;\">2\u00a0roky<\/span><\/td>\n<td rowspan=\"2\"><span style=\"font-weight: 400;\">Cookies od Google vyu\u017e\u00edvan\u00e9 ke sb\u011bru informac\u00ed o n\u00e1v\u0161t\u011bv\u00e1ch na webu a tom, jak na\u0161i n\u00e1v\u0161t\u011bvn\u00edci web vyu\u017e\u00edvaj\u00ed. Cookies sb\u00edraj\u00ed informace, jako po\u010det n\u00e1v\u0161t\u011bvn\u00edk\u016f webu, informace o webu ze kter\u00e9ho n\u00e1v\u0161t\u011bvn\u00edci p\u0159i\u0161li, str\u00e1nky nav\u0161t\u00edven\u00e9 na webu, prohl\u00ed\u017ee\u010d pou\u017eit\u00fd pro prohl\u00ed\u017een\u00ed, opera\u010dn\u00ed syst\u00e9m, atd.<\/span><\/td>\n<\/tr>\n<tr>\n<td><span style=\"font-weight: 400;\">_ga_xxxxxxxxxx<\/span><\/td>\n<td><span style=\"font-weight: 400;\">2\u00a0roky<\/span><\/td>\n<\/tr>\n<tr>\n<td rowspan=\"2\"><span style=\"font-weight: 400;\">Funk\u010dn\u00ed cookies<\/span><\/td>\n<td><span style=\"font-weight: 400;\">cookieBannerDisplayed<\/span><span style=\"font-weight: 400;\">\u00a0<\/span><\/td>\n<td><span style=\"font-weight: 400;\">Do skon\u010den\u00ed n\u00e1v\u0161t\u011bvy webu<\/span><\/td>\n<td><span style=\"font-weight: 400;\">Pro notifikaci o pou\u017e\u00edv\u00e1n\u00ed cookies.<\/span><\/td>\n<\/tr>\n<tr>\n<td><span style=\"font-weight: 400;\">public_lang<\/span><\/td>\n<td><span style=\"font-weight: 400;\">181\u00a0dn\u00ed<\/span><\/td>\n<td><span style=\"font-weight: 400;\">Pro zapamatov\u00e1n\u00ed zvolen\u00e9ho jazyka webu.<\/span><\/td>\n<\/tr>\n<tr>\n<td rowspan=\"15\"><span style=\"font-weight: 400;\">Reklamn\u00ed cookies<\/span><\/td>\n<td><span style=\"font-weight: 400;\">dpr<\/span><\/td>\n<td><span style=\"font-weight: 400;\">7 dn\u00ed<\/span><\/td>\n<td><span style=\"font-weight: 400;\">Cookie t\u0159et\u00ed strany Facebook k z\u00edsk\u00e1n\u00ed informac\u00ed o p\u0159ihl\u00e1\u0161en\u00e9m u\u017eivateli Facebooku. Souhlas s pou\u017e\u00edv\u00e1n\u00edm cookie je ud\u011blen skrze podm\u00ednky pro vyu\u017e\u00edv\u00e1n\u00ed Facebooku.<\/span><\/td>\n<\/tr>\n<tr>\n<td><span style=\"font-weight: 400;\">fr<\/span><\/td>\n<td><span style=\"font-weight: 400;\">90 dn\u00ed<\/span><\/td>\n<td><span style=\"font-weight: 400;\">Cookie t\u0159et\u00ed strany Facebook pro zobrazen\u00ed reklam, m\u011b\u0159en\u00ed reklamn\u00edch konverz\u00ed a pro zlep\u0161en\u00ed relevance reklam.<\/span><\/td>\n<\/tr>\n<tr>\n<td><span style=\"font-weight: 400;\">IDE<\/span><\/td>\n<td><span style=\"font-weight: 400;\">390 dn\u00ed<\/span><\/td>\n<td><span style=\"font-weight: 400;\">Cookie t\u0159et\u00ed strany DoubleClick pro zobrazov\u00e1n\u00ed Google reklam na webu jin\u00e9m ne\u017e Google. C\u00edlen\u00e9 reklamy jsou zobrazov\u00e1ny podle p\u0159edchoz\u00edch n\u00e1v\u0161t\u011bv na webu. Tyto cookies tak\u00e9 m\u011b\u0159\u00ed reklamn\u00ed konverze.<\/span><\/td>\n<\/tr>\n<tr>\n<td><span style=\"font-weight: 400;\">test_cookie<\/span><\/td>\n<td><span style=\"font-weight: 400;\">N\u011bkolik sekund<\/span><\/td>\n<td><span style=\"font-weight: 400;\">Cookie t\u0159et\u00ed strany DoubleClick pro identifikaci, jestli prohl\u00ed\u017ee\u010d pou\u017e\u00edvan\u00fd u\u017eivatelem podporuje cookies.<\/span><\/td>\n<\/tr>\n<tr>\n<td><span style=\"font-weight: 400;\">1P_JAR<\/span><\/td>\n<td><span style=\"font-weight: 400;\">30 dn\u00ed<\/span><\/td>\n<td rowspan=\"10\"><span style=\"font-weight: 400;\">Tyto cookies jsou ulo\u017eeny skrze nahran\u00e1 YouTube videa. Zaznamen\u00e1vaj\u00ed anonymn\u00ed statistick\u00e1 data, nap\u0159\u00edklad to, kolikr\u00e1t je video p\u0159ehr\u00e1no a jak\u00e1 nastaven\u00ed jsou pro p\u0159ehr\u00e1n\u00ed pou\u017eita. Nejsou sb\u00edr\u00e1ny \u017e\u00e1dn\u00e9 citliv\u00e9 \u00fadaje, pokud nejste p\u0159ihl\u00e1\u0161eni do va\u0161eho Google \u00fa\u010dtu, va\u0161e akce jsou spojeny s va\u0161\u00edm Google \u00fa\u010dtem, nap\u0159\u00edklad pokud kliknete na \u201cl\u00edb\u00ed se mi\u201d na videu.<\/span><\/p>\n<p><span style=\"font-weight: 400;\">Abyste z\u00edskali v\u00edce informac\u00ed, p\u0159e\u010dt\u011bte si <\/span><a href=\"https:\/\/policies.google.com\/privacy?hl=en-US\" target=\"_blank\" rel=\"noopener\"><span style=\"font-weight: 400;\">Z\u00e1sady ochrany osobn\u00edch \u00fadaj\u016f Google<\/span><\/a><span style=\"font-weight: 400;\">.<\/span><\/td>\n<\/tr>\n<tr>\n<td><span style=\"font-weight: 400;\">NID<\/span><\/td>\n<td><span style=\"font-weight: 400;\">6\u00a0m\u011bs\u00edc\u016f<\/span><\/td>\n<\/tr>\n<tr>\n<td><span style=\"font-weight: 400;\">__Secure-3PSIDCC<\/span><\/td>\n<td><span style=\"font-weight: 400;\">2\u00a0roky<\/span><\/td>\n<\/tr>\n<tr>\n<td><span style=\"font-weight: 400;\">__Secure-3PAPISID<\/span><\/td>\n<td><span style=\"font-weight: 400;\">2\u00a0roky<\/span><\/td>\n<\/tr>\n<tr>\n<td><span style=\"font-weight: 400;\">__Secure-3PSID<\/span><\/td>\n<td><span style=\"font-weight: 400;\">2\u00a0roky<\/span><\/td>\n<\/tr>\n<tr>\n<td><span style=\"font-weight: 400;\">CONSENT<\/span><\/td>\n<td><span style=\"font-weight: 400;\">200\u00a0m\u011bs\u00edc\u016f<\/span><\/td>\n<\/tr>\n<tr>\n<td><span style=\"font-weight: 400;\">GPS<\/span><\/td>\n<td><span style=\"font-weight: 400;\">30\u00a0minut<\/span><\/td>\n<\/tr>\n<tr>\n<td><span style=\"font-weight: 400;\">PREF<\/span><\/td>\n<td><span style=\"font-weight: 400;\">2\u00a0roky<\/span><\/td>\n<\/tr>\n<tr>\n<td><span style=\"font-weight: 400;\">VISITOR_INFO1_LIVE<\/span><\/td>\n<td><span style=\"font-weight: 400;\">6\u00a0m\u011bs\u00edc\u016f<\/span><\/td>\n<\/tr>\n<tr>\n<td><span style=\"font-weight: 400;\">YSC<\/span><\/td>\n<td><span style=\"font-weight: 400;\">Do skon\u010den\u00ed n\u00e1v\u0161t\u011bvy webu<\/span><\/td>\n<\/tr>\n<tr>\n<td><span style=\"font-weight: 400;\">_fbp<\/span><\/td>\n<td><span style=\"font-weight: 400;\">6\u00a0m\u011bs\u00edc\u016f<\/span><\/td>\n<td><span style=\"font-weight: 400;\">Cookie od Facebooku pou\u017e\u00edvan\u00e1 pro zobrazov\u00e1n\u00ed na\u0161ich reklam na Facebooku.<\/span><\/td>\n<\/tr>\n<\/tbody>\n<\/table>\n<h3>5. Jak m\u016f\u017eu kontrolovat cookies?<\/h3>\n<p><span style=\"font-weight: 400;\">M\u016f\u017eete kontrolovat vyu\u017eit\u00ed cookies zm\u011bnou nastaven\u00ed va\u0161eho webov\u00e9ho prohl\u00ed\u017ee\u010de. V\u00edce informac\u00ed naleznete na webu poskytovatele prohl\u00ed\u017ee\u010de, kter\u00fd pou\u017e\u00edv\u00e1te.<\/span><\/p>\n<p><span style=\"font-weight: 400;\">Pros\u00edm m\u011bjte na pam\u011bti, \u017ee v\u00fdmaz cookies nebo z\u00e1kaz cookies pro budouc\u00ed pou\u017eit\u00ed m\u016f\u017ee ud\u011blat n\u011bkter\u00e9 funkce na\u0161eho webu nedostupn\u00e9. Pokud zm\u011bn\u00edte nastaven\u00ed cookies, bude to m\u00edt vliv tak\u00e9 na dal\u0161\u00ed webov\u00e9 str\u00e1nky, kter\u00e9 nav\u0161t\u00edv\u00edte.<\/span><\/p>\n","protected":false},"excerpt":{"rendered":"<p>Posledn\u00ed aktualizace: 2021-06-01 1. Co je cookie? Cookies jsou mal\u00e9 textov\u00e9 soubory ulo\u017een\u00e9 v prohl\u00ed\u017ee\u010di na va\u0161em za\u0159\u00edzen\u00ed (nap\u0159. po\u010d\u00edta\u010d, mobiln\u00ed telefon, tablet) p\u0159i proch\u00e1zen\u00ed internetu. Ostatn\u00ed technologie, v\u010detn\u011b dat ulo\u017een\u00fdch ve va\u0161em prohl\u00ed\u017ee\u010di nebo za\u0159\u00edzen\u00ed, identifik\u00e1tory vzta\u017een\u00e9 k va\u0161emu za\u0159\u00edzen\u00ed a dal\u0161\u00ed software, jsou vyu\u017e\u00edv\u00e1ny pro podobn\u00e9 \u00fa\u010dely. Cookies jsou \u0161iroce vyu\u017e\u00edvan\u00e9 pro v\u00fdkon&#8230;<\/p>\n","protected":false},"author":1,"featured_media":0,"parent":0,"menu_order":0,"comment_status":"closed","ping_status":"closed","template":"page-templates\/privacy-policy.php","meta":{"_acf_changed":false,"inline_featured_image":false,"footnotes":""},"class_list":["post-1216460","page","type-page","status-publish","hentry"],"acf":[],"_links":{"self":[{"href":"https:\/\/robin.jobs\/cz\/wp-json\/wp\/v2\/pages\/1216460","targetHints":{"allow":["GET"]}}],"collection":[{"href":"https:\/\/robin.jobs\/cz\/wp-json\/wp\/v2\/pages"}],"about":[{"href":"https:\/\/robin.jobs\/cz\/wp-json\/wp\/v2\/types\/page"}],"author":[{"embeddable":true,"href":"https:\/\/robin.jobs\/cz\/wp-json\/wp\/v2\/users\/1"}],"replies":[{"embeddable":true,"href":"https:\/\/robin.jobs\/cz\/wp-json\/wp\/v2\/comments?post=1216460"}],"version-history":[{"count":4,"href":"https:\/\/robin.jobs\/cz\/wp-json\/wp\/v2\/pages\/1216460\/revisions"}],"predecessor-version":[{"id":1252092,"href":"https:\/\/robin.jobs\/cz\/wp-json\/wp\/v2\/pages\/1216460\/revisions\/1252092"}],"wp:attachment":[{"href":"https:\/\/robin.jobs\/cz\/wp-json\/wp\/v2\/media?parent=1216460"}],"curies":[{"name":"wp","href":"https:\/\/api.w.org\/{rel}","templated":true}]}}