{"id":1216459,"date":"2021-06-08T14:39:23","date_gmt":"2021-06-08T12:39:23","guid":{"rendered":"https:\/\/robin.jobs\/cz\/privacy-policy-for-website-visitors"},"modified":"2026-01-06T00:38:30","modified_gmt":"2026-01-05T23:38:30","slug":"privacy-policy-for-website-visitors","status":"publish","type":"page","link":"https:\/\/robin.jobs\/cz\/privacy-policy-for-website-visitors","title":{"rendered":"UAB\u00a0ROBIN JOBS Z\u00c1SADY OCHRANY OSOBN\u00cdCH \u00daDAJ\u016e PRO N\u00c1V\u0160T\u011aVN\u00cdKY WEBU\u00a0"},"content":{"rendered":"<p><b>Posledn\u00ed aktualizace: 2021-06-01<\/b><\/p>\n<p>&nbsp;<\/p>\n<p><span style=\"font-weight: 400;\">UAB Robin Jobs se star\u00e1 o ochranu va\u0161ich osobn\u00edch \u00fadaj\u016f. Dodr\u017eujeme Obecn\u00e9 na\u0159\u00edzen\u00ed o ochran\u011b osobn\u00edch \u00fadaj\u016f Evropsk\u00e9 unie (GDPR &#8211; General Data Protection Regulation) a dal\u0161\u00ed z\u00e1kony chr\u00e1n\u00edc\u00ed va\u0161e osobn\u00ed \u00fadaje, kter\u00e9 sb\u00edr\u00e1me, vyu\u017e\u00edv\u00e1me a uchov\u00e1v\u00e1me v na\u0161\u00ed spole\u010dnosti.<\/span><\/p>\n<p>&nbsp;<\/p>\n<p><b>1. Jak m\u00e1m \u010d\u00edst tyto Z\u00e1sady ochrany osobn\u00edch \u00fadaj\u016f?<\/b><\/p>\n<p>&nbsp;<\/p>\n<p><span style=\"font-weight: 400;\">Tyto Z\u00e1sady ochrany osobn\u00edch \u00fadaj\u016f zodpov\u00ed kl\u00ed\u010dov\u00e9 ot\u00e1zky o tom jak sb\u00edr\u00e1me, pou\u017e\u00edv\u00e1me a ukl\u00e1d\u00e1me informace o v\u00e1s. V p\u0159\u00edpad\u011b, \u017ee m\u00e1te jak\u00e9koliv dotazy nebo je jak\u00e1koliv \u010d\u00e1st t\u011bchto Z\u00e1sad nejasn\u00e1, jsme p\u0159ipraveni v\u00e1m pomoci tak jak je pops\u00e1no v \u010dl\u00e1nku\u00a010 t\u011bchto Z\u00e1sad ochrany osobn\u00edch \u00fadaj\u016f. M\u011bjte pros\u00edm na pam\u011bti, \u017ee zm\u00ednka slova \u201cmy\u201d v t\u011bchto Z\u00e1sad\u00e1ch ochrany osobn\u00edch \u00fadaj\u016f znamen\u00e1 na\u0161i Spole\u010dnost jak je uvedeno ve \u010dl\u00e1nku\u00a02 Z\u00e1sad ochrany osobn\u00edch \u00fadaj\u016f.<\/span><\/p>\n<p>&nbsp;<\/p>\n<p><b>2. Kdo je zodpov\u011bdn\u00fd za ochranu m\u00fdch \u00fadaj\u016f?\u00a0<\/b><\/p>\n<p>&nbsp;<\/p>\n<p><span style=\"font-weight: 400;\">My jsme\u00a0\u2013<\/span> <span style=\"font-weight: 400;\">UAB Robin Jobs;<\/span><\/p>\n<p><span style=\"font-weight: 400;\">Identifik\u00e1tor na\u0161\u00ed pr\u00e1vn\u00ed entity: 300659719;<\/span><\/p>\n<p><span style=\"font-weight: 400;\">Na\u0161e adresa: Naru\u010dio g. 3, Vilnius;<\/span><\/p>\n<p><span style=\"font-weight: 400;\">E-mail: finance@robin.jobs<\/span><\/p>\n<p>&nbsp;<\/p>\n<p><b>3. Pro\u010d o mn\u011b shroma\u017e\u010fujete data?<\/b><\/p>\n<p>&nbsp;<\/p>\n<p><span style=\"font-weight: 400;\">Poskytujeme ve\u0159ejn\u00fd p\u0159\u00edstup na webovou str\u00e1nku <\/span><a href=\"https:\/\/robin.jobs\/\"><span style=\"font-weight: 400;\">robin.jobs<\/span><\/a><span style=\"font-weight: 400;\">, podporujeme a vylep\u0161ujeme ji, a tak\u00e9 zaji\u0161\u0165ujeme spr\u00e1vn\u00e9 fungov\u00e1n\u00ed v\u0161ech jej\u00edch funkc\u00ed. Z t\u011bchto d\u016fvod\u016f vyu\u017e\u00edv\u00e1me cookies. V\u00edce informac\u00ed o cookies vyu\u017e\u00edvan\u00fdch na na\u0161em webu a jejich \u00fa\u010delu naleznete v <\/span><a href=\"https:\/\/docs.google.com\/document\/d\/11Ouobgv-Hg6ULR0HcTHV9lvbj2LkBBIt\/edit#bookmark=id.gjdgxs\" target=\"_blank\" rel=\"noopener\"><span style=\"font-weight: 400;\">Z\u00e1sad\u00e1ch pro Cookies<\/span><\/a><span style=\"font-weight: 400;\">.<\/span><\/p>\n<p>&nbsp;<\/p>\n<p><b>4. Jak\u00e9 informace o mn\u011b sb\u00edr\u00e1te, pou\u017e\u00edv\u00e1te a ukl\u00e1d\u00e1te?\u00a0<\/b><\/p>\n<p>&nbsp;<\/p>\n<p><span style=\"font-weight: 400;\">Kdy\u017e proch\u00e1z\u00edte na\u0161e Webov\u00e9 str\u00e1nky, pokud jste ud\u011blili souhlas s vyu\u017e\u00edv\u00e1n\u00edm analytick\u00fdch cookies, sb\u00edr\u00e1me z t\u011bchto cookies anonymn\u00ed data o v\u00fdvoji va\u0161eho proch\u00e1zen\u00ed na na\u0161em webu, va\u0161e demografick\u00e9 \u00fadaje, prohl\u00ed\u017ee\u010d pou\u017eit\u00fd pro proch\u00e1zen\u00ed a opera\u010dn\u00ed syst\u00e9m.<\/span><\/p>\n<p>&nbsp;<\/p>\n<p><span style=\"font-weight: 400;\">Nem\u016f\u017eeme vyu\u017e\u00edt cookies na va\u0161em <\/span><i><span style=\"font-weight: 400;\">Facebookov\u00e9m<\/span><\/i><span style=\"font-weight: 400;\"> \u00fa\u010dtu, jsou ale vyu\u017eity samotn\u00fdm Facebookem. V\u00edce informac\u00ed ohledn\u011b toho, jak <\/span><i><span style=\"font-weight: 400;\">Facebook<\/span><\/i><span style=\"font-weight: 400;\"> sb\u00edr\u00e1, pou\u017e\u00edv\u00e1 a ukl\u00e1d\u00e1 informace o v\u00e1s je dostupn\u00fdch na <\/span><a href=\"https:\/\/www.facebook.com\/policy.php\" target=\"_blank\" rel=\"noopener\"><span style=\"font-weight: 400;\">Z\u00e1sad\u00e1ch ochrany osobn\u00edch \u00fadaj\u016f Facebooku<\/span><\/a><span style=\"font-weight: 400;\">.<\/span><\/p>\n<p>&nbsp;<\/p>\n<p><b>5. Vyu\u017e\u00edv\u00e1te cookies?<\/b><\/p>\n<p>&nbsp;<\/p>\n<p><span style=\"font-weight: 400;\">Ano. Vyu\u017e\u00edv\u00e1me cookies, jak je detailn\u011b pops\u00e1no v <\/span><a href=\"https:\/\/docs.google.com\/document\/d\/11Ouobgv-Hg6ULR0HcTHV9lvbj2LkBBIt\/edit#bookmark=id.gjdgxs\" target=\"_blank\" rel=\"noopener\"><span style=\"font-weight: 400;\">Z\u00e1sad\u00e1ch pro Cookies<\/span><\/a><span style=\"font-weight: 400;\">.<\/span><\/p>\n<p>&nbsp;<\/p>\n<p><b>6. Jak\u00fd je pr\u00e1vn\u00ed z\u00e1klad pro sb\u011br informac\u00ed o mn\u011b?<\/b><\/p>\n<p>&nbsp;<\/p>\n<p><span style=\"font-weight: 400;\">Sb\u00edr\u00e1me o v\u00e1s \u00fadaje v souladu se z\u00e1konem na t\u011bchto z\u00e1kladech:<\/span><\/p>\n<ul>\n<li style=\"font-weight: 400;\" aria-level=\"1\"><span style=\"font-weight: 400;\">na z\u00e1klad\u011b na\u0161eho opr\u00e1vn\u011bn\u00e9ho z\u00e1jmu vyu\u017e\u00edt cookies, kter\u00e9 jsou nutn\u00e9 pro spr\u00e1vnou funkci webov\u00e9 str\u00e1nky a jej\u00edch dal\u0161\u00edch funkc\u00ed (GDPR \u010cl\u00e1nek\u00a06(1)(f));<\/span><\/li>\n<li style=\"font-weight: 400;\" aria-level=\"1\"><span style=\"font-weight: 400;\">na z\u00e1klad\u011b va\u0161eho souhlasu s vyu\u017eit\u00edm analytick\u00fdch a reklamn\u00edch cookies (GDPR \u010cl\u00e1nek\u00a06(1)(a)).<\/span><\/li>\n<\/ul>\n<p>&nbsp;<\/p>\n<p><b>7. Sd\u00edl\u00edte moje \u00fadaje s jin\u00fdmi entitami?<\/b><\/p>\n<p>&nbsp;<\/p>\n<p><span style=\"font-weight: 400;\">M\u016f\u017eeme sd\u00edlet informace s poskytovateli slu\u017eeb kte\u0159\u00ed n\u00e1m poskytuj\u00ed IT, \u00fadr\u017ebu webu a slu\u017eby podpory, poskytovateli slu\u017eeb cookies.<\/span><\/p>\n<p>&nbsp;<\/p>\n<p><b>8. Jak dlouho o mn\u011b uchov\u00e1v\u00e1te informace?<\/b><\/p>\n<p>&nbsp;<\/p>\n<p><span style=\"font-weight: 400;\">Informace spojen\u00e9 s cookies jsou uchov\u00e1v\u00e1ny podle <\/span><a href=\"https:\/\/docs.google.com\/document\/d\/11Ouobgv-Hg6ULR0HcTHV9lvbj2LkBBIt\/edit#bookmark=id.gjdgxs\" target=\"_blank\" rel=\"noopener\"><span style=\"font-weight: 400;\">Z\u00e1sad pro Cookies<\/span><\/a><span style=\"font-weight: 400;\">.<\/span><\/p>\n<p>&nbsp;<\/p>\n<p><b>9. Jak\u00e9 akce mohu vykonat ohledn\u011b m\u00fdch \u00fadaj\u016f uchovan\u00fdch ve va\u0161\u00ed spole\u010dnosti?<\/b><\/p>\n<p>&nbsp;<\/p>\n<p><span style=\"font-weight: 400;\">Abyste mohli vykonat jakoukoliv akci popsanou n\u00ed\u017ee, pros\u00edm kontaktujte n\u00e1s dle \u00fadaj\u016f v \u010dl\u00e1nku\u00a010. M\u011bjte pros\u00edm na pam\u011bti, \u017ee tato pr\u00e1va jsou p\u0159edm\u011btem z\u00e1konn\u00fdch podm\u00ednek a v\u00fdjimek.<\/span><\/p>\n<p>&nbsp;<\/p>\n<ul>\n<li aria-level=\"1\"><b>Pr\u00e1vo na vy\u017e\u00e1d\u00e1n\u00ed p\u0159\u00edstupu k informac\u00edm, kter\u00e9 o v\u00e1s m\u00e1me, pokud zpracov\u00e1v\u00e1me va\u0161e \u00fadaje, kter\u00e9 umo\u017e\u0148uj\u00ed va\u0161i osobn\u00ed identifikaci;<\/b><\/li>\n<\/ul>\n<ul>\n<li aria-level=\"1\"><b>Pr\u00e1vo na vy\u017e\u00e1d\u00e1n\u00ed \u00fapravy nebo dopln\u011bn\u00ed informac\u00ed, kter\u00e9 o v\u00e1s m\u00e1me;<\/b><\/li>\n<\/ul>\n<ul>\n<li aria-level=\"1\"><b>Pr\u00e1vo na vy\u017e\u00e1d\u00e1n\u00ed v\u00fdmazu va\u0161ich dat, kde:<br \/>\n<\/b><b>&#8211; jsou va\u0161e data zpracov\u00e1na na z\u00e1klad\u011b va\u0161eho souhlasu;<br \/>\n<\/b><b>&#8211; jsou va\u0161e data zpracov\u00e1na nez\u00e1konn\u011b;<br \/>\n<\/b><b>&#8211; jsou va\u0161e data zpracov\u00e1na na z\u00e1klad\u011b na\u0161eho opr\u00e1vn\u011bn\u00e9ho z\u00e1jmu kter\u00fd jste obdr\u017eeli;<\/b><\/li>\n<\/ul>\n<ul>\n<li aria-level=\"1\"><b>va\u0161e data ji\u017e nejsou nezbytn\u00e1 ve vztahu k \u00fa\u010del\u016fm, ke kter\u00fdm byla shrom\u00e1\u017ed\u011bna;<\/b><\/li>\n<\/ul>\n<ul>\n<li aria-level=\"1\"><b><b>m\u00e1me z\u00e1konnou povinnost vymazat va\u0161e data;<\/b><\/b>&nbsp;<\/li>\n<li aria-level=\"1\"><b>Pr\u00e1vo na vy\u017e\u00e1d\u00e1n\u00ed omezen\u00ed zpracov\u00e1n\u00ed informac\u00ed, kter\u00e9 o v\u00e1s dr\u017e\u00edme kdy\u017e budete rozporovat p\u0159esnost dat nebo nesouhlasit s jejich zpracov\u00e1n\u00edm, nesouhlasit s v\u00fdmazem nez\u00e1konn\u011b zpracovan\u00fdch dat o v\u00e1s, nebo kdy\u017e data pot\u0159ebujete pro zalo\u017een\u00ed, vyu\u017eit\u00ed nebo obranu proti pr\u00e1vn\u00edm n\u00e1rok\u016fm;<\/b><\/li>\n<\/ul>\n<ul>\n<li style=\"list-style-type: none;\"><\/li>\n<\/ul>\n<ul>\n<li aria-level=\"1\"><b>Pr\u00e1vo rozporovat sb\u011br, pou\u017eit\u00ed a uchov\u00e1n\u00ed va\u0161ich \u00fadaj\u016f v na\u0161\u00ed Spole\u010dnosti kde zpracov\u00e1v\u00e1me va\u0161e data na z\u00e1klad\u011b opr\u00e1vn\u011bn\u00e9ho z\u00e1jmu;<\/b><\/li>\n<\/ul>\n<ul>\n<li aria-level=\"1\"><b>Pr\u00e1vo vy\u017e\u00e1dat export va\u0161ich dat tam, kde jste n\u00e1m poskytli va\u0161e data ve strukturovan\u00e9m form\u00e1tu, obecn\u011b vyu\u017e\u00edvan\u00e9m form\u00e1tu a ud\u011blili souhlas ke zpracov\u00e1n\u00ed t\u011bchto dat nebo kde mus\u00edme zpracovat tato data pro v\u00fdkon na\u0161eho smluvn\u00edho vztahu s v\u00e1mi;<\/b><\/li>\n<\/ul>\n<ul>\n<li aria-level=\"1\"><b>Pr\u00e1vo kdykoliv odvolat souhlas, kter\u00fd jste n\u00e1m ud\u011blili ke zpracov\u00e1n\u00ed va\u0161ich osobn\u00edch \u00fadaj\u016f (m\u016f\u017eete to ud\u011blat zm\u011bnou nastaven\u00ed va\u0161eho prohl\u00ed\u017ee\u010de);<\/b><\/li>\n<\/ul>\n<ul>\n<li aria-level=\"1\"><b>Pr\u00e1vo na zad\u00e1n\u00ed st\u00ed\u017enosti St\u00e1tn\u00edmu inspektor\u00e1tu ochrany osobn\u00edch \u00fadaj\u016f (pro v\u00edce informac\u00ed se obra\u0165te na web <\/b><b>vdai.lrv.lt<\/b><b>).<\/b><\/li>\n<\/ul>\n<p><b><\/b><br \/>\n<b><\/b><\/p>\n<p><b>10. Jak mi m\u016f\u017eete pomoci?<\/b><\/p>\n<p>&nbsp;<\/p>\n<p><span style=\"font-weight: 400;\">Pokud byste m\u011bli jak\u00e9koliv dotazy, p\u0159ipom\u00ednky nebo st\u00ed\u017enosti ve vztahu k tomu, jak sb\u00edr\u00e1me, vyu\u017e\u00edv\u00e1me a ukl\u00e1d\u00e1me va\u0161e data, jsme p\u0159ipraveni v\u00e1m pomoci. Pokud byste pot\u0159ebovali jakoukoliv pomoc, kontaktujte n\u00e1s na e-mailu finance@robin.jobs.<\/span><\/p>\n","protected":false},"excerpt":{"rendered":"<p>Posledn\u00ed aktualizace: 2021-06-01 &nbsp; UAB Robin Jobs se star\u00e1 o ochranu va\u0161ich osobn\u00edch \u00fadaj\u016f. Dodr\u017eujeme Obecn\u00e9 na\u0159\u00edzen\u00ed o ochran\u011b osobn\u00edch \u00fadaj\u016f Evropsk\u00e9 unie (GDPR &#8211; General Data Protection Regulation) a dal\u0161\u00ed z\u00e1kony chr\u00e1n\u00edc\u00ed va\u0161e osobn\u00ed \u00fadaje, kter\u00e9 sb\u00edr\u00e1me, vyu\u017e\u00edv\u00e1me a uchov\u00e1v\u00e1me v na\u0161\u00ed spole\u010dnosti. &nbsp; 1. Jak m\u00e1m \u010d\u00edst tyto Z\u00e1sady ochrany osobn\u00edch \u00fadaj\u016f? &nbsp;&#8230;<\/p>\n","protected":false},"author":1,"featured_media":0,"parent":0,"menu_order":0,"comment_status":"closed","ping_status":"closed","template":"page-templates\/privacy-policy.php","meta":{"_acf_changed":false,"inline_featured_image":false,"footnotes":""},"class_list":["post-1216459","page","type-page","status-publish","hentry"],"acf":[],"_links":{"self":[{"href":"https:\/\/robin.jobs\/cz\/wp-json\/wp\/v2\/pages\/1216459","targetHints":{"allow":["GET"]}}],"collection":[{"href":"https:\/\/robin.jobs\/cz\/wp-json\/wp\/v2\/pages"}],"about":[{"href":"https:\/\/robin.jobs\/cz\/wp-json\/wp\/v2\/types\/page"}],"author":[{"embeddable":true,"href":"https:\/\/robin.jobs\/cz\/wp-json\/wp\/v2\/users\/1"}],"replies":[{"embeddable":true,"href":"https:\/\/robin.jobs\/cz\/wp-json\/wp\/v2\/comments?post=1216459"}],"version-history":[{"count":3,"href":"https:\/\/robin.jobs\/cz\/wp-json\/wp\/v2\/pages\/1216459\/revisions"}],"predecessor-version":[{"id":1255534,"href":"https:\/\/robin.jobs\/cz\/wp-json\/wp\/v2\/pages\/1216459\/revisions\/1255534"}],"wp:attachment":[{"href":"https:\/\/robin.jobs\/cz\/wp-json\/wp\/v2\/media?parent=1216459"}],"curies":[{"name":"wp","href":"https:\/\/api.w.org\/{rel}","templated":true}]}}