{"id":1200874,"date":"2019-11-29T14:51:47","date_gmt":"2019-11-29T11:51:47","guid":{"rendered":"https:\/\/robin.jobs\/cz\/?page_id=1200874"},"modified":"2021-06-16T11:57:16","modified_gmt":"2021-06-16T09:57:16","slug":"terms-and-conditions","status":"publish","type":"page","link":"https:\/\/robin.jobs\/cz\/terms-and-conditions","title":{"rendered":"Pravidla a podm\u00ednky"},"content":{"rendered":"<p align=\"JUSTIFY\"><span style=\"font-family: Times New Roman, serif;\"><span style=\"font-size: medium;\"><u>1. V\u00ddKLAD POJM\u016e<\/u><\/span><\/span><\/p>\n<p align=\"JUSTIFY\"><span style=\"font-family: Times New Roman, serif;\"><span style=\"font-size: medium;\">1.1. Poskytovatel slu\u017eeb \u2013 poskytovatel slu\u017eeb zprost\u0159edkov\u00e1n\u00ed pr\u00e1ce:<\/span><\/span><\/p>\n<p lang=\"en-US\" align=\"JUSTIFY\"><span style=\"color: #000000;\"><span style=\"font-size: medium;\">UAB \u2018Robin Jobs\u2019<\/span><\/span><\/p>\n<p lang=\"en-US\" align=\"JUSTIFY\"><span style=\"color: #000000;\"><span style=\"font-size: medium;\">Identifik\u00e1tor entity: 300659719<\/span><\/span><\/p>\n<p lang=\"en-US\" align=\"JUSTIFY\"><span style=\"color: #000000;\"><span style=\"font-size: medium;\">S\u00eddlo a adresa pro doru\u010dov\u00e1n\u00ed: Naru\u010dio str. 3, Vilnius<\/span><\/span><\/p>\n<p lang=\"en-US\" align=\"JUSTIFY\"><span style=\"color: #000000;\"><span style=\"font-size: medium;\">E-mail: <span lang=\"en-US\"><u><a href=\"mailto:finance@robin.jobs\">finance@robin.jobs<\/a><\/u><\/span>.<\/span><\/span><\/p>\n<p align=\"JUSTIFY\"><span style=\"font-family: Times New Roman, serif;\"><span style=\"font-size: medium;\">1.2. Klient \u2013 osoba zp\u016fsobil\u00e1 k pr\u00e1vn\u00edm \u00fakon\u016fm kter\u00e1 dos\u00e1hla dosp\u011bl\u00e9ho v\u011bku, jej\u00ed\u017e rozhodov\u00e1n\u00ed nen\u00ed omezeno p\u0159\u00edkazem soudu a kter\u00e1 potvrzuje zn\u011bn\u00ed smlouvy o poskytov\u00e1n\u00ed zprost\u0159edkov\u00e1n\u00ed pr\u00e1ce. <\/span><\/span><\/p>\n<p align=\"JUSTIFY\"><span style=\"font-family: Times New Roman, serif;\"><span style=\"font-size: medium;\">1.3. Zam\u011bstnavatel &#8211; Klient\u016fm p\u0159\u00edm\u00fd nebo potenci\u00e1ln\u00ed zam\u011bstnavatel nebo pracovn\u00ed agentura v zemi Evropsk\u00e9 unie se kter\u00fdm spolupracuje Poskytovatel slu\u017eeb.<\/span><\/span><\/p>\n<p align=\"JUSTIFY\"><span style=\"font-family: Times New Roman, serif;\"><span style=\"font-size: medium;\">1.4. Z\u00e1sady ochrany osobn\u00edch \u00fadaj\u016f &#8211; dokument schv\u00e1len\u00fd Poskytovatelem slu\u017eeb, kter\u00fd ustanovuje z\u00e1kladn\u00ed pravidla pro shroma\u017e\u010fov\u00e1n\u00ed, sb\u011br, zpracov\u00e1n\u00ed a ukl\u00e1d\u00e1n\u00ed osobn\u00edch \u00fadaj\u016f Klienta.<\/span><\/span><\/p>\n<p align=\"JUSTIFY\"><span style=\"font-family: Times New Roman, serif;\"><span style=\"font-size: medium;\">1.5. Smlouva \u2013 podm\u00ednky sou\u010dasn\u00e9 dohody na slu\u017eb\u00e1ch zprost\u0159edkov\u00e1n\u00ed pr\u00e1ce. <\/span><\/span><\/p>\n<p align=\"JUSTIFY\"><span style=\"font-family: Times New Roman, serif;\"><span style=\"font-size: medium;\"><u>2. P\u0158EDM\u011aT SMLOUVY<\/u><\/span><\/span><\/p>\n<p align=\"JUSTIFY\"><span style=\"font-family: Times New Roman, serif;\"><span style=\"font-size: medium;\">2.1. S p\u0159ihl\u00e9dnut\u00edm k podm\u00ednk\u00e1m Smlouvy, Poskytovatel slu\u017eeb se zavazuje poskytnout Klientovi slu\u017eby zprost\u0159edkov\u00e1n\u00ed pr\u00e1ce v konkr\u00e9tn\u00ed zemi Evropsk\u00e9 unie, a Klient se zavazuje poskytnout Poskytovateli slu\u017eeb spr\u00e1vn\u00e9 a p\u0159esn\u00e9 informace o sv\u00e9 osob\u011b jako\u017eto potenci\u00e1ln\u00edho zam\u011bstnance a \u0159\u00eddit se dal\u0161\u00edmi povinnostmi ur\u010den\u00fdmi ve Smlouv\u011b.<\/span><\/span><\/p>\n<p align=\"JUSTIFY\"><span style=\"font-family: Times New Roman, serif;\"><span style=\"font-size: medium;\"><u>3. Z\u00c1VAZKY POSKYTOVATELE SLU\u017dEB<\/u><\/span><\/span><\/p>\n<p align=\"JUSTIFY\"><span style=\"font-family: Times New Roman, serif;\"><span style=\"font-size: medium;\">3.1. Poskytovatel slu\u017eeb je povinen:<\/span><\/span><\/p>\n<p align=\"JUSTIFY\"><span style=\"font-family: Times New Roman, serif;\"><span style=\"font-size: medium;\">3.1.1. poskytnout Klientovi relevantn\u00ed informace o pracovn\u00edch p\u0159\u00edle\u017eitostech a podm\u00ednk\u00e1ch v konkr\u00e9tn\u00ed zemi Evropsk\u00e9 unie;<\/span><\/span><\/p>\n<p align=\"JUSTIFY\"><span style=\"font-family: Times New Roman, serif;\"><span style=\"font-size: medium;\">3.1.2. nab\u00eddnout Zam\u011bstnavateli Klientovu \u017e\u00e1dost jako\u017eto potenci\u00e1ln\u00edho zam\u011bstnance a informovat Klienta o z\u00e1jmech Zam\u011bstnavatele na \u017e\u00e1dosti Klienta;<\/span><\/span><\/p>\n<p align=\"JUSTIFY\"><span style=\"font-family: Times New Roman, serif;\"><span style=\"font-size: medium;\">3.1.3. p\u0159i p\u0159ijet\u00ed souhlasu Zam\u011bstnavatele se \u017e\u00e1dost\u00ed Klienta jej informovat o pracovn\u00edch podm\u00ednk\u00e1ch nab\u00edzen\u00fdch zam\u011bstnavatelem. <\/span><\/span><\/p>\n<p align=\"JUSTIFY\"><span style=\"font-family: Times New Roman, serif;\"><span style=\"font-size: medium;\"><u>4. Z\u00c1VAZKY KLIENTA <\/u><\/span><\/span><\/p>\n<p align=\"JUSTIFY\"><span style=\"font-family: Times New Roman, serif;\"><span style=\"font-size: medium;\">4.1. Klient je povinen:<\/span><\/span><\/p>\n<p align=\"JUSTIFY\"><span style=\"font-family: Times New Roman, serif;\"><span style=\"font-size: medium;\">4.1.1 ne pozd\u011bji ne\u017e v obdob\u00ed ur\u010den\u00e9m Poskytovatelem slu\u017eeb poskytnout Poskytovateli slu\u017eeb dokumenty po\u017eadovan\u00e9 Klientovu \u017e\u00e1dost pro Zam\u011bstnavatele a Klientovo zam\u011bstn\u00e1n\u00ed &#8211; kopii dokumentu identity Klienta (pas nebo ob\u010dansk\u00fd pr\u016fkaz), a tak\u00e9 \u00fapln\u00e9 a spr\u00e1vn\u00e9 informace, jako nap\u0159\u00edklad osobn\u00ed \u00fadaje Klienta uveden\u00e9 v Z\u00e1sad\u00e1ch ochrany osobn\u00edch \u00fadaj\u016f;<\/span><\/span><\/p>\n<p align=\"JUSTIFY\"><span style=\"font-family: Times New Roman, serif;\"><span style=\"font-size: medium;\">4.1.2. neprodlen\u011b informovat Poskytovatele slu\u017eeb o zm\u011bn\u00e1ch Klientov\u00fdch dokument\u016f identity (pas nebo ob\u010dansk\u00fd pr\u016fkaz), jin\u00fdch Klientov\u00fdch dat a\/nebo informac\u00ed poskytnut\u00fdch Poskytovateli slu\u017eeb pro \u00fa\u010del Klientovy \u017e\u00e1dosti Zam\u011bstnavateli a Klientovu zam\u011bstn\u00e1n\u00ed, jak je uvedeno v bod\u011b 4.1.1. Smlouvy; <\/span><\/span><\/p>\n<p align=\"JUSTIFY\"><span style=\"font-family: Times New Roman, serif;\"><span style=\"font-size: medium;\">4.1.3. pokud Poskytovatel slu\u017eeb najde vhodn\u00e9 pracovn\u00ed m\u00edsto pro Klienta, jde do c\u00edlov\u00e9 zem\u011b v r\u00e1mci Evropsk\u00e9 unie pracovat na sv\u00e9 vlastn\u00ed n\u00e1klady, pokud nen\u00ed s Poskytovatelem slu\u017eeb dohodnuto jinak;<\/span><\/span><\/p>\n<p align=\"JUSTIFY\"><span style=\"font-family: Times New Roman, serif;\"><span style=\"font-size: medium;\">4.1.4. informovat Poskytovatele slu\u017eeb o odm\u00edtnut\u00ed odcestovat na dohodnut\u00e9 m\u00edsto v\u00fdkonu pr\u00e1ce ne pozd\u011bji ne\u017e 48 hodin p\u0159ed pl\u00e1novanou dobou odjezdu (nap\u0159\u00edklad, pokud je odjezd do p\u0159edm\u011btn\u00e9 zem\u011b Evropsk\u00e9 unie country pl\u00e1nov\u00e1n na sobotu v 10 hodin dopoledne, mus\u00ed Klient informovat Poskytovatele slu\u017eeb o odm\u00edtnut\u00ed odcestovat na dohodnut\u00e9 m\u00edsto v\u00fdkonu pr\u00e1ce ne pozd\u011bji ne\u017e ve \u010dtvrtek v 10 hodin dopoledne toho sam\u00e9ho t\u00fddne).<\/span><\/span><\/p>\n<p align=\"JUSTIFY\"><span style=\"font-family: Times New Roman, serif;\"><span style=\"font-size: medium;\">4.1.5. p\u0159i cest\u011b do<\/span><\/span> <span style=\"font-family: Times New Roman, serif;\"><span style=\"font-size: medium;\">p\u0159edm\u011btn\u00e9 zem\u011b Evropsk\u00e9 unie, m\u00edt u sebe sv\u016fj dokument prokazuj\u00edc\u00ed identitu (pas nebo ob\u010dansk\u00fd pr\u016fkaz), kter\u00fd mus\u00ed b\u00fdt platn\u00fd alespo\u0148 6 m\u011bs\u00edc\u016f, po\u010d\u00ednaje ode dne p\u0159\u00edjezdu do zem\u011b Evropsk\u00e9 unie;<\/span><\/span><\/p>\n<p align=\"JUSTIFY\"><span style=\"font-family: Times New Roman, serif;\"><span style=\"font-size: medium;\">4.1.6. p\u0159i p\u0159\u00edjezdu do p\u0159edm\u011btn\u00e9 zem\u011b Evropsk\u00e9 unie a uzav\u0159en\u00ed pracovn\u00ed smlouvy se Zam\u011bstnavatelem, vykon\u00e1vat sv\u00e9 pracovn\u00ed funkce poctiv\u011b, v\u010das, p\u0159esn\u011b a profesion\u00e1ln\u011b, v souladu s pokyny Zam\u011bstnavatele, z\u00e1kony, vyhl\u00e1\u0161kami a profesn\u00edmi standardy a tak\u00e9 pravidly ur\u010den\u00fdmi Zam\u011bstnavatelem, v\u010detn\u011b pravidel postup\u016f.<\/span><\/span><\/p>\n<p align=\"JUSTIFY\"><span style=\"font-family: Times New Roman, serif;\"><span style=\"font-size: medium;\">4.2. Klient uv\u00e1d\u00ed a zaru\u010duje, \u017ee:<\/span><\/span><\/p>\n<p align=\"JUSTIFY\"><span style=\"font-family: Times New Roman, serif;\"><span style=\"font-size: medium;\">4.2.1. P\u0159i p\u0159ijet\u00ed pracovn\u00edch podm\u00ednek nab\u00eddnut\u00fdch Zam\u011bstnavatelem, jak je uvedeno v bod\u011b 3.1.3 Smlouvy, a souhlasem s nab\u00eddkou Zam\u011bstnavatele, Klient tak\u00e9 potvrzuje \u017ee spl\u0148uje v\u0161echny po\u017eadavky specifikovan\u00e9 v pracovn\u00ed nab\u00eddce Zam\u011bstnavatele nebo bude neprodlen\u011b informovat Poskytovatele slu\u017eeb o jak\u00fdchkoliv rozd\u00edlech k tomu vzta\u017een\u00fdch;<\/span><\/span><\/p>\n<p align=\"JUSTIFY\"><span style=\"font-family: Times New Roman, serif;\"><span style=\"font-size: medium;\">4.2.2. jak\u00e9koliv Klientovy z\u00e1vazky v\u016f\u010di t\u0159et\u00edm stran\u00e1m nejsou a nemohou b\u00fdt d\u016fvodem pro\u010d by Klient nemohl z\u00edskat pr\u00e1ci v p\u0159edm\u011btn\u00e9 zemi Evropsk\u00e9 unie, a tak\u00e9 nejsou \u017e\u00e1dn\u00e9 dal\u0161\u00ed d\u016fvody pro\u010d by Klient nemohl z\u00edskat pr\u00e1ci a pracovat v p\u0159edm\u011btn\u00e9 zemi Evropsk\u00e9 unie;<\/span><\/span><\/p>\n<p align=\"JUSTIFY\"><span style=\"font-family: Times New Roman, serif;\"><span style=\"font-size: medium;\">4.2.3. ve\u0161ker\u00e9 informace poskytnut\u00e9 Poskytovateli slu\u017eeb Klientem pod sou\u010dasnou Smlouvou a p\u0159ilo\u017een\u00e9 dokumenty a\/nebo jejich kopie jsou \u00fapln\u00e9 a spr\u00e1vn\u00e9. <\/span><\/span><\/p>\n<p align=\"JUSTIFY\"><span style=\"font-family: Times New Roman, serif;\"><span style=\"font-size: medium;\">4.3. Klient si je v\u011bdom a rozum\u00ed, \u017ee Poskytovatel slu\u017eeb nevykon\u00e1v\u00e1 \u017e\u00e1dn\u00e9 funkce Zam\u011bstnavatele (nevstupuje do pracovn\u00ed smlouvy s Klientem, nespravuje a nezakl\u00e1d\u00e1 Klient\u016fv pracovn\u00ed a odpo\u010dinkov\u00fd re\u017eim, neaplikuje k\u00e1ze\u0148sk\u00e9 sankce, nezakl\u00e1d\u00e1 pracovn\u00ed standardy a pravidla, nevyhodnocuje v\u00fdsledky Klientovy pr\u00e1ce, nem\u016f\u017ee najmout nebo propustit Klienta, nevykon\u00e1v\u00e1 \u017e\u00e1dn\u00e9 dal\u0161\u00ed akce a\/nebo funkce vykon\u00e1van\u00e9 Zam\u011bstnavatelem), tzn. Dle Smlouvy, Poskytovatel slu\u017eeb poskytuje Klientovi slu\u017eby zprost\u0159edkov\u00e1n\u00ed pr\u00e1ce m\u00edsto slu\u017eeb zam\u011bstn\u00e1v\u00e1n\u00ed, bez toho ani\u017e by si od Klienta bral jakoukoliv odm\u011bnu; tak\u017ee Poskytovatel slu\u017eeb nep\u0159ej\u00edm\u00e1 \u017e\u00e1dnou zodpov\u011bdnost a neru\u010d\u00ed za to, \u017ee:<\/span><\/span><\/p>\n<p align=\"JUSTIFY\"><span style=\"font-family: Times New Roman, serif;\"><span style=\"font-size: medium;\">4.3.1. Klient bude zam\u011bstn\u00e1n Zam\u011bstnavatelem i po obdr\u017een\u00ed schv\u00e1len\u00ed \u017e\u00e1dosti o pr\u00e1ci od Zam\u011bstnavatele;<\/span><\/span><\/p>\n<p align=\"JUSTIFY\"><span style=\"font-family: Times New Roman, serif;\"><span style=\"font-size: medium;\">4.3.2. Klient zam\u011bstnan\u00fd u Zam\u011bstnavatele bude pracovat na pln\u00fd \u00favazek, tzn. 8 hodin za pracovn\u00ed den, 40 hodin za t\u00fdden (Zam\u011bstnavatel ur\u010d\u00ed za\u010d\u00e1tek a konec pracovn\u00ed doby a p\u0159est\u00e1vky);<\/span><\/span><\/p>\n<p align=\"JUSTIFY\"><span style=\"font-family: Times New Roman, serif;\"><span style=\"font-size: medium;\">4.3.3. Klient bude pracovat v p\u0159edm\u011btn\u00e9 zemi Evropsk\u00e9 unie po ur\u010denou dobu (nap\u0159\u00edklad, na rok, na m\u011bs\u00edc).<\/span><\/span><\/p>\n<p align=\"JUSTIFY\"><span style=\"font-family: Times New Roman, serif;\"><span style=\"font-size: medium;\">4.4. Klient rozum\u00ed, \u017ee v\u00fdsledky jeho pr\u00e1ce v r\u00e1mci smlouvy o zam\u011bstn\u00e1n\u00ed uzav\u0159en\u00e9 se Zam\u011bstnavatelem budou vyhodnocov\u00e1ny pouze Zam\u011bstnavatelem, a Poskytovatel slu\u017eeb se nebude \u00fa\u010dastnit t\u011bchto vyhodnocen\u00ed a nebude na n\u011b m\u00edt \u017e\u00e1dn\u00fd vliv.<\/span><\/span><\/p>\n<p align=\"JUSTIFY\"><span style=\"font-family: Times New Roman, serif;\"><span style=\"font-size: medium;\"><u>5. DAL\u0160\u00cd USTANOVEN\u00cd<\/u><\/span><\/span><\/p>\n<p align=\"JUSTIFY\"><span style=\"font-family: Times New Roman, serif;\"><span style=\"font-size: medium;\">5.1. Poskytovatel slu\u017eeb nem\u016f\u017ee b\u00fdt zodpov\u011bdn\u00fd Klientovi za \u017e\u00e1dn\u00e9 ztr\u00e1ty a\/nebo v\u00fddaje ve spojen\u00ed se vztahem mezi Klientem a Zam\u011bstnavatelem a \u00fakony a rozhodnut\u00ed Zam\u011bstnavatele v\u016f\u010di Klientovi, v\u010detn\u011b n\u00e1klad\u016f stanoven\u00fdch v bod\u011b 4.1.3. Smlouvy. <\/span><\/span><\/p>\n<p align=\"JUSTIFY\"><span style=\"font-family: Times New Roman, serif;\"><span style=\"font-size: medium;\">5.2. Smluvn\u00ed strany nejsou zodpov\u011bdn\u00e9 za nevykon\u00e1n\u00ed nebo ne\u00fapln\u00e9 vykon\u00e1n\u00ed Smlouvy vzhledem k okolnostem zp\u016fsoben\u00fdm vy\u0161\u0161\u00ed moc\u00ed (<\/span><\/span><span style=\"font-family: Times New Roman, serif;\"><span style=\"font-size: medium;\"><i>force majeure)<\/i><\/span><\/span><span style=\"font-family: Times New Roman, serif;\"><span style=\"font-size: medium;\">.<\/span><\/span><\/p>\n<p align=\"JUSTIFY\"><span style=\"font-family: Times New Roman, serif;\"><span style=\"font-size: medium;\">5.3. Smlouva je \u00fa\u010dinn\u00e1 momentem jej\u00edho schv\u00e1len\u00ed kdy\u017e Klient za\u0161krtne pole \u2018P\u0159e\u010detl\/a jsem a souhlas\u00edm s podm\u00ednkami Smlouvy o zaji\u0161t\u011bn\u00ed slu\u017eeb zprost\u0159edkov\u00e1n\u00ed pr\u00e1ce\u2019. Takto schv\u00e1len\u00e1 Smlouva je pr\u00e1vn\u011b z\u00e1vazn\u00fdm dokumentem mezi Klientem a Poskytovatelem slu\u017eeb. <\/span><\/span><\/p>\n<p align=\"JUSTIFY\"><span style=\"font-family: Times New Roman, serif;\"><span style=\"font-size: medium;\">5.4. Smlouva je platn\u00e1 do \u00fapln\u00e9ho napln\u011bn\u00ed povinnost\u00ed smluvn\u00edch stran dle Smlouvy.<\/span><\/span><\/p>\n<p align=\"JUSTIFY\"><span style=\"font-family: Times New Roman, serif;\"><span style=\"font-size: medium;\">5.5. Smluvn\u00ed strany maj\u00ed pr\u00e1vo ukon\u010dit Smlouvu spole\u010dnou p\u00edsemnou dohodou nebo jednostrann\u011b informov\u00e1n\u00edm druh\u00e9 Strany psanou formou (v\u010detn\u011b e-mailu) 2 (dva) pracovn\u00ed dny p\u0159edem.<\/span><\/span><\/p>\n<p align=\"JUSTIFY\"><span style=\"font-family: Times New Roman, serif;\"><span style=\"font-size: medium;\">5.6. Ve\u0161ker\u00e9 spory mezi Stranami budou rozhodnuty dohodou Stran a v p\u0159\u00edpad\u011b ne\u00fasp\u011bchu p\u0159i hled\u00e1n\u00ed dohody \u2013 v souladu s postupy udan\u00fdmi pr\u00e1vn\u00ed \u00fapravou Litevsk\u00e9 republiky. <\/span><\/span><\/p>\n<p align=\"JUSTIFY\"><span style=\"font-family: Times New Roman, serif;\"><span style=\"font-size: medium;\">5.7.<\/span><\/span> <span style=\"font-family: Times New Roman, serif;\"><span style=\"font-size: medium;\">Smlouva byla uzav\u0159ena, bude vykl\u00e1d\u00e1na a ve\u0161ker\u00e9 spory mezi stranami budou \u0159e\u0161eny v souladu s pr\u00e1vn\u00edmi p\u0159edpisy Litevsk\u00e9 republiky.<\/span><\/span><\/p>\n","protected":false},"excerpt":{"rendered":"<p>1. V\u00ddKLAD POJM\u016e 1.1. Poskytovatel slu\u017eeb \u2013 poskytovatel slu\u017eeb zprost\u0159edkov\u00e1n\u00ed pr\u00e1ce: UAB \u2018Robin Jobs\u2019 Identifik\u00e1tor entity: 300659719 S\u00eddlo a adresa pro doru\u010dov\u00e1n\u00ed: Naru\u010dio str. 3, Vilnius E-mail: finance@robin.jobs. 1.2. Klient \u2013 osoba zp\u016fsobil\u00e1 k pr\u00e1vn\u00edm \u00fakon\u016fm kter\u00e1 dos\u00e1hla dosp\u011bl\u00e9ho v\u011bku, jej\u00ed\u017e rozhodov\u00e1n\u00ed nen\u00ed omezeno p\u0159\u00edkazem soudu a kter\u00e1 potvrzuje zn\u011bn\u00ed smlouvy o poskytov\u00e1n\u00ed zprost\u0159edkov\u00e1n\u00ed pr\u00e1ce&#8230;.<\/p>\n","protected":false},"author":13,"featured_media":0,"parent":0,"menu_order":0,"comment_status":"closed","ping_status":"closed","template":"","meta":{"_acf_changed":false,"inline_featured_image":false,"footnotes":""},"class_list":["post-1200874","page","type-page","status-publish","hentry"],"acf":[],"_links":{"self":[{"href":"https:\/\/robin.jobs\/cz\/wp-json\/wp\/v2\/pages\/1200874","targetHints":{"allow":["GET"]}}],"collection":[{"href":"https:\/\/robin.jobs\/cz\/wp-json\/wp\/v2\/pages"}],"about":[{"href":"https:\/\/robin.jobs\/cz\/wp-json\/wp\/v2\/types\/page"}],"author":[{"embeddable":true,"href":"https:\/\/robin.jobs\/cz\/wp-json\/wp\/v2\/users\/13"}],"replies":[{"embeddable":true,"href":"https:\/\/robin.jobs\/cz\/wp-json\/wp\/v2\/comments?post=1200874"}],"version-history":[{"count":6,"href":"https:\/\/robin.jobs\/cz\/wp-json\/wp\/v2\/pages\/1200874\/revisions"}],"predecessor-version":[{"id":1217525,"href":"https:\/\/robin.jobs\/cz\/wp-json\/wp\/v2\/pages\/1200874\/revisions\/1217525"}],"wp:attachment":[{"href":"https:\/\/robin.jobs\/cz\/wp-json\/wp\/v2\/media?parent=1200874"}],"curies":[{"name":"wp","href":"https:\/\/api.w.org\/{rel}","templated":true}]}}