{"id":1195786,"date":"2019-05-21T14:34:22","date_gmt":"2019-05-21T11:34:22","guid":{"rendered":"https:\/\/robin.jobs\/cz\/?page_id=1195786"},"modified":"2025-10-09T17:47:16","modified_gmt":"2025-10-09T15:47:16","slug":"job-offers-abroad","status":"publish","type":"page","link":"https:\/\/robin.jobs\/cz\/nabidky-prace","title":{"rendered":"Voln\u00e9 pozice v zahrani\u010d\u00ed"},"content":{"rendered":"<p>Hled\u00e1te atraktivn\u00ed nab\u00eddku pr\u00e1ce v zahrani\u010d\u00ed? Robin m\u00e1 v tuto chv\u00edli v nab\u00eddce 76 pracovn\u00edch m\u00edst v zahrani\u010d\u00ed v <a href=\"https:\/\/robin.jobs\/cz\/prace-v-holandsku\">Holandsku<\/a>, <a href=\"https:\/\/robin.jobs\/cz\/prace-v-nemecku\">N\u011bmecku<\/a> a <a href=\"https:\/\/robin.jobs\/cz\/prace-v-belgii\">Belgii<\/a>. M\u00e1te k dispozici \u0161irokou \u0161k\u00e1lu pracovn\u00edch m\u00edst a nez\u00e1le\u017e\u00ed na tom, zda jste p\u00e1r nebo jste sami, mluv\u00edte anglicky nebo znalosti angli\u010dtiny nem\u00e1te.<br \/>\n<!--more--><\/p>\n<p>Odchod za prac\u00ed do zahrani\u010d\u00ed v\u00e1m umo\u017en\u00ed nejen u\u0161et\u0159it pen\u00edze do budoucna, ale tak\u00e9 v\u00e1m pom\u016f\u017ee roz\u0161\u00ed\u0159it si obzory a vybudovat si mezin\u00e1rodn\u00ed vztahy. Nez\u00e1le\u017e\u00ed na tom, zda hled\u00e1te do\u010dasnou nebo dlouhodobou pr\u00e1ci, hled\u00e1te-li pr\u00e1ci samostatn\u011b nebo ve dvojici, dostanete nab\u00eddku pr\u00e1ce v zahrani\u010d\u00ed.<\/p>\n<p>Z\u00edsk\u00e1n\u00ed pr\u00e1ce v zahrani\u010d\u00ed pomoc\u00ed Robin v\u00e1m umo\u017en\u00ed vybrat si spole\u010dn\u011b s na\u0161\u00edm n\u00e1bor\u00e1\u0159em mezi voln\u00fdmi m\u00edsty od 25 r\u016fzn\u00fdch pracovn\u00edch agentur, kter\u00e9 p\u016fsob\u00ed v <a href=\"https:\/\/robin.jobs\/cz\/prace-v-nemecku\">N\u011bmecku<\/a>, <a href=\"https:\/\/robin.jobs\/cz\/prace-v-holandsku\">Holandsku<\/a> a <a href=\"https:\/\/robin.jobs\/cz\/prace-v-belgii\">Belgii<\/a>. Spole\u010dn\u011b s Robin si vyberete pr\u00e1ci s ubytov\u00e1n\u00edm v zemi, kter\u00e1 vyhovuje va\u0161im pot\u0159eb\u00e1<\/p>\n<h2>Velk\u00e9 mno\u017estv\u00ed voln\u00fdch pracovn\u00edch m\u00edst v zahrani\u010d\u00ed<\/h2>\n<p>Hled\u00e1te to spr\u00e1vn\u00e9 pracovn\u00ed m\u00edsto v zahrani\u010d\u00ed? V N\u011bmecku, Holandsku a Belgii m\u00e1me k dispozici r\u016fzn\u00e9 pracovn\u00ed p\u0159\u00edle\u017eitosti. Pokud jste nad\u0161en\u00ed do pr\u00e1ce v zahrani\u010d\u00ed, ale nem\u00e1te pon\u011bt\u00ed o tom, do kter\u00e9 zem\u011b byste cht\u011bli j\u00edt, zkontrolujte si, kter\u00e1 zem\u011b v EU je nejlep\u0161\u00ed pro pr\u00e1ci v zahrani\u010d\u00ed v roce 2025.<\/p>\n<p>Ur\u010dit\u011b se v zahrani\u010d\u00ed najdou pracovn\u00ed m\u00edsta, kter\u00e1 nab\u00edzej\u00ed to, co hled\u00e1te. Nez\u00e1le\u017e\u00ed na tom, zda hled\u00e1te pr\u00e1ci jako student, nebo hled\u00e1te kvalifikovanou pr\u00e1ci na stavb\u00e1ch nebo jako mont\u00e1\u017en\u00ed pracovn\u00edk. Projd\u011bte si voln\u00e1 m\u00edsta v zahrani\u010d\u00ed, kter\u00e1 jsou v tuto chv\u00edli k dispozici, a zkuste po\u017e\u00e1dat o m\u00edsto, kter\u00e9 vyhovuje va\u0161im aktu\u00e1ln\u00edm pot\u0159eb\u00e1m!<\/p>\n","protected":false},"excerpt":{"rendered":"<p>Hled\u00e1te atraktivn\u00ed nab\u00eddku pr\u00e1ce v zahrani\u010d\u00ed? Robin m\u00e1 v tuto chv\u00edli v nab\u00eddce 76 pracovn\u00edch m\u00edst v zahrani\u010d\u00ed v Holandsku, N\u011bmecku a Belgii. M\u00e1te k dispozici \u0161irokou \u0161k\u00e1lu pracovn\u00edch m\u00edst a nez\u00e1le\u017e\u00ed na tom, zda jste p\u00e1r nebo jste sami, mluv\u00edte anglicky nebo znalosti angli\u010dtiny nem\u00e1te.<\/p>\n","protected":false},"author":1,"featured_media":1200617,"parent":0,"menu_order":0,"comment_status":"closed","ping_status":"closed","template":"page-templates\/vacancy-archive.php","meta":{"_acf_changed":false,"inline_featured_image":false,"footnotes":""},"class_list":["post-1195786","page","type-page","status-publish","has-post-thumbnail","hentry"],"acf":[],"_links":{"self":[{"href":"https:\/\/robin.jobs\/cz\/wp-json\/wp\/v2\/pages\/1195786","targetHints":{"allow":["GET"]}}],"collection":[{"href":"https:\/\/robin.jobs\/cz\/wp-json\/wp\/v2\/pages"}],"about":[{"href":"https:\/\/robin.jobs\/cz\/wp-json\/wp\/v2\/types\/page"}],"author":[{"embeddable":true,"href":"https:\/\/robin.jobs\/cz\/wp-json\/wp\/v2\/users\/1"}],"replies":[{"embeddable":true,"href":"https:\/\/robin.jobs\/cz\/wp-json\/wp\/v2\/comments?post=1195786"}],"version-history":[{"count":4,"href":"https:\/\/robin.jobs\/cz\/wp-json\/wp\/v2\/pages\/1195786\/revisions"}],"predecessor-version":[{"id":1228414,"href":"https:\/\/robin.jobs\/cz\/wp-json\/wp\/v2\/pages\/1195786\/revisions\/1228414"}],"wp:featuredmedia":[{"embeddable":true,"href":"https:\/\/robin.jobs\/cz\/wp-json\/wp\/v2\/media\/1200617"}],"wp:attachment":[{"href":"https:\/\/robin.jobs\/cz\/wp-json\/wp\/v2\/media?parent=1195786"}],"curies":[{"name":"wp","href":"https:\/\/api.w.org\/{rel}","templated":true}]}}